{"id":147669,"date":"2026-02-12T13:13:02","date_gmt":"2026-02-12T12:13:02","guid":{"rendered":"https:\/\/poppers-online.ch\/produkt\/rush-black-fire-poppers-10ml\/"},"modified":"2026-02-13T17:29:36","modified_gmt":"2026-02-13T16:29:36","slug":"rush-black-fire-poppers-10ml","status":"publish","type":"product","link":"https:\/\/poppers-online.ch\/fr\/produit\/rush-black-fire-poppers-10ml\/","title":{"rendered":"Rush Black Fire Poppers 10ml"},"content":{"rendered":"","protected":false},"excerpt":{"rendered":"<p data-start=\"116\" data-end=\"244\"><strong data-start=\"116\" data-end=\"148\">Rush Black Fire Poppers 10ml<\/strong> r\u00e9veille le feu en toi et quand le moment est venu, la devise est : <strong data-start=\"222\" data-end=\"241\">\u00ab\u00a0Fire the Shot\u00a0\u00bb.<\/strong><\/p>\n<p data-start=\"246\" data-end=\"557\">Une petite bille dans le flacon permet au Poppers de rester frais plus longtemps apr\u00e8s l&rsquo;ouverture. Elle lie les mol\u00e9cules d&rsquo;eau et l&rsquo;oxyg\u00e8ne, car les Poppers pr\u00e9f\u00e8rent l&rsquo;air sec \u00e0 l&rsquo;humidit\u00e9. Une bille d\u00e9sint\u00e9gr\u00e9e n&rsquo;est pas un probl\u00e8me &#8211; au contraire, elle montre qu&rsquo;elle a fait son travail.  <\/p>\n<p data-start=\"559\" data-end=\"736\">Le flacon en verre classique de 10ml a un filetage de taille S. Avec une intensit\u00e9 de 5 sur 6, <strong data-start=\"647\" data-end=\"679\">Rush Black Fire Poppers 10ml<\/strong> te fournit exactement le coup de fouet dont tu as besoin pour des moments intenses.<\/p>\n","protected":false},"featured_media":147658,"comment_status":"open","ping_status":"closed","template":"","meta":{"_acf_changed":false,"iawp_total_views":25,"_glsr_average":0,"_glsr_ranking":0,"_glsr_reviews":0},"product_brand":[],"product_cat":[1046,78],"product_tag":[],"class_list":{"0":"post-147669","1":"product","2":"type-product","3":"status-publish","4":"has-post-thumbnail","6":"product_cat-poppers","7":"product_cat-petits-flacons","8":"pa_booster-cap-gewindegroesse-pour-taille-de-filetage-small","9":"pa_flaschenform-rond-petit","10":"pa_inhalt-10ml","11":"pa_inhaltsstoffe-nitrite-de-pentyle","12":"pa_staerke-90","14":"first","15":"instock","16":"taxable","17":"shipping-taxable","18":"purchasable","19":"product-type-simple"},"acf":[],"_links":{"self":[{"href":"https:\/\/poppers-online.ch\/fr\/wp-json\/wp\/v2\/product\/147669","targetHints":{"allow":["GET"]}}],"collection":[{"href":"https:\/\/poppers-online.ch\/fr\/wp-json\/wp\/v2\/product"}],"about":[{"href":"https:\/\/poppers-online.ch\/fr\/wp-json\/wp\/v2\/types\/product"}],"replies":[{"embeddable":true,"href":"https:\/\/poppers-online.ch\/fr\/wp-json\/wp\/v2\/comments?post=147669"}],"wp:featuredmedia":[{"embeddable":true,"href":"https:\/\/poppers-online.ch\/fr\/wp-json\/wp\/v2\/media\/147658"}],"wp:attachment":[{"href":"https:\/\/poppers-online.ch\/fr\/wp-json\/wp\/v2\/media?parent=147669"}],"wp:term":[{"taxonomy":"product_brand","embeddable":true,"href":"https:\/\/poppers-online.ch\/fr\/wp-json\/wp\/v2\/product_brand?post=147669"},{"taxonomy":"product_cat","embeddable":true,"href":"https:\/\/poppers-online.ch\/fr\/wp-json\/wp\/v2\/product_cat?post=147669"},{"taxonomy":"product_tag","embeddable":true,"href":"https:\/\/poppers-online.ch\/fr\/wp-json\/wp\/v2\/product_tag?post=147669"}],"curies":[{"name":"wp","href":"https:\/\/api.w.org\/{rel}","templated":true}]}}