{"id":146940,"date":"2026-02-05T18:16:14","date_gmt":"2026-02-05T17:16:14","guid":{"rendered":"https:\/\/poppers-online.ch\/?post_type=product&#038;p=146940"},"modified":"2026-02-12T21:43:09","modified_gmt":"2026-02-12T20:43:09","slug":"bottom-slut-10ml-kopie","status":"publish","type":"product","link":"https:\/\/poppers-online.ch\/fr\/produit\/bottom-slut-10ml-kopie\/","title":{"rendered":"Everglade Ultra Strong Poppers 10ml"},"content":{"rendered":"","protected":false},"excerpt":{"rendered":"<p data-start=\"132\" data-end=\"349\"><strong data-start=\"132\" data-end=\"163\">Everglade Ultra Strong Poppers 10ml<\/strong> est pour tous ceux qui ne connaissent pas de compromis lorsqu&rsquo;ils jouent. La formule pentyle ultra-intensive d&rsquo;intensit\u00e9 6 te captive imm\u00e9diatement et garantit une puissance maximale \u00e0 chaque session.<\/p>\n<p data-start=\"351\" data-end=\"555\">Le flacon en verre classique de 10ml a un filetage de taille S. <strong data-start=\"408\" data-end=\"439\">Everglade Ultra Strong 10ml<\/strong> fait passer ton jeu au niveau sup\u00e9rieur et rend chaque moment encore plus intense &#8211; juste ce qu&rsquo;il faut pour les fans hardcore.<\/p>\n","protected":false},"featured_media":146948,"comment_status":"open","ping_status":"closed","template":"","meta":{"_acf_changed":false,"iawp_total_views":91,"_glsr_average":0,"_glsr_ranking":0,"_glsr_reviews":0},"product_brand":[],"product_cat":[1046,78],"product_tag":[],"class_list":{"0":"post-146940","1":"product","2":"type-product","3":"status-publish","4":"has-post-thumbnail","6":"product_cat-poppers","7":"product_cat-petits-flacons","8":"pa_flaschenform-rond-petit","9":"pa_gewindegroesse-small","10":"pa_inhalt-10ml","11":"pa_inhaltsstoffe-nitrite-de-pentyle","12":"pa_staerke-91","14":"first","15":"instock","16":"taxable","17":"shipping-taxable","18":"purchasable","19":"product-type-simple"},"acf":[],"_links":{"self":[{"href":"https:\/\/poppers-online.ch\/fr\/wp-json\/wp\/v2\/product\/146940","targetHints":{"allow":["GET"]}}],"collection":[{"href":"https:\/\/poppers-online.ch\/fr\/wp-json\/wp\/v2\/product"}],"about":[{"href":"https:\/\/poppers-online.ch\/fr\/wp-json\/wp\/v2\/types\/product"}],"replies":[{"embeddable":true,"href":"https:\/\/poppers-online.ch\/fr\/wp-json\/wp\/v2\/comments?post=146940"}],"wp:featuredmedia":[{"embeddable":true,"href":"https:\/\/poppers-online.ch\/fr\/wp-json\/wp\/v2\/media\/146948"}],"wp:attachment":[{"href":"https:\/\/poppers-online.ch\/fr\/wp-json\/wp\/v2\/media?parent=146940"}],"wp:term":[{"taxonomy":"product_brand","embeddable":true,"href":"https:\/\/poppers-online.ch\/fr\/wp-json\/wp\/v2\/product_brand?post=146940"},{"taxonomy":"product_cat","embeddable":true,"href":"https:\/\/poppers-online.ch\/fr\/wp-json\/wp\/v2\/product_cat?post=146940"},{"taxonomy":"product_tag","embeddable":true,"href":"https:\/\/poppers-online.ch\/fr\/wp-json\/wp\/v2\/product_tag?post=146940"}],"curies":[{"name":"wp","href":"https:\/\/api.w.org\/{rel}","templated":true}]}}