{"id":146914,"date":"2026-02-05T17:33:14","date_gmt":"2026-02-05T16:33:14","guid":{"rendered":"https:\/\/poppers-online.ch\/?post_type=product&#038;p=146914"},"modified":"2026-02-12T21:43:14","modified_gmt":"2026-02-12T20:43:14","slug":"poppers-bate-ultra-fort-10ml-kopie","status":"publish","type":"product","link":"https:\/\/poppers-online.ch\/fr\/produit\/poppers-bate-ultra-fort-10ml-kopie\/","title":{"rendered":"Call me Daddy Poppers 10ml"},"content":{"rendered":"","protected":false},"excerpt":{"rendered":"<p data-start=\"118\" data-end=\"386\"><strong data-start=\"118\" data-end=\"140\">Call me Daddy Poppers 10ml<\/strong> est pour ceux qui savent qui commande. La formule classique du pentyl te donne le coup de fouet tout en te laissant aller. Id\u00e9al pour les sessions o\u00f9 tu montres ton c\u00f4t\u00e9 dominant ou soumis &#8211; ou simplement combiner les deux.<\/p>\n<p>&nbsp;<\/p>\n<p data-start=\"388\" data-end=\"594\">Le flacon en verre classique de 10ml a un filetage de taille S. <strong data-start=\"445\" data-end=\"467\">Call me Daddy 10ml<\/strong> fait passer ton jeu au niveau sup\u00e9rieur et fait en sorte que chaque moment entre toi et ton top soit encore plus intense.<\/p>\n","protected":false},"featured_media":146924,"comment_status":"open","ping_status":"closed","template":"","meta":{"_acf_changed":false,"iawp_total_views":131,"_glsr_average":0,"_glsr_ranking":0,"_glsr_reviews":0},"product_brand":[],"product_cat":[1046,78],"product_tag":[],"class_list":{"0":"post-146914","1":"product","2":"type-product","3":"status-publish","4":"has-post-thumbnail","6":"product_cat-poppers","7":"product_cat-petits-flacons","8":"pa_flaschenform-rond-petit","9":"pa_gewindegroesse-small","10":"pa_inhalt-10ml","11":"pa_inhaltsstoffe-nitrite-de-pentyle","12":"pa_staerke-90","14":"first","15":"instock","16":"taxable","17":"shipping-taxable","18":"purchasable","19":"product-type-simple"},"acf":[],"_links":{"self":[{"href":"https:\/\/poppers-online.ch\/fr\/wp-json\/wp\/v2\/product\/146914","targetHints":{"allow":["GET"]}}],"collection":[{"href":"https:\/\/poppers-online.ch\/fr\/wp-json\/wp\/v2\/product"}],"about":[{"href":"https:\/\/poppers-online.ch\/fr\/wp-json\/wp\/v2\/types\/product"}],"replies":[{"embeddable":true,"href":"https:\/\/poppers-online.ch\/fr\/wp-json\/wp\/v2\/comments?post=146914"}],"wp:featuredmedia":[{"embeddable":true,"href":"https:\/\/poppers-online.ch\/fr\/wp-json\/wp\/v2\/media\/146924"}],"wp:attachment":[{"href":"https:\/\/poppers-online.ch\/fr\/wp-json\/wp\/v2\/media?parent=146914"}],"wp:term":[{"taxonomy":"product_brand","embeddable":true,"href":"https:\/\/poppers-online.ch\/fr\/wp-json\/wp\/v2\/product_brand?post=146914"},{"taxonomy":"product_cat","embeddable":true,"href":"https:\/\/poppers-online.ch\/fr\/wp-json\/wp\/v2\/product_cat?post=146914"},{"taxonomy":"product_tag","embeddable":true,"href":"https:\/\/poppers-online.ch\/fr\/wp-json\/wp\/v2\/product_tag?post=146914"}],"curies":[{"name":"wp","href":"https:\/\/api.w.org\/{rel}","templated":true}]}}