{"id":146905,"date":"2026-02-05T17:15:52","date_gmt":"2026-02-05T16:15:52","guid":{"rendered":"https:\/\/poppers-online.ch\/produkt\/poppers-bate-ultra-fort-10ml\/"},"modified":"2026-03-09T11:28:27","modified_gmt":"2026-03-09T10:28:27","slug":"poppers-bate-ultra-fort-10ml","status":"publish","type":"product","link":"https:\/\/poppers-online.ch\/fr\/produit\/poppers-bate-ultra-fort-10ml\/","title":{"rendered":"Popper Bate Ultra Strong Poppers 10ml"},"content":{"rendered":"","protected":false},"excerpt":{"rendered":"<p data-start=\"107\" data-end=\"329\"><strong data-start=\"107\" data-end=\"140\">Popper Bate Ultra Strong Poppers 10ml<\/strong> est fait pour tous ceux qui ne veulent pas faire les choses \u00e0 moiti\u00e9 en baten. La formule intense de nitrite de pentyle te captive imm\u00e9diatement et est particuli\u00e8rement adapt\u00e9e aux longues sessions de bating. <\/p>\n<p data-start=\"331\" data-end=\"623\"><strong data-start=\"331\" data-end=\"364\">Popper Bate Ultra Strong 10ml<\/strong> fait partie des vari\u00e9t\u00e9s les plus intenses et apporte exactement la puissance dont tu as besoin quand \u00e7a doit vraiment chauffer. Le flacon en verre de 10ml a un filetage de taille S et peut \u00eatre combin\u00e9 avec de nombreux accessoires de la m\u00eame taille pour des sensations encore plus intenses. <\/p>\n","protected":false},"featured_media":146900,"comment_status":"open","ping_status":"closed","template":"","meta":{"_acf_changed":false,"iawp_total_views":13,"_glsr_average":0,"_glsr_ranking":0,"_glsr_reviews":0},"product_brand":[],"product_cat":[1046,78],"product_tag":[],"class_list":{"0":"post-146905","1":"product","2":"type-product","3":"status-publish","4":"has-post-thumbnail","6":"product_cat-poppers","7":"product_cat-petits-flacons","8":"pa_flaschenform-rond-petit","9":"pa_gewindegroesse-small","10":"pa_inhalt-10ml","11":"pa_inhaltsstoffe-nitrite-de-pentyle","12":"pa_staerke-90","14":"first","15":"instock","16":"taxable","17":"shipping-taxable","18":"purchasable","19":"product-type-simple"},"acf":[],"_links":{"self":[{"href":"https:\/\/poppers-online.ch\/fr\/wp-json\/wp\/v2\/product\/146905","targetHints":{"allow":["GET"]}}],"collection":[{"href":"https:\/\/poppers-online.ch\/fr\/wp-json\/wp\/v2\/product"}],"about":[{"href":"https:\/\/poppers-online.ch\/fr\/wp-json\/wp\/v2\/types\/product"}],"replies":[{"embeddable":true,"href":"https:\/\/poppers-online.ch\/fr\/wp-json\/wp\/v2\/comments?post=146905"}],"wp:featuredmedia":[{"embeddable":true,"href":"https:\/\/poppers-online.ch\/fr\/wp-json\/wp\/v2\/media\/146900"}],"wp:attachment":[{"href":"https:\/\/poppers-online.ch\/fr\/wp-json\/wp\/v2\/media?parent=146905"}],"wp:term":[{"taxonomy":"product_brand","embeddable":true,"href":"https:\/\/poppers-online.ch\/fr\/wp-json\/wp\/v2\/product_brand?post=146905"},{"taxonomy":"product_cat","embeddable":true,"href":"https:\/\/poppers-online.ch\/fr\/wp-json\/wp\/v2\/product_cat?post=146905"},{"taxonomy":"product_tag","embeddable":true,"href":"https:\/\/poppers-online.ch\/fr\/wp-json\/wp\/v2\/product_tag?post=146905"}],"curies":[{"name":"wp","href":"https:\/\/api.w.org\/{rel}","templated":true}]}}