{"id":146870,"date":"2026-02-05T15:34:36","date_gmt":"2026-02-05T14:34:36","guid":{"rendered":"https:\/\/poppers-online.ch\/produkt\/masturbateur-the-soldier-ass-stroker\/"},"modified":"2026-02-06T13:52:07","modified_gmt":"2026-02-06T12:52:07","slug":"masturbateur-the-soldier-ass-stroker","status":"publish","type":"product","link":"https:\/\/poppers-online.ch\/fr\/produit\/masturbateur-the-soldier-ass-stroker\/","title":{"rendered":"Masturbateur The Soldier Ass Stroker"},"content":{"rendered":"","protected":false},"excerpt":{"rendered":"<p data-start=\"13\" data-end=\"423\">D\u00e9couvre la puissance brute et l&rsquo;intensit\u00e9 r\u00e9aliste avec le <strong data-start=\"67\" data-end=\"106\">masturbateur The Soldier Ass Stroker<\/strong> &#8211; un masturbateur lourd et robuste pour une satisfaction particuli\u00e8rement r\u00e9aliste. Avec un poids de plus de 0,45 kg, ce stroker ultra-r\u00e9aliste fournit des sensations intenses gr\u00e2ce au mat\u00e9riau Pure Skin\u2122, qui donne presque l&rsquo;impression d&rsquo;\u00eatre r\u00e9el. Le design riche en d\u00e9tails avec le p\u00e9nis et les couilles moul\u00e9s assure une authenticit\u00e9 maximale.<\/p>\n<p data-start=\"425\" data-end=\"709\">La chambre int\u00e9rieure structur\u00e9e et bien ajust\u00e9e renforce chaque stroke, tandis que l&rsquo;extr\u00e9mit\u00e9 ferm\u00e9e cr\u00e9e une forte aspiration naturelle &#8211; pour un point culminant explosif. Simple, durable et facile \u00e0 entretenir : The Soldier te procure un plaisir sans compromis, quand tu le souhaites. <\/p>\n","protected":false},"featured_media":146862,"comment_status":"open","ping_status":"closed","template":"","meta":{"_acf_changed":false,"iawp_total_views":9,"_glsr_average":0,"_glsr_ranking":0,"_glsr_reviews":0},"product_brand":[],"product_cat":[2094,171],"product_tag":[],"class_list":{"0":"post-146870","1":"product","2":"type-product","3":"status-publish","4":"has-post-thumbnail","6":"product_cat-masturbateur","7":"product_cat-sex-toys","9":"first","10":"instock","11":"taxable","12":"shipping-taxable","13":"purchasable","14":"product-type-simple"},"acf":[],"_links":{"self":[{"href":"https:\/\/poppers-online.ch\/fr\/wp-json\/wp\/v2\/product\/146870","targetHints":{"allow":["GET"]}}],"collection":[{"href":"https:\/\/poppers-online.ch\/fr\/wp-json\/wp\/v2\/product"}],"about":[{"href":"https:\/\/poppers-online.ch\/fr\/wp-json\/wp\/v2\/types\/product"}],"replies":[{"embeddable":true,"href":"https:\/\/poppers-online.ch\/fr\/wp-json\/wp\/v2\/comments?post=146870"}],"wp:featuredmedia":[{"embeddable":true,"href":"https:\/\/poppers-online.ch\/fr\/wp-json\/wp\/v2\/media\/146862"}],"wp:attachment":[{"href":"https:\/\/poppers-online.ch\/fr\/wp-json\/wp\/v2\/media?parent=146870"}],"wp:term":[{"taxonomy":"product_brand","embeddable":true,"href":"https:\/\/poppers-online.ch\/fr\/wp-json\/wp\/v2\/product_brand?post=146870"},{"taxonomy":"product_cat","embeddable":true,"href":"https:\/\/poppers-online.ch\/fr\/wp-json\/wp\/v2\/product_cat?post=146870"},{"taxonomy":"product_tag","embeddable":true,"href":"https:\/\/poppers-online.ch\/fr\/wp-json\/wp\/v2\/product_tag?post=146870"}],"curies":[{"name":"wp","href":"https:\/\/api.w.org\/{rel}","templated":true}]}}