{"id":146826,"date":"2026-02-05T14:49:05","date_gmt":"2026-02-05T13:49:05","guid":{"rendered":"https:\/\/poppers-online.ch\/produkt\/eros-latex-shining-spray-200ml\/"},"modified":"2026-02-06T12:18:58","modified_gmt":"2026-02-06T11:18:58","slug":"eros-latex-shining-spray-200ml","status":"publish","type":"product","link":"https:\/\/poppers-online.ch\/fr\/produit\/eros-latex-shining-spray-200ml\/","title":{"rendered":"EROS Latex Shining Spray 200ml"},"content":{"rendered":"","protected":false},"excerpt":{"rendered":"<p data-start=\"13\" data-end=\"192\">Ton latex m\u00e9rite plus qu&rsquo;un simple \u00ab\u00a0ok\u00a0\u00bb. Il doit briller. Il doit rayonner. Il doit donner l&rsquo;impression que tu viens d&rsquo;\u00eatre emball\u00e9e &#8211; moulante, sexy et absolument impeccable.   <\/p>\n<p data-start=\"194\" data-end=\"453\">Le <strong data-start=\"198\" data-end=\"226\">spray Eros Latex Shining Spray 200ml<\/strong> redonne exactement ce brillant intense \u00e0 tes v\u00eatements en latex et transforme chaque tenue en une d\u00e9claration sacr\u00e9ment s\u00e9duisante. La brillance s&rsquo;installe imm\u00e9diatement, sans coller, sans film lubrifiant &#8211; simplement la pure perfection du latex. <\/p>\n<p data-start=\"455\" data-end=\"750\">Et <strong data-start=\"459\" data-end=\"487\">Eros Latex Shining Spray<\/strong> fait encore mieux : c&rsquo;est aussi l&rsquo;aide parfaite pour enfiler les parties en caoutchouc et en latex moulantes. M\u00eame les poils les plus \u00e9pais n&rsquo;arr\u00eatent rien. Ta garde-robe devient agr\u00e9ablement douce, s&rsquo;adapte \u00e0 ton corps et te permet de ressentir chaque mouvement encore plus intens\u00e9ment.  <\/p>\n<p data-start=\"752\" data-end=\"850\">Pour tous ceux qui ne veulent pas seulement porter du latex, mais le sentir.<br data-start=\"815\" data-end=\"818\">Contenu : 200 ml<br data-start=\"832\" data-end=\"835\">Made in Germany<\/p>\n","protected":false},"featured_media":146825,"comment_status":"open","ping_status":"closed","template":"","meta":{"_acf_changed":false,"iawp_total_views":5,"_glsr_average":0,"_glsr_ranking":0,"_glsr_reviews":0},"product_brand":[],"product_cat":[2070,166],"product_tag":[],"class_list":{"0":"post-146826","1":"product","2":"type-product","3":"status-publish","4":"has-post-thumbnail","6":"product_cat-helpers","7":"product_cat-droguerie","9":"first","10":"instock","11":"taxable","12":"shipping-taxable","13":"purchasable","14":"product-type-simple"},"acf":[],"_links":{"self":[{"href":"https:\/\/poppers-online.ch\/fr\/wp-json\/wp\/v2\/product\/146826","targetHints":{"allow":["GET"]}}],"collection":[{"href":"https:\/\/poppers-online.ch\/fr\/wp-json\/wp\/v2\/product"}],"about":[{"href":"https:\/\/poppers-online.ch\/fr\/wp-json\/wp\/v2\/types\/product"}],"replies":[{"embeddable":true,"href":"https:\/\/poppers-online.ch\/fr\/wp-json\/wp\/v2\/comments?post=146826"}],"wp:featuredmedia":[{"embeddable":true,"href":"https:\/\/poppers-online.ch\/fr\/wp-json\/wp\/v2\/media\/146825"}],"wp:attachment":[{"href":"https:\/\/poppers-online.ch\/fr\/wp-json\/wp\/v2\/media?parent=146826"}],"wp:term":[{"taxonomy":"product_brand","embeddable":true,"href":"https:\/\/poppers-online.ch\/fr\/wp-json\/wp\/v2\/product_brand?post=146826"},{"taxonomy":"product_cat","embeddable":true,"href":"https:\/\/poppers-online.ch\/fr\/wp-json\/wp\/v2\/product_cat?post=146826"},{"taxonomy":"product_tag","embeddable":true,"href":"https:\/\/poppers-online.ch\/fr\/wp-json\/wp\/v2\/product_tag?post=146826"}],"curies":[{"name":"wp","href":"https:\/\/api.w.org\/{rel}","templated":true}]}}