{"id":146806,"date":"2026-02-05T13:50:57","date_gmt":"2026-02-05T12:50:57","guid":{"rendered":"https:\/\/poppers-online.ch\/produkt\/banger-station-xtrm-4xl-bouteille-alu\/"},"modified":"2026-03-16T09:22:37","modified_gmt":"2026-03-16T08:22:37","slug":"banger-station-xtrm-4xl-bouteille-alu","status":"publish","type":"product","link":"https:\/\/poppers-online.ch\/fr\/produit\/banger-station-xtrm-4xl-bouteille-alu\/","title":{"rendered":"Banger Station XTRM &#8211; 4XL Bouteille Alu"},"content":{"rendered":"","protected":false},"excerpt":{"rendered":"<p data-start=\"17\" data-end=\"278\">La <strong>Banger Station XTRM &#8211; 4XL Alu Bottle<\/strong> fait passer le confort de la consommation de Poppers \u00e0 un niveau sup\u00e9rieur. Cette <strong data-start=\"110\" data-end=\"133\">XTRM Banger Station<\/strong> est livr\u00e9e avec un r\u00e9cipient vide en aluminium XXL. Convient aux jeux <strong data-start=\"188\" data-end=\"211\">XTRM Banger Station<\/strong> avec des b\u00e2tons de coton tremp\u00e9s dans les Poppers (vendus s\u00e9par\u00e9ment).  <\/p>\n<p data-start=\"280\" data-end=\"997\">Avec cette invention innovante, tu \u00e9tonneras d\u00e9finitivement tes amis. Gr\u00e2ce \u00e0 la <strong data-start=\"370\" data-end=\"393\">XTRM Banger Station<\/strong>, plus personne ne cherche la bouteille de Poppers apr\u00e8s que tu aies fait des folies et que tu aies voulu tirer \u00e0 nouveau sur le Poppers. Dans toutes les positions possibles et imaginables, toi et ton partenaire avez acc\u00e8s au Poppers gr\u00e2ce au tuyau d&rsquo;un m\u00e8tre de long, tandis que les b\u00e2tons de coton \u00e9vitent les fuites. Le double sniffer (12 cm) fix\u00e9 au tuyau est tr\u00e8s confortable dans la main.   La station dispose de picots sur sa face inf\u00e9rieure pour qu&rsquo;elle soit antid\u00e9rapante. Si tu veux jouer la carte de la s\u00e9curit\u00e9, tu peux m\u00eame visser fermement la <strong data-start=\"913\" data-end=\"936\">XTRM Banger Station<\/strong> gr\u00e2ce aux trous de vis pr\u00e9vus \u00e0 cet effet.<\/p>\n<p data-start=\"999\" data-end=\"1229\">Voici comment commencer : tu impr\u00e8gnes 2-3 b\u00e2tons de coton dans le Poppers de ton choix et tu les places dans le r\u00e9cipient en aluminium. Visse ensuite l&#8217;embout sur le r\u00e9cipient en aluminium et ins\u00e8re le tuyau fourni dans l&#8217;embout &#8211; et c&rsquo;est parti. <\/p>\n<p data-start=\"1231\" data-end=\"1385\">Contenu de la livraison : <strong data-start=\"1245\" data-end=\"1268\">XTRM Banger Station<\/strong>, insert avec r\u00e9cipient en aluminium, embout avec deux raccords, 2 tuyaux (1 m) avec le double sniffer fixe.<\/p>\n<p data-start=\"1387\" data-end=\"1578\">A notre avis, la <strong>Banger Station XTRM &#8211; 4XL Alu Bottle<\/strong> a sa place dans chaque chambre \u00e0 coucher, chaque salle de jeux et chaque cave \u00e0 f\u00e9tiches. Plus jamais de flacons de Poppers qui fuient ou qui se renversent &#8211; le confort \u00e0 l&rsquo;\u00e9tat pur. <\/p>\n","protected":false},"featured_media":146804,"comment_status":"open","ping_status":"closed","template":"","meta":{"_acf_changed":false,"iawp_total_views":43,"_glsr_average":0,"_glsr_ranking":0,"_glsr_reviews":0},"product_brand":[],"product_cat":[149,1300],"product_tag":[],"class_list":{"0":"post-146806","1":"product","2":"type-product","3":"status-publish","4":"has-post-thumbnail","6":"product_cat-accessoires-poppers","7":"product_cat-banger-stations","8":"pa_banger-station-einsatzform-4xl","10":"first","11":"instock","12":"taxable","13":"shipping-taxable","14":"purchasable","15":"product-type-simple"},"acf":[],"_links":{"self":[{"href":"https:\/\/poppers-online.ch\/fr\/wp-json\/wp\/v2\/product\/146806","targetHints":{"allow":["GET"]}}],"collection":[{"href":"https:\/\/poppers-online.ch\/fr\/wp-json\/wp\/v2\/product"}],"about":[{"href":"https:\/\/poppers-online.ch\/fr\/wp-json\/wp\/v2\/types\/product"}],"replies":[{"embeddable":true,"href":"https:\/\/poppers-online.ch\/fr\/wp-json\/wp\/v2\/comments?post=146806"}],"wp:featuredmedia":[{"embeddable":true,"href":"https:\/\/poppers-online.ch\/fr\/wp-json\/wp\/v2\/media\/146804"}],"wp:attachment":[{"href":"https:\/\/poppers-online.ch\/fr\/wp-json\/wp\/v2\/media?parent=146806"}],"wp:term":[{"taxonomy":"product_brand","embeddable":true,"href":"https:\/\/poppers-online.ch\/fr\/wp-json\/wp\/v2\/product_brand?post=146806"},{"taxonomy":"product_cat","embeddable":true,"href":"https:\/\/poppers-online.ch\/fr\/wp-json\/wp\/v2\/product_cat?post=146806"},{"taxonomy":"product_tag","embeddable":true,"href":"https:\/\/poppers-online.ch\/fr\/wp-json\/wp\/v2\/product_tag?post=146806"}],"curies":[{"name":"wp","href":"https:\/\/api.w.org\/{rel}","templated":true}]}}