{"id":146036,"date":"2026-01-29T16:29:54","date_gmt":"2026-01-29T15:29:54","guid":{"rendered":"https:\/\/poppers-online.ch\/?post_type=product&#038;p=146036"},"modified":"2026-02-12T21:45:10","modified_gmt":"2026-02-12T20:45:10","slug":"inhalateur-poppers-bleu-kopie-kopie","status":"publish","type":"product","link":"https:\/\/poppers-online.ch\/fr\/produit\/inhalateur-poppers-bleu-kopie-kopie\/","title":{"rendered":"Poppers inhalateur or"},"content":{"rendered":"","protected":false},"excerpt":{"rendered":"<p data-start=\"193\" data-end=\"549\"><strong data-start=\"193\" data-end=\"219\">L&rsquo;inhalateur Poppers Gold<\/strong> est la solution discr\u00e8te et pratique pour transporter ton Poppers en toute s\u00e9curit\u00e9. Gr\u00e2ce \u00e0 son design compact, il se glisse facilement dans une poche de pantalon et t&rsquo;accompagne partout sans attirer l&rsquo;attention. De l&rsquo;ext\u00e9rieur, il ressemble \u00e0 un accessoire discret &#8211; personne ne peut deviner ce qui se trouve dans le r\u00e9servoir int\u00e9rieur.<\/p>\n<p data-start=\"551\" data-end=\"864\">Les ouvertures visibles sur le dessus te permettent d&rsquo;aspirer directement le Poppers. Cela permet une application cibl\u00e9e et prot\u00e8ge en m\u00eame temps ton nez du contact direct avec le liquide, ce qui \u00e9vite les br\u00fblures. Propre, contr\u00f4l\u00e9 et bien plus agr\u00e9able que directement sur le flacon.<\/p>\n<p data-start=\"866\" data-end=\"1174\">Fabriqu\u00e9 en plastique robuste, l&rsquo;inhalateur est l\u00e9ger, durable et facile \u00e0 nettoyer. Avec ses dimensions pratiques de 9 cm x 2 cm, il est le compagnon parfait pour les d\u00e9placements &#8211; discret, s\u00fbr et pr\u00eat \u00e0 l&#8217;emploi \u00e0 tout moment. La couleur dor\u00e9e fait une d\u00e9claration claire : frappante, \u00e9l\u00e9gante et fonctionnelle.<\/p>\n","protected":false},"featured_media":146045,"comment_status":"open","ping_status":"closed","template":"","meta":{"_acf_changed":false,"iawp_total_views":1,"_glsr_average":0,"_glsr_ranking":0,"_glsr_reviews":0},"product_brand":[],"product_cat":[149,1310],"product_tag":[1112],"class_list":{"0":"post-146036","1":"product","2":"type-product","3":"status-publish","4":"has-post-thumbnail","6":"product_cat-accessoires-poppers","7":"product_cat-inhalateurs","8":"product_tag-inhalateur-poppers-bleu-fr","9":"pa_inhaler-produkttyp-single","11":"first","12":"instock","13":"taxable","14":"shipping-taxable","15":"purchasable","16":"product-type-simple"},"acf":[],"_links":{"self":[{"href":"https:\/\/poppers-online.ch\/fr\/wp-json\/wp\/v2\/product\/146036","targetHints":{"allow":["GET"]}}],"collection":[{"href":"https:\/\/poppers-online.ch\/fr\/wp-json\/wp\/v2\/product"}],"about":[{"href":"https:\/\/poppers-online.ch\/fr\/wp-json\/wp\/v2\/types\/product"}],"replies":[{"embeddable":true,"href":"https:\/\/poppers-online.ch\/fr\/wp-json\/wp\/v2\/comments?post=146036"}],"wp:featuredmedia":[{"embeddable":true,"href":"https:\/\/poppers-online.ch\/fr\/wp-json\/wp\/v2\/media\/146045"}],"wp:attachment":[{"href":"https:\/\/poppers-online.ch\/fr\/wp-json\/wp\/v2\/media?parent=146036"}],"wp:term":[{"taxonomy":"product_brand","embeddable":true,"href":"https:\/\/poppers-online.ch\/fr\/wp-json\/wp\/v2\/product_brand?post=146036"},{"taxonomy":"product_cat","embeddable":true,"href":"https:\/\/poppers-online.ch\/fr\/wp-json\/wp\/v2\/product_cat?post=146036"},{"taxonomy":"product_tag","embeddable":true,"href":"https:\/\/poppers-online.ch\/fr\/wp-json\/wp\/v2\/product_tag?post=146036"}],"curies":[{"name":"wp","href":"https:\/\/api.w.org\/{rel}","templated":true}]}}