{"id":146000,"date":"2026-01-29T15:15:55","date_gmt":"2026-01-29T14:15:55","guid":{"rendered":"https:\/\/poppers-online.ch\/produkt\/xtrm-douche-anale-2go-rouge\/"},"modified":"2026-01-29T18:01:46","modified_gmt":"2026-01-29T17:01:46","slug":"xtrm-douche-anale-2go-rouge","status":"publish","type":"product","link":"https:\/\/poppers-online.ch\/fr\/produit\/xtrm-douche-anale-2go-rouge\/","title":{"rendered":"XTRM douche anale 2GO rouge"},"content":{"rendered":"","protected":false},"excerpt":{"rendered":"<p data-start=\"117\" data-end=\"397\"><strong data-start=\"117\" data-end=\"144\">XTRM Douche anale 2GO rouge<\/strong> est faite pour les voyages &#8211; directe, propre et toujours pr\u00eate \u00e0 l&#8217;emploi. Elle se visse simplement sur un flacon en PET disponible dans le commerce, sans aucun adaptateur. Parfait si tu veux rester mobile tout en ayant un contr\u00f4le total sur ta pr\u00e9paration.  <\/p>\n<p data-start=\"399\" data-end=\"689\">La buse lisse en ABS doux pour la peau assure un jet d&rsquo;eau r\u00e9gulier et agr\u00e9able sans fuite gr\u00e2ce \u00e0 son syst\u00e8me de compensation de pression int\u00e9gr\u00e9. Petit, robuste et discret, le 2GO se glisse dans n&rsquo;importe quel sac et est id\u00e9al pour un nettoyage rapide \u00e0 l&rsquo;h\u00f4tel, avant un rendez-vous ou entre deux. <\/p>\n<p data-start=\"691\" data-end=\"819\">Remplir le flacon, le visser, appuyer &#8211; c&rsquo;est tout. La couleur rouge fait une d\u00e9claration claire : fonctionnelle, directe et sans compromis. <\/p>\n","protected":false},"featured_media":145992,"comment_status":"open","ping_status":"closed","template":"","meta":{"_acf_changed":false,"iawp_total_views":11,"_glsr_average":0,"_glsr_ranking":0,"_glsr_reviews":0},"product_brand":[],"product_cat":[2064,166],"product_tag":[],"class_list":{"0":"post-146000","1":"product","2":"type-product","3":"status-publish","4":"has-post-thumbnail","6":"product_cat-douche-anale","7":"product_cat-droguerie","9":"first","10":"instock","11":"taxable","12":"shipping-taxable","13":"purchasable","14":"product-type-simple"},"acf":[],"_links":{"self":[{"href":"https:\/\/poppers-online.ch\/fr\/wp-json\/wp\/v2\/product\/146000","targetHints":{"allow":["GET"]}}],"collection":[{"href":"https:\/\/poppers-online.ch\/fr\/wp-json\/wp\/v2\/product"}],"about":[{"href":"https:\/\/poppers-online.ch\/fr\/wp-json\/wp\/v2\/types\/product"}],"replies":[{"embeddable":true,"href":"https:\/\/poppers-online.ch\/fr\/wp-json\/wp\/v2\/comments?post=146000"}],"wp:featuredmedia":[{"embeddable":true,"href":"https:\/\/poppers-online.ch\/fr\/wp-json\/wp\/v2\/media\/145992"}],"wp:attachment":[{"href":"https:\/\/poppers-online.ch\/fr\/wp-json\/wp\/v2\/media?parent=146000"}],"wp:term":[{"taxonomy":"product_brand","embeddable":true,"href":"https:\/\/poppers-online.ch\/fr\/wp-json\/wp\/v2\/product_brand?post=146000"},{"taxonomy":"product_cat","embeddable":true,"href":"https:\/\/poppers-online.ch\/fr\/wp-json\/wp\/v2\/product_cat?post=146000"},{"taxonomy":"product_tag","embeddable":true,"href":"https:\/\/poppers-online.ch\/fr\/wp-json\/wp\/v2\/product_tag?post=146000"}],"curies":[{"name":"wp","href":"https:\/\/api.w.org\/{rel}","templated":true}]}}