{"id":145981,"date":"2026-01-29T14:45:12","date_gmt":"2026-01-29T13:45:12","guid":{"rendered":"https:\/\/poppers-online.ch\/produkt\/xtrm-cochon-skull-poppers-rouge\/"},"modified":"2026-01-29T17:53:34","modified_gmt":"2026-01-29T16:53:34","slug":"xtrm-cochon-skull-poppers-rouge","status":"publish","type":"product","link":"https:\/\/poppers-online.ch\/fr\/produit\/xtrm-cochon-skull-poppers-rouge\/","title":{"rendered":"XTRM Cochon Skull Poppers Rouge"},"content":{"rendered":"","protected":false},"excerpt":{"rendered":"<p data-start=\"15\" data-end=\"351\"><strong data-start=\"15\" data-end=\"51\">XTRM Pig Snout Skull Poppers Red<\/strong> est le sniffer Poppers ultime pour tous ceux qui aiment les choses coquines sans compromis et intenses au maximum. Fabriqu\u00e9 en aluminium massif, il dispose d&rsquo;une chambre spacieuse qui donne \u00e0 ton poppers pr\u00e9f\u00e9r\u00e9 suffisamment d&rsquo;espace pour s&rsquo;\u00e9panouir pleinement &#8211; pour un effet maximal et une puissance suppl\u00e9mentaire pure. <\/p>\n<p data-start=\"353\" data-end=\"871\">La version sp\u00e9ciale rouge du <strong data-start=\"381\" data-end=\"401\">XTRM Kinky SNFFR<\/strong> avec Pig Snout est synonyme de plaisir brut et de sessions sans retenue. Gr\u00e2ce au canal de kick 5 fois plus grand et au volume d&rsquo;air plus important, le Sniffer fournit un kick particuli\u00e8rement puissant et direct. Le bouton-poussoir int\u00e9gr\u00e9 assure une s\u00e9curit\u00e9 maximale : ce n&rsquo;est que lorsque tu le presses sur le c\u00f4t\u00e9 de l&#8217;embout que le Poppers s&rsquo;\u00e9coule \u00e0 travers le canal de kick. Si tu rel\u00e2ches le bouton, le Sniffer est \u00e0 nouveau 100% \u00e9tanche &#8211; m\u00eame si le flacon se renverse, ton Poppers reste bien enferm\u00e9.   <\/p>\n<p data-start=\"873\" data-end=\"1113\">Remplis ton poppers pr\u00e9f\u00e9r\u00e9 dans le compartiment en aluminium massif ou cr\u00e9e ton propre m\u00e9lange. Peut \u00e9galement \u00eatre rempli avec des b\u00e2tonnets de coton imbib\u00e9s, disponibles s\u00e9par\u00e9ment. Un outil sans compromis pour ceux qui aiment la chaleur, la s\u00e9curit\u00e9 et l&rsquo;extr\u00eame.  <\/p>\n","protected":false},"featured_media":145976,"comment_status":"open","ping_status":"closed","template":"","meta":{"_acf_changed":false,"iawp_total_views":5,"_glsr_average":0,"_glsr_ranking":0,"_glsr_reviews":0},"product_brand":[],"product_cat":[149,1303],"product_tag":[],"class_list":{"0":"post-145981","1":"product","2":"type-product","3":"status-publish","4":"has-post-thumbnail","6":"product_cat-accessoires-poppers","7":"product_cat-booster-caps","9":"first","10":"instock","11":"taxable","12":"shipping-taxable","13":"purchasable","14":"product-type-simple"},"acf":[],"_links":{"self":[{"href":"https:\/\/poppers-online.ch\/fr\/wp-json\/wp\/v2\/product\/145981","targetHints":{"allow":["GET"]}}],"collection":[{"href":"https:\/\/poppers-online.ch\/fr\/wp-json\/wp\/v2\/product"}],"about":[{"href":"https:\/\/poppers-online.ch\/fr\/wp-json\/wp\/v2\/types\/product"}],"replies":[{"embeddable":true,"href":"https:\/\/poppers-online.ch\/fr\/wp-json\/wp\/v2\/comments?post=145981"}],"wp:featuredmedia":[{"embeddable":true,"href":"https:\/\/poppers-online.ch\/fr\/wp-json\/wp\/v2\/media\/145976"}],"wp:attachment":[{"href":"https:\/\/poppers-online.ch\/fr\/wp-json\/wp\/v2\/media?parent=145981"}],"wp:term":[{"taxonomy":"product_brand","embeddable":true,"href":"https:\/\/poppers-online.ch\/fr\/wp-json\/wp\/v2\/product_brand?post=145981"},{"taxonomy":"product_cat","embeddable":true,"href":"https:\/\/poppers-online.ch\/fr\/wp-json\/wp\/v2\/product_cat?post=145981"},{"taxonomy":"product_tag","embeddable":true,"href":"https:\/\/poppers-online.ch\/fr\/wp-json\/wp\/v2\/product_tag?post=145981"}],"curies":[{"name":"wp","href":"https:\/\/api.w.org\/{rel}","templated":true}]}}