{"id":145967,"date":"2026-01-29T14:21:18","date_gmt":"2026-01-29T13:21:18","guid":{"rendered":"https:\/\/poppers-online.ch\/produkt\/xtrm-cochon-skull-poppers-or\/"},"modified":"2026-03-09T07:29:30","modified_gmt":"2026-03-09T06:29:30","slug":"xtrm-cochon-skull-poppers-or","status":"publish","type":"product","link":"https:\/\/poppers-online.ch\/fr\/produit\/xtrm-cochon-skull-poppers-or\/","title":{"rendered":"XTRM Cochon Skull Poppers or"},"content":{"rendered":"","protected":false},"excerpt":{"rendered":"<p data-start=\"15\" data-end=\"348\"><strong data-start=\"15\" data-end=\"52\">XTRM Pig Snout Skull Poppers Gold<\/strong> est le sniffer de poppers ultime pour tous ceux qui le veulent vraiment sale et intense. Fabriqu\u00e9 en aluminium massif, il offre une chambre g\u00e9n\u00e9reuse qui donne suffisamment d&rsquo;espace \u00e0 ton poppers pr\u00e9f\u00e9r\u00e9 pour qu&rsquo;il fasse son plein effet &#8211; pour une puissance maximale et une exp\u00e9rience intense. <\/p>\n<p data-start=\"350\" data-end=\"929\">La version sp\u00e9ciale dor\u00e9e du <strong data-start=\"381\" data-end=\"401\">XTRM Kinky SNFFR<\/strong> avec le Pig Snout est faite pour les cochons les plus coquins. Gr\u00e2ce au canal de kick 5 fois plus grand et au volume d&rsquo;air plus important, le Sniffer fournit la puissance suppl\u00e9mentaire ultime. Pour que ton Poppers reste en s\u00e9curit\u00e9 m\u00eame lors de sessions endiabl\u00e9es, le Sniffer dispose d&rsquo;un bouton-poussoir robuste : ce n&rsquo;est que lorsque tu le presses sur le c\u00f4t\u00e9 de l&#8217;embout que le Poppers s&rsquo;\u00e9coule du flacon par le canal de kick. Si tu rel\u00e2ches le bouton, le Sniffer est \u00e0 nouveau 100% \u00e9tanche &#8211; m\u00eame si le flacon se renverse, ton Poppers reste en s\u00e9curit\u00e9 dans le compartiment.   <\/p>\n<p data-start=\"931\" data-end=\"1182\">Remplis le compartiment en aluminium massif de ton poppers pr\u00e9f\u00e9r\u00e9 ou pr\u00e9pare ton propre m\u00e9lange. Des b\u00e2tonnets de coton imbib\u00e9s, vendus s\u00e9par\u00e9ment, peuvent \u00e9galement \u00eatre utilis\u00e9s sans probl\u00e8me. Un must pour tous ceux qui aiment les choses intenses, s\u00fbres et coquines.\u0192  <\/p>\n","protected":false},"featured_media":145961,"comment_status":"open","ping_status":"closed","template":"","meta":{"_acf_changed":false,"iawp_total_views":7,"_glsr_average":0,"_glsr_ranking":0,"_glsr_reviews":0},"product_brand":[],"product_cat":[149,1303],"product_tag":[],"class_list":{"0":"post-145967","1":"product","2":"type-product","3":"status-publish","4":"has-post-thumbnail","6":"product_cat-accessoires-poppers","7":"product_cat-booster-caps","9":"first","10":"instock","11":"taxable","12":"shipping-taxable","13":"purchasable","14":"product-type-simple"},"acf":[],"_links":{"self":[{"href":"https:\/\/poppers-online.ch\/fr\/wp-json\/wp\/v2\/product\/145967","targetHints":{"allow":["GET"]}}],"collection":[{"href":"https:\/\/poppers-online.ch\/fr\/wp-json\/wp\/v2\/product"}],"about":[{"href":"https:\/\/poppers-online.ch\/fr\/wp-json\/wp\/v2\/types\/product"}],"replies":[{"embeddable":true,"href":"https:\/\/poppers-online.ch\/fr\/wp-json\/wp\/v2\/comments?post=145967"}],"wp:featuredmedia":[{"embeddable":true,"href":"https:\/\/poppers-online.ch\/fr\/wp-json\/wp\/v2\/media\/145961"}],"wp:attachment":[{"href":"https:\/\/poppers-online.ch\/fr\/wp-json\/wp\/v2\/media?parent=145967"}],"wp:term":[{"taxonomy":"product_brand","embeddable":true,"href":"https:\/\/poppers-online.ch\/fr\/wp-json\/wp\/v2\/product_brand?post=145967"},{"taxonomy":"product_cat","embeddable":true,"href":"https:\/\/poppers-online.ch\/fr\/wp-json\/wp\/v2\/product_cat?post=145967"},{"taxonomy":"product_tag","embeddable":true,"href":"https:\/\/poppers-online.ch\/fr\/wp-json\/wp\/v2\/product_tag?post=145967"}],"curies":[{"name":"wp","href":"https:\/\/api.w.org\/{rel}","templated":true}]}}