{"id":145946,"date":"2026-01-29T12:27:04","date_gmt":"2026-01-29T11:27:04","guid":{"rendered":"https:\/\/poppers-online.ch\/produkt\/douche-anale-xtrm-o-clean-glow-in-the-dark\/"},"modified":"2026-01-29T17:37:11","modified_gmt":"2026-01-29T16:37:11","slug":"douche-anale-xtrm-o-clean-glow-in-the-dark","status":"publish","type":"product","link":"https:\/\/poppers-online.ch\/fr\/produit\/douche-anale-xtrm-o-clean-glow-in-the-dark\/","title":{"rendered":"Douche anale XTRM O-Clean Glow in the Dark"},"content":{"rendered":"","protected":false},"excerpt":{"rendered":"<p data-start=\"232\" data-end=\"569\">La <strong data-start=\"236\" data-end=\"280\">douche anale XTRM O-Clean Glow in the Dark<\/strong> avec jet d&rsquo;eau lat\u00e9ral r\u00e9sout un probl\u00e8me bien connu du nettoyage anal. Tu n&rsquo;as plus \u00e0 craindre qu&rsquo;un jet d&rsquo;eau dure ne s&rsquo;engouffre directement dans tes intestins. Au lieu de cela, l&rsquo;O-Clean est \u00e9quip\u00e9 de plusieurs ouvertures lat\u00e9rales qui distribuent le jet d&rsquo;eau de mani\u00e8re contr\u00f4l\u00e9e.<\/p>\n<p data-start=\"571\" data-end=\"850\">Le flux d&rsquo;eau lat\u00e9ral fait en sorte que l&rsquo;eau n&rsquo;arrive que jusqu&rsquo;au rectum. Cela rend le rin\u00e7age anal beaucoup plus agr\u00e9able, s\u00fbr et contr\u00f4l\u00e9. L&rsquo;int\u00e9rieur de la douche a la forme d&rsquo;une cuvette, ce qui rend le nettoyage plus facile, plus rapide et plus efficace.  <\/p>\n<p data-start=\"852\" data-end=\"1027\">Gr\u00e2ce \u00e0 la surface Glow-in-the Dark, la <strong data-start=\"897\" data-end=\"941\">douche anale XTRM O-Clean Glow in the Dark<\/strong> est bien visible m\u00eame en cas de faible luminosit\u00e9 &#8211; pratique, hygi\u00e9nique et facile \u00e0 retrouver.<\/p>\n<p data-start=\"1029\" data-end=\"1369\">La <strong data-start=\"1033\" data-end=\"1077\">douche anale XTRM O-Clean Glow in the Dark<\/strong> s&rsquo;adapte \u00e0 tous les tuyaux de douche disponibles dans le commerce avec un filetage standard de \u00bd pouce. Veille \u00e0 ce que l&rsquo;eau ne soit pas trop chaude. La longueur d&rsquo;insertion est de 16,5 cm, le diam\u00e8tre de 2,5 cm. Convaincs-toi toi-m\u00eame d&rsquo;un produit qui a \u00e9t\u00e9 jug\u00e9 tr\u00e8s bon par de nombreux testeurs.<\/p>\n","protected":false},"featured_media":145943,"comment_status":"open","ping_status":"closed","template":"","meta":{"_acf_changed":false,"iawp_total_views":25,"_glsr_average":0,"_glsr_ranking":0,"_glsr_reviews":0},"product_brand":[],"product_cat":[2064,166],"product_tag":[],"class_list":{"0":"post-145946","1":"product","2":"type-product","3":"status-publish","4":"has-post-thumbnail","6":"product_cat-douche-anale","7":"product_cat-droguerie","9":"first","10":"instock","11":"taxable","12":"shipping-taxable","13":"purchasable","14":"product-type-simple"},"acf":[],"_links":{"self":[{"href":"https:\/\/poppers-online.ch\/fr\/wp-json\/wp\/v2\/product\/145946","targetHints":{"allow":["GET"]}}],"collection":[{"href":"https:\/\/poppers-online.ch\/fr\/wp-json\/wp\/v2\/product"}],"about":[{"href":"https:\/\/poppers-online.ch\/fr\/wp-json\/wp\/v2\/types\/product"}],"replies":[{"embeddable":true,"href":"https:\/\/poppers-online.ch\/fr\/wp-json\/wp\/v2\/comments?post=145946"}],"wp:featuredmedia":[{"embeddable":true,"href":"https:\/\/poppers-online.ch\/fr\/wp-json\/wp\/v2\/media\/145943"}],"wp:attachment":[{"href":"https:\/\/poppers-online.ch\/fr\/wp-json\/wp\/v2\/media?parent=145946"}],"wp:term":[{"taxonomy":"product_brand","embeddable":true,"href":"https:\/\/poppers-online.ch\/fr\/wp-json\/wp\/v2\/product_brand?post=145946"},{"taxonomy":"product_cat","embeddable":true,"href":"https:\/\/poppers-online.ch\/fr\/wp-json\/wp\/v2\/product_cat?post=145946"},{"taxonomy":"product_tag","embeddable":true,"href":"https:\/\/poppers-online.ch\/fr\/wp-json\/wp\/v2\/product_tag?post=145946"}],"curies":[{"name":"wp","href":"https:\/\/api.w.org\/{rel}","templated":true}]}}