{"id":145927,"date":"2026-01-29T11:41:10","date_gmt":"2026-01-29T10:41:10","guid":{"rendered":"https:\/\/poppers-online.ch\/produkt\/xtrm-biest-xxl-sniffer-de-poppers-bleus\/"},"modified":"2026-03-24T02:05:30","modified_gmt":"2026-03-24T01:05:30","slug":"xtrm-biest-xxl-sniffer-de-poppers-bleus","status":"publish","type":"product","link":"https:\/\/poppers-online.ch\/fr\/produit\/xtrm-biest-xxl-sniffer-de-poppers-bleus\/","title":{"rendered":"XTRM BIEST XXL Sniffer de poppers bleus"},"content":{"rendered":"","protected":false},"excerpt":{"rendered":"<p data-start=\"236\" data-end=\"551\">Le <strong data-start=\"240\" data-end=\"279\">sniffer XTRM BIEST XXL Blue Poppers<\/strong> est un outil pour tous ceux qui veulent combiner une performance sans compromis avec un look accrocheur. Fabriqu\u00e9 en aluminium massif, il dispose d&rsquo;une chambre spacieuse qui donne \u00e0 ton poppers pr\u00e9f\u00e9r\u00e9 suffisamment d&rsquo;espace pour s&rsquo;\u00e9panouir pleinement &#8211; pour un effet maximal.<\/p>\n<p data-start=\"553\" data-end=\"714\">L&rsquo;ouverture XXL et le syst\u00e8me de flux d&rsquo;air \u00e0 trois niveaux garantissent des bouff\u00e9es contr\u00f4l\u00e9es et puissantes : propres, directes et r\u00e9gl\u00e9es avec pr\u00e9cision &#8211; m\u00eame pour les utilisateurs exp\u00e9riment\u00e9s.<\/p>\n<p data-start=\"716\" data-end=\"973\">Con\u00e7u pour la pr\u00e9cision et la performance, le <strong data-start=\"766\" data-end=\"805\">sniffer XTRM BIEST XXL Blue Poppers<\/strong> peut \u00eatre port\u00e9 sur une cha\u00eene ou un bracelet en cuir et est pr\u00eat \u00e0 l&#8217;emploi \u00e0 tout moment. Le couvercle et les bouchons maintiennent le tout en s\u00e9curit\u00e9 et stable, m\u00eame lors de sessions intenses.<\/p>\n<p data-start=\"975\" data-end=\"1123\">Le <strong data-start=\"979\" data-end=\"1018\">sniffer XTRM BIEST XXL Blue Poppers<\/strong> est du mat\u00e9riel pour tous ceux qui aiment le contr\u00f4le &#8211; techniquement bien pens\u00e9, puissant et visuellement sans compromis.<\/p>\n<p data-start=\"1125\" data-end=\"1340\">Combine-le avec ton poppers pr\u00e9f\u00e9r\u00e9 ou cr\u00e9e ton propre m\u00e9lange. Imbibe 1 \u00e0 3 b\u00e2tons de coton (vendus s\u00e9par\u00e9ment) avec le poppers de ton choix et place-les dans le <strong data-start=\"1300\" data-end=\"1339\">sniffer XTRM BIEST XXL Blue Poppers<\/strong>. <\/p>\n<p data-start=\"1342\" data-end=\"1570\"><strong data-start=\"1342\" data-end=\"1364\">D\u00e9tails techniques<\/strong><br data-start=\"1364\" data-end=\"1367\">Mat\u00e9riau : aluminium massif &#8211; robuste, \u00e9tanche \u00e0 la lumi\u00e8re, adapt\u00e9 aux voyages<br data-start=\"1431\" data-end=\"1434\">Flux d&rsquo;air : syst\u00e8me de canaux \u00e0 3 phases pour un effet plus fort et plus r\u00e9gulier<br data-start=\"1501\" data-end=\"1504\">Caract\u00e9ristiques : ouverture XXL, stoppeur, couvercle s\u00e9curis\u00e9, sac de transport<\/p>\n","protected":false},"featured_media":145926,"comment_status":"open","ping_status":"closed","template":"","meta":{"_acf_changed":false,"iawp_total_views":27,"_glsr_average":0,"_glsr_ranking":0,"_glsr_reviews":0},"product_brand":[],"product_cat":[149,1303],"product_tag":[],"class_list":{"0":"post-145927","1":"product","2":"type-product","3":"status-publish","4":"has-post-thumbnail","6":"product_cat-accessoires-poppers","7":"product_cat-booster-caps","9":"first","10":"instock","11":"taxable","12":"shipping-taxable","13":"purchasable","14":"product-type-simple"},"acf":[],"_links":{"self":[{"href":"https:\/\/poppers-online.ch\/fr\/wp-json\/wp\/v2\/product\/145927","targetHints":{"allow":["GET"]}}],"collection":[{"href":"https:\/\/poppers-online.ch\/fr\/wp-json\/wp\/v2\/product"}],"about":[{"href":"https:\/\/poppers-online.ch\/fr\/wp-json\/wp\/v2\/types\/product"}],"replies":[{"embeddable":true,"href":"https:\/\/poppers-online.ch\/fr\/wp-json\/wp\/v2\/comments?post=145927"}],"wp:featuredmedia":[{"embeddable":true,"href":"https:\/\/poppers-online.ch\/fr\/wp-json\/wp\/v2\/media\/145926"}],"wp:attachment":[{"href":"https:\/\/poppers-online.ch\/fr\/wp-json\/wp\/v2\/media?parent=145927"}],"wp:term":[{"taxonomy":"product_brand","embeddable":true,"href":"https:\/\/poppers-online.ch\/fr\/wp-json\/wp\/v2\/product_brand?post=145927"},{"taxonomy":"product_cat","embeddable":true,"href":"https:\/\/poppers-online.ch\/fr\/wp-json\/wp\/v2\/product_cat?post=145927"},{"taxonomy":"product_tag","embeddable":true,"href":"https:\/\/poppers-online.ch\/fr\/wp-json\/wp\/v2\/product_tag?post=145927"}],"curies":[{"name":"wp","href":"https:\/\/api.w.org\/{rel}","templated":true}]}}