{"id":145913,"date":"2026-01-29T10:29:26","date_gmt":"2026-01-29T09:29:26","guid":{"rendered":"https:\/\/poppers-online.ch\/?post_type=product&#038;p=145913"},"modified":"2026-02-12T21:44:27","modified_gmt":"2026-02-12T20:44:27","slug":"xtrm-biest-xxl-poppers-snffr-avec-boite-en-aluminium-de-60-ml-kopie","status":"publish","type":"product","link":"https:\/\/poppers-online.ch\/fr\/produit\/xtrm-biest-xxl-poppers-snffr-avec-boite-en-aluminium-de-60-ml-kopie\/","title":{"rendered":"XTRM BIEST XXL Sniffer de poppers magenta"},"content":{"rendered":"","protected":false},"excerpt":{"rendered":"<p data-start=\"312\" data-end=\"630\">Le <strong data-start=\"316\" data-end=\"358\">Sniffer Poppers XTRM BIEST XXL Magenta<\/strong> est un outil pour tous ceux qui veulent combiner une performance sans compromis avec un look accrocheur. Fabriqu\u00e9 en aluminium massif, il dispose d&rsquo;une chambre g\u00e9n\u00e9reuse qui donne \u00e0 ton poppers pr\u00e9f\u00e9r\u00e9 suffisamment d&rsquo;espace pour s&rsquo;\u00e9panouir pleinement &#8211; pour un effet maximal.<\/p>\n<p data-start=\"632\" data-end=\"793\">L&rsquo;ouverture XXL et le syst\u00e8me de flux d&rsquo;air \u00e0 trois niveaux garantissent des bouff\u00e9es contr\u00f4l\u00e9es et puissantes : propres, directes et r\u00e9gl\u00e9es avec pr\u00e9cision &#8211; m\u00eame pour les utilisateurs exp\u00e9riment\u00e9s.<\/p>\n<p data-start=\"795\" data-end=\"1055\">Con\u00e7u pour la pr\u00e9cision et la performance, le <strong data-start=\"845\" data-end=\"887\">XTRM BIEST XXL Magenta Poppers Sniffer<\/strong> peut \u00eatre port\u00e9 sur une cha\u00eene ou un bracelet en cuir et est pr\u00eat \u00e0 l&#8217;emploi \u00e0 tout moment. Le couvercle et le stoppeur maintiennent le tout en s\u00e9curit\u00e9 et stable, m\u00eame lors de sessions intensives.<\/p>\n<p data-start=\"1057\" data-end=\"1208\">Le <strong data-start=\"1061\" data-end=\"1103\">sniffer XTRM BIEST XXL Magenta Poppers<\/strong> est du mat\u00e9riel pour tous ceux qui aiment le contr\u00f4le &#8211; techniquement bien pens\u00e9, puissant et visuellement sans compromis.<\/p>\n<p data-start=\"1210\" data-end=\"1428\">Combine-le avec tes poppers pr\u00e9f\u00e9r\u00e9s ou cr\u00e9e ton propre m\u00e9lange. Imbibe 1 \u00e0 3 b\u00e2tonnets de coton (vendus s\u00e9par\u00e9ment) avec le poppers de ton choix et place-les dans le <strong data-start=\"1385\" data-end=\"1427\">sniffer XTRM BIEST XXL Poppers Magenta<\/strong>.<\/p>\n<p data-start=\"1430\" data-end=\"1658\"><strong data-start=\"1430\" data-end=\"1452\">D\u00e9tails techniques<\/strong><br data-start=\"1452\" data-end=\"1455\" \/>Mat\u00e9riau : aluminium massif &#8211; robuste, \u00e9tanche \u00e0 la lumi\u00e8re, adapt\u00e9 aux voyages<br data-start=\"1519\" data-end=\"1522\" \/>Flux d&rsquo;air : syst\u00e8me de canaux \u00e0 3 phases pour un effet plus fort et plus r\u00e9gulier<br data-start=\"1589\" data-end=\"1592\" \/>Caract\u00e9ristiques : ouverture XXL, stoppeur, couvercle s\u00e9curis\u00e9, sac de transport<\/p>\n","protected":false},"featured_media":145917,"comment_status":"open","ping_status":"closed","template":"","meta":{"_acf_changed":false,"iawp_total_views":10,"_glsr_average":0,"_glsr_ranking":0,"_glsr_reviews":0},"product_brand":[],"product_cat":[149,1303],"product_tag":[],"class_list":{"0":"post-145913","1":"product","2":"type-product","3":"status-publish","4":"has-post-thumbnail","6":"product_cat-accessoires-poppers","7":"product_cat-booster-caps","9":"first","10":"instock","11":"taxable","12":"shipping-taxable","13":"purchasable","14":"product-type-simple"},"acf":[],"_links":{"self":[{"href":"https:\/\/poppers-online.ch\/fr\/wp-json\/wp\/v2\/product\/145913","targetHints":{"allow":["GET"]}}],"collection":[{"href":"https:\/\/poppers-online.ch\/fr\/wp-json\/wp\/v2\/product"}],"about":[{"href":"https:\/\/poppers-online.ch\/fr\/wp-json\/wp\/v2\/types\/product"}],"replies":[{"embeddable":true,"href":"https:\/\/poppers-online.ch\/fr\/wp-json\/wp\/v2\/comments?post=145913"}],"wp:featuredmedia":[{"embeddable":true,"href":"https:\/\/poppers-online.ch\/fr\/wp-json\/wp\/v2\/media\/145917"}],"wp:attachment":[{"href":"https:\/\/poppers-online.ch\/fr\/wp-json\/wp\/v2\/media?parent=145913"}],"wp:term":[{"taxonomy":"product_brand","embeddable":true,"href":"https:\/\/poppers-online.ch\/fr\/wp-json\/wp\/v2\/product_brand?post=145913"},{"taxonomy":"product_cat","embeddable":true,"href":"https:\/\/poppers-online.ch\/fr\/wp-json\/wp\/v2\/product_cat?post=145913"},{"taxonomy":"product_tag","embeddable":true,"href":"https:\/\/poppers-online.ch\/fr\/wp-json\/wp\/v2\/product_tag?post=145913"}],"curies":[{"name":"wp","href":"https:\/\/api.w.org\/{rel}","templated":true}]}}