{"id":145879,"date":"2026-01-29T09:47:54","date_gmt":"2026-01-29T08:47:54","guid":{"rendered":"https:\/\/poppers-online.ch\/?post_type=product&#038;p=145879"},"modified":"2026-02-12T21:44:14","modified_gmt":"2026-02-12T20:44:14","slug":"gel-fisting-500ml-kopie","status":"publish","type":"product","link":"https:\/\/poppers-online.ch\/fr\/produit\/gel-fisting-500ml-kopie\/","title":{"rendered":"Cr\u00e8me \u00e0 fisting 500ml"},"content":{"rendered":"","protected":false},"excerpt":{"rendered":"<p data-start=\"43\" data-end=\"424\">La <strong data-start=\"47\" data-end=\"70\">Fisting Cream 500ml<\/strong> est inspir\u00e9e de la silicone, tout en \u00e9tant propre et cr\u00e9meuse \u00e0 l&rsquo;utilisation. Elle offre le parfait \u00e9quilibre entre la glisse et l&rsquo;adh\u00e9rence. La <strong data-start=\"202\" data-end=\"225\">cr\u00e8me fisting 500ml<\/strong> est douce, flexible et sp\u00e9cialement con\u00e7ue pour des moments de plaisir de longue dur\u00e9e. Id\u00e9al pour les explorations peau \u00e0 peau, l&rsquo;edging et les moments intenses o\u00f9 la proximit\u00e9 et la connexion sont au centre.<\/p>\n<p data-start=\"426\" data-end=\"629\">Ingr\u00e9dients : Aqua, Petrolatum, Paraffinum Liquidum, Cetearyl Alcohol, Propylene Glycol, PEG-8 Stearate, Ceteareth-25, Dimethicone, Phenoxyethanol, Isopropyl Myristate, Ethylhexylglycerin, Citric Acid<\/p>\n","protected":false},"featured_media":145891,"comment_status":"open","ping_status":"closed","template":"","meta":{"_acf_changed":false,"iawp_total_views":20,"_glsr_average":0,"_glsr_ranking":0,"_glsr_reviews":0},"product_brand":[],"product_cat":[2067,166],"product_tag":[],"class_list":{"0":"post-145879","1":"product","2":"type-product","3":"status-publish","4":"has-post-thumbnail","6":"product_cat-lubrifiant","7":"product_cat-droguerie","9":"first","10":"instock","11":"taxable","12":"shipping-taxable","13":"purchasable","14":"product-type-simple"},"acf":[],"_links":{"self":[{"href":"https:\/\/poppers-online.ch\/fr\/wp-json\/wp\/v2\/product\/145879","targetHints":{"allow":["GET"]}}],"collection":[{"href":"https:\/\/poppers-online.ch\/fr\/wp-json\/wp\/v2\/product"}],"about":[{"href":"https:\/\/poppers-online.ch\/fr\/wp-json\/wp\/v2\/types\/product"}],"replies":[{"embeddable":true,"href":"https:\/\/poppers-online.ch\/fr\/wp-json\/wp\/v2\/comments?post=145879"}],"wp:featuredmedia":[{"embeddable":true,"href":"https:\/\/poppers-online.ch\/fr\/wp-json\/wp\/v2\/media\/145891"}],"wp:attachment":[{"href":"https:\/\/poppers-online.ch\/fr\/wp-json\/wp\/v2\/media?parent=145879"}],"wp:term":[{"taxonomy":"product_brand","embeddable":true,"href":"https:\/\/poppers-online.ch\/fr\/wp-json\/wp\/v2\/product_brand?post=145879"},{"taxonomy":"product_cat","embeddable":true,"href":"https:\/\/poppers-online.ch\/fr\/wp-json\/wp\/v2\/product_cat?post=145879"},{"taxonomy":"product_tag","embeddable":true,"href":"https:\/\/poppers-online.ch\/fr\/wp-json\/wp\/v2\/product_tag?post=145879"}],"curies":[{"name":"wp","href":"https:\/\/api.w.org\/{rel}","templated":true}]}}