{"id":145171,"date":"2026-01-22T17:34:41","date_gmt":"2026-01-22T16:34:41","guid":{"rendered":"https:\/\/poppers-online.ch\/?post_type=product&#038;p=145171"},"modified":"2026-02-12T21:44:17","modified_gmt":"2026-02-12T20:44:17","slug":"beurre-a-fisting-500ml-kopie","status":"publish","type":"product","link":"https:\/\/poppers-online.ch\/fr\/produit\/beurre-a-fisting-500ml-kopie\/","title":{"rendered":"Fisting White Lube 500ml"},"content":{"rendered":"","protected":false},"excerpt":{"rendered":"<p data-start=\"227\" data-end=\"635\">Le <strong data-start=\"231\" data-end=\"259\">Fisting White Lube 500ml<\/strong> combine la visualit\u00e9 avec l&rsquo;exp\u00e9rience visc\u00e9rale. Ce gel \u00e9pais et cr\u00e9meux, semblable \u00e0 du sperme, est destin\u00e9 \u00e0 tous ceux qui aiment que leur lubrifiant soit voyant. Le <strong data-start=\"409\" data-end=\"437\">Fisting White Lube 500ml<\/strong> est doux comme un coussin, s&rsquo;\u00e9coule lentement et est fait pour les sessions marathon &#8211; il offre une glisse avec du drame et de la durabilit\u00e9. Parfait pour les utilisations de jouets, les jeux de r\u00f4le et les sessions de edge play de haute intensit\u00e9.<\/p>\n<p data-start=\"637\" data-end=\"866\"><strong data-start=\"637\" data-end=\"655\">Ingr\u00e9dients :<\/strong> Aqua, glyc\u00e9rine, propyl\u00e8ne glycol, polym\u00e8re crois\u00e9 acrylates\/acryloyldim\u00e9thyltaurate\/dim\u00e9thylacrylamide de sodium, hydroxy\u00e9thylcellulose, isohexadecane, polysorbate 60, \u00e9thylhexylglyc\u00e9rine, ph\u00e9noxy\u00e9thanol, acide citrique<\/p>\n","protected":false},"featured_media":145195,"comment_status":"open","ping_status":"closed","template":"","meta":{"_acf_changed":false,"iawp_total_views":5,"_glsr_average":0,"_glsr_ranking":0,"_glsr_reviews":0},"product_brand":[],"product_cat":[2067,166],"product_tag":[],"class_list":{"0":"post-145171","1":"product","2":"type-product","3":"status-publish","4":"has-post-thumbnail","6":"product_cat-lubrifiant","7":"product_cat-droguerie","9":"first","10":"instock","11":"taxable","12":"shipping-taxable","13":"purchasable","14":"product-type-simple"},"acf":[],"_links":{"self":[{"href":"https:\/\/poppers-online.ch\/fr\/wp-json\/wp\/v2\/product\/145171","targetHints":{"allow":["GET"]}}],"collection":[{"href":"https:\/\/poppers-online.ch\/fr\/wp-json\/wp\/v2\/product"}],"about":[{"href":"https:\/\/poppers-online.ch\/fr\/wp-json\/wp\/v2\/types\/product"}],"replies":[{"embeddable":true,"href":"https:\/\/poppers-online.ch\/fr\/wp-json\/wp\/v2\/comments?post=145171"}],"wp:featuredmedia":[{"embeddable":true,"href":"https:\/\/poppers-online.ch\/fr\/wp-json\/wp\/v2\/media\/145195"}],"wp:attachment":[{"href":"https:\/\/poppers-online.ch\/fr\/wp-json\/wp\/v2\/media?parent=145171"}],"wp:term":[{"taxonomy":"product_brand","embeddable":true,"href":"https:\/\/poppers-online.ch\/fr\/wp-json\/wp\/v2\/product_brand?post=145171"},{"taxonomy":"product_cat","embeddable":true,"href":"https:\/\/poppers-online.ch\/fr\/wp-json\/wp\/v2\/product_cat?post=145171"},{"taxonomy":"product_tag","embeddable":true,"href":"https:\/\/poppers-online.ch\/fr\/wp-json\/wp\/v2\/product_tag?post=145171"}],"curies":[{"name":"wp","href":"https:\/\/api.w.org\/{rel}","templated":true}]}}