{"id":145162,"date":"2026-01-22T17:10:05","date_gmt":"2026-01-22T16:10:05","guid":{"rendered":"https:\/\/poppers-online.ch\/produkt\/beurre-a-fisting-500ml\/"},"modified":"2026-01-22T18:16:57","modified_gmt":"2026-01-22T17:16:57","slug":"beurre-a-fisting-500ml","status":"publish","type":"product","link":"https:\/\/poppers-online.ch\/fr\/produit\/beurre-a-fisting-500ml\/","title":{"rendered":"Beurre \u00e0 fisting 500ml"},"content":{"rendered":"","protected":false},"excerpt":{"rendered":"<p data-start=\"175\" data-end=\"407\">Le <strong data-start=\"179\" data-end=\"203\">Fisting Butter 500ml<\/strong> a \u00e9t\u00e9 sp\u00e9cialement con\u00e7u pour les sessions longues et exigeantes. Elle procure une sensation de peau particuli\u00e8rement douce et d\u00e9tendue et favorise une glisse sans effort &#8211; sans pression ni frottement d\u00e9sagr\u00e9ables. <\/p>\n<p data-start=\"409\" data-end=\"751\">Gr\u00e2ce \u00e0 sa consistance extra riche et \u00e9paisse, le beurre convainc par son effet lubrifiant exceptionnellement long. M\u00eame en cas d&rsquo;utilisation prolong\u00e9e, il reste souple, ne se dess\u00e8che pas et s&rsquo;\u00e9tale uniform\u00e9ment sur la peau. Ainsi, la sensation reste agr\u00e9able en permanence et les transitions fluides sont possibles \u00e0 tout moment.  <\/p>\n<p data-start=\"753\" data-end=\"1019\">Avec sa contenance g\u00e9n\u00e9reuse, la bo\u00eete de 500 ml est id\u00e9ale pour des exp\u00e9riences intenses sans avoir \u00e0 en rajouter constamment. Que tu sois d\u00e9butant ou utilisateur exp\u00e9riment\u00e9, le <strong data-start=\"915\" data-end=\"939\">Fisting Butter 500ml<\/strong> est synonyme de lubrification maximale, de s\u00e9curit\u00e9 et de confort \u00e0 chaque utilisation. <\/p>\n<p data-start=\"1021\" data-end=\"1191\"><strong data-start=\"1021\" data-end=\"1040\">D\u00e9tails du produit :<\/strong><br data-start=\"1040\" data-end=\"1043\">\u2713 Consistance particuli\u00e8rement \u00e9paisse<br data-start=\"1071\" data-end=\"1074\">\u2713 Convient pour le fisting et le sexe anal<br data-start=\"1108\" data-end=\"1111\">\u2713 Ne s\u00e8che pas<br data-start=\"1131\" data-end=\"1134\">\u2713 Lubrification extra longue<br data-start=\"1162\" data-end=\"1165\">\u2713 Tr\u00e8s haut pouvoir lubrifiant<\/p>\n<p data-start=\"1193\" data-end=\"1253\">Contenu : 500 ml<br data-start=\"1207\" data-end=\"1210\">Ingr\u00e9dients : Petrolatum, Octyldodecanol<\/p>\n","protected":false},"featured_media":145156,"comment_status":"open","ping_status":"closed","template":"","meta":{"_acf_changed":false,"iawp_total_views":24,"_glsr_average":0,"_glsr_ranking":0,"_glsr_reviews":0},"product_brand":[],"product_cat":[2067,166],"product_tag":[],"class_list":{"0":"post-145162","1":"product","2":"type-product","3":"status-publish","4":"has-post-thumbnail","6":"product_cat-lubrifiant","7":"product_cat-droguerie","9":"first","10":"instock","11":"taxable","12":"shipping-taxable","13":"purchasable","14":"product-type-simple"},"acf":[],"_links":{"self":[{"href":"https:\/\/poppers-online.ch\/fr\/wp-json\/wp\/v2\/product\/145162","targetHints":{"allow":["GET"]}}],"collection":[{"href":"https:\/\/poppers-online.ch\/fr\/wp-json\/wp\/v2\/product"}],"about":[{"href":"https:\/\/poppers-online.ch\/fr\/wp-json\/wp\/v2\/types\/product"}],"replies":[{"embeddable":true,"href":"https:\/\/poppers-online.ch\/fr\/wp-json\/wp\/v2\/comments?post=145162"}],"wp:featuredmedia":[{"embeddable":true,"href":"https:\/\/poppers-online.ch\/fr\/wp-json\/wp\/v2\/media\/145156"}],"wp:attachment":[{"href":"https:\/\/poppers-online.ch\/fr\/wp-json\/wp\/v2\/media?parent=145162"}],"wp:term":[{"taxonomy":"product_brand","embeddable":true,"href":"https:\/\/poppers-online.ch\/fr\/wp-json\/wp\/v2\/product_brand?post=145162"},{"taxonomy":"product_cat","embeddable":true,"href":"https:\/\/poppers-online.ch\/fr\/wp-json\/wp\/v2\/product_cat?post=145162"},{"taxonomy":"product_tag","embeddable":true,"href":"https:\/\/poppers-online.ch\/fr\/wp-json\/wp\/v2\/product_tag?post=145162"}],"curies":[{"name":"wp","href":"https:\/\/api.w.org\/{rel}","templated":true}]}}