{"id":145113,"date":"2026-01-22T16:13:59","date_gmt":"2026-01-22T15:13:59","guid":{"rendered":"https:\/\/poppers-online.ch\/?post_type=product&#038;p=145113"},"modified":"2026-02-12T21:44:22","modified_gmt":"2026-02-12T20:44:22","slug":"masque-en-caoutchouc-xtrm-monster-red-kopie","status":"publish","type":"product","link":"https:\/\/poppers-online.ch\/fr\/produit\/masque-en-caoutchouc-xtrm-monster-red-kopie\/","title":{"rendered":"XTRM Masque en caoutchouc Void rose"},"content":{"rendered":"","protected":false},"excerpt":{"rendered":"<p data-start=\"250\" data-end=\"527\">Le <strong data-start=\"254\" data-end=\"284\">masque en caoutchouc XTRM Void Pink<\/strong> est une tenue styl\u00e9e pour tous les fans de caoutchouc et de BDSM. XTRM a r\u00e9ussi \u00e0 faire de ce masque un v\u00e9ritable accroche-regard. Tu peux facilement ajuster les lani\u00e8res \u00e0 l&rsquo;arri\u00e8re \u00e0 n&rsquo;importe quelle taille de t\u00eate pour que le masque s&rsquo;adapte parfaitement \u00e0 la t\u00eate.<\/p>\n<p data-start=\"529\" data-end=\"763\">Comme accessoires, tu peux acheter dans notre boutique, entre autres, un tube adapt\u00e9, des filtres ou un contr\u00f4leur esclave. Ainsi, tu peux toujours renouveler le <strong data-start=\"672\" data-end=\"702\">XTRM Rubber Mask Void Pink<\/strong> avec diff\u00e9rentes variantes de jeu.<\/p>\n<p data-start=\"765\" data-end=\"1156\">Le masque en caoutchouc XTRM donne vie \u00e0 tes fantasmes f\u00e9tichistes. Id\u00e9al pour tous les amateurs de f\u00e9tichisme du caoutchouc et de jeux de contr\u00f4le de la respiration, le <strong data-start=\"907\" data-end=\"937\">masque XTRM Rubber Void Pink<\/strong> offre une possibilit\u00e9 exclusive de vivre tes pr\u00e9f\u00e9rences excitantes. Que ce soit pour le f\u00e9tichisme du caoutchouc ou les jeux de contr\u00f4le de la respiration, ce masque est ton compagnon id\u00e9al. Les accessoires peuvent \u00eatre command\u00e9s comme article s\u00e9par\u00e9 dans notre boutique.<\/p>\n","protected":false},"featured_media":145131,"comment_status":"open","ping_status":"closed","template":"","meta":{"_acf_changed":false,"iawp_total_views":3,"_glsr_average":0,"_glsr_ranking":0,"_glsr_reviews":0},"product_brand":[],"product_cat":[149],"product_tag":[],"class_list":{"0":"post-145113","1":"product","2":"type-product","3":"status-publish","4":"has-post-thumbnail","6":"product_cat-accessoires-poppers","8":"first","9":"instock","10":"taxable","11":"shipping-taxable","12":"purchasable","13":"product-type-simple"},"acf":[],"_links":{"self":[{"href":"https:\/\/poppers-online.ch\/fr\/wp-json\/wp\/v2\/product\/145113","targetHints":{"allow":["GET"]}}],"collection":[{"href":"https:\/\/poppers-online.ch\/fr\/wp-json\/wp\/v2\/product"}],"about":[{"href":"https:\/\/poppers-online.ch\/fr\/wp-json\/wp\/v2\/types\/product"}],"replies":[{"embeddable":true,"href":"https:\/\/poppers-online.ch\/fr\/wp-json\/wp\/v2\/comments?post=145113"}],"wp:featuredmedia":[{"embeddable":true,"href":"https:\/\/poppers-online.ch\/fr\/wp-json\/wp\/v2\/media\/145131"}],"wp:attachment":[{"href":"https:\/\/poppers-online.ch\/fr\/wp-json\/wp\/v2\/media?parent=145113"}],"wp:term":[{"taxonomy":"product_brand","embeddable":true,"href":"https:\/\/poppers-online.ch\/fr\/wp-json\/wp\/v2\/product_brand?post=145113"},{"taxonomy":"product_cat","embeddable":true,"href":"https:\/\/poppers-online.ch\/fr\/wp-json\/wp\/v2\/product_cat?post=145113"},{"taxonomy":"product_tag","embeddable":true,"href":"https:\/\/poppers-online.ch\/fr\/wp-json\/wp\/v2\/product_tag?post=145113"}],"curies":[{"name":"wp","href":"https:\/\/api.w.org\/{rel}","templated":true}]}}