{"id":145096,"date":"2026-01-22T15:38:55","date_gmt":"2026-01-22T14:38:55","guid":{"rendered":"https:\/\/poppers-online.ch\/produkt\/xtrm-ultimate-poppers-masque-blanc-v3\/"},"modified":"2026-03-09T07:29:26","modified_gmt":"2026-03-09T06:29:26","slug":"xtrm-ultimate-poppers-masque-blanc-v3","status":"publish","type":"product","link":"https:\/\/poppers-online.ch\/fr\/produit\/xtrm-ultimate-poppers-masque-blanc-v3\/","title":{"rendered":"XTRM Ultimate Poppers Mask White V3"},"content":{"rendered":"","protected":false},"excerpt":{"rendered":"<p data-start=\"221\" data-end=\"1003\">Fais maintenant l&rsquo;exp\u00e9rience la plus intense et la plus unique des Poppers. Le <strong data-start=\"291\" data-end=\"325\">masque XTRM Ultimate Poppers V3<\/strong> offre une toute nouvelle dimension de moments intenses et excitants, parfait pour les amateurs de Poppers qui recherchent l&rsquo;ultime. Ce produit ne convient pas aux d\u00e9butants en Poppers. Le masque repose en douceur sur le visage gr\u00e2ce \u00e0 son bord rembourr\u00e9, tout en couvrant la zone du nez et de la bouche. Le XTRM SNFFR est un support ing\u00e9nieux, sp\u00e9cialement con\u00e7u pour extraire efficacement le Poppers de la bouteille en aluminium de 60 ml incluse. Mets un peu de coton ou des b\u00e2tonnets d&rsquo;ouate dans le flacon, arrose-le avec ton poppers pr\u00e9f\u00e9r\u00e9. Visse le flacon de Poppers Alu sur l&rsquo;adaptateur. Fixe-le ensuite au masque respiratoire et c&rsquo;est parti.       <\/p>\n<p data-start=\"1005\" data-end=\"1546\">Le <strong data-start=\"1009\" data-end=\"1043\">masque XTRM Ultimate Poppers V3<\/strong> est tr\u00e8s pratique pour une prise en main libre confortable lors de jeux particuli\u00e8rement intenses, comme par exemple en sling, en position levrette ou en gangbang. Le support de t\u00eate solide tient parfaitement en place, m\u00eame lors d&rsquo;activit\u00e9s intenses. La valve sup\u00e9rieure sur le masque en latex sert \u00e0 ce que tu puisses \u00e9vacuer ou ajouter de l&rsquo;air. Laver le masque apr\u00e8s utilisation et le laisser s\u00e9cher \u00e0 l&rsquo;air libre avant de le ranger. N&rsquo;utilise pas de produits de nettoyage agressifs, car ils peuvent endommager le caoutchouc de l&#8217;embout.<\/p>\n","protected":false},"featured_media":145090,"comment_status":"open","ping_status":"closed","template":"","meta":{"_acf_changed":false,"iawp_total_views":18,"_glsr_average":0,"_glsr_ranking":0,"_glsr_reviews":0},"product_brand":[],"product_cat":[149],"product_tag":[],"class_list":{"0":"post-145096","1":"product","2":"type-product","3":"status-publish","4":"has-post-thumbnail","6":"product_cat-accessoires-poppers","8":"first","9":"outofstock","10":"taxable","11":"shipping-taxable","12":"purchasable","13":"product-type-simple"},"acf":[],"_links":{"self":[{"href":"https:\/\/poppers-online.ch\/fr\/wp-json\/wp\/v2\/product\/145096","targetHints":{"allow":["GET"]}}],"collection":[{"href":"https:\/\/poppers-online.ch\/fr\/wp-json\/wp\/v2\/product"}],"about":[{"href":"https:\/\/poppers-online.ch\/fr\/wp-json\/wp\/v2\/types\/product"}],"replies":[{"embeddable":true,"href":"https:\/\/poppers-online.ch\/fr\/wp-json\/wp\/v2\/comments?post=145096"}],"wp:featuredmedia":[{"embeddable":true,"href":"https:\/\/poppers-online.ch\/fr\/wp-json\/wp\/v2\/media\/145090"}],"wp:attachment":[{"href":"https:\/\/poppers-online.ch\/fr\/wp-json\/wp\/v2\/media?parent=145096"}],"wp:term":[{"taxonomy":"product_brand","embeddable":true,"href":"https:\/\/poppers-online.ch\/fr\/wp-json\/wp\/v2\/product_brand?post=145096"},{"taxonomy":"product_cat","embeddable":true,"href":"https:\/\/poppers-online.ch\/fr\/wp-json\/wp\/v2\/product_cat?post=145096"},{"taxonomy":"product_tag","embeddable":true,"href":"https:\/\/poppers-online.ch\/fr\/wp-json\/wp\/v2\/product_tag?post=145096"}],"curies":[{"name":"wp","href":"https:\/\/api.w.org\/{rel}","templated":true}]}}