{"id":145077,"date":"2026-01-22T14:59:32","date_gmt":"2026-01-22T13:59:32","guid":{"rendered":"https:\/\/poppers-online.ch\/produkt\/tout-ce-que-tu-veux-papa-poppers-combo\/"},"modified":"2026-03-16T09:22:35","modified_gmt":"2026-03-16T08:22:35","slug":"tout-ce-que-tu-veux-papa-poppers-combo","status":"publish","type":"product","link":"https:\/\/poppers-online.ch\/fr\/produit\/tout-ce-que-tu-veux-papa-poppers-combo\/","title":{"rendered":"Tout ce que tu veux, papa ! Poppers Combo"},"content":{"rendered":"","protected":false},"excerpt":{"rendered":"<p data-start=\"13\" data-end=\"301\"><strong data-start=\"13\" data-end=\"56\">Tout ce que tu veux, papa ! Poppers Combo <\/strong>  c&rsquo;est de la soumission pure, du plaisir pur et de l&rsquo;intensit\u00e9 maximale. Ce combo est pour tous ceux qui aiment le contr\u00f4le, repousser les limites et vivre leurs fantasmes sans compromis. Salement, directement et sans retenue &#8211; exactement comme cela doit \u00eatre.  <\/p>\n<p data-start=\"303\" data-end=\"850\">Le kit contient <strong data-start=\"324\" data-end=\"359\">Super Extreme Slut Poppers 24ml<\/strong>. Pr\u00eat \u00e0 passer au niveau sup\u00e9rieur ? Ce Poppers est bas\u00e9 sur du nitrite de pentyle tr\u00e8s pur et fournit un effet particuli\u00e8rement intense et puissant. Con\u00e7u pour des sessions sans honte et sans limite, parfait pour les jeux de r\u00f4le extr\u00eames, les sc\u00e9narios de domination et les moments o\u00f9 toi ou ton partenaire doit devenir le Super Extreme Slut absolu. Le flacon pratique de 24 ml garantit que tu ne seras pas trop vite \u00e0 court de puissance. Ce Poppers est synonyme de d\u00e9vouement sans compromis et d&rsquo;effet maximal.     <\/p>\n<p data-start=\"852\" data-end=\"1490\">A cela s&rsquo;ajoute le <strong data-start=\"867\" data-end=\"923\">Poppers Booster Cap XTRM SNFFR Double Small Phantasy<\/strong> de XTRM. Il fait passer ton exp\u00e9rience Poppers \u00e0 un niveau sup\u00e9rieur. D\u00e9visse simplement le couvercle original, mets le Booster Cap et sens imm\u00e9diatement la diff\u00e9rence. Le double sniffer procure un kick plus direct et plus intense tout en prot\u00e9geant ta peau des irritations, car il n&rsquo;y a pas de contact direct avec le liquide. Apr\u00e8s utilisation, il est imp\u00e9ratif de revisser le bouchon original pour \u00e9viter les fuites.<br data-start=\"1372\" data-end=\"1375\">Le booster cap s&rsquo;adapte \u00e0 tous les flacons ronds de 10ml et 30ml des fabricants Lockerroom, Shelbora et Royal Hexagon.    <\/p>\n<p data-start=\"1492\" data-end=\"1677\">Le site  <strong data-start=\"1496\" data-end=\"1539\">Tout ce que tu veux, papa ! Poppers Combo <\/strong>  est faite pour un d\u00e9vouement absolu, des r\u00f4les clairs et le moment o\u00f9 tu ne veux qu&rsquo;une chose : ob\u00e9ir, ressentir et te laisser aller.<\/p>\n","protected":false},"featured_media":145076,"comment_status":"open","ping_status":"closed","template":"","meta":{"_acf_changed":false,"iawp_total_views":49,"_glsr_average":0,"_glsr_ranking":0,"_glsr_reviews":0},"product_brand":[],"product_cat":[1046,76,77,149,1303],"product_tag":[],"class_list":{"0":"post-145077","1":"product","2":"type-product","3":"status-publish","4":"has-post-thumbnail","6":"product_cat-poppers","7":"product_cat-paquets-economiques","8":"product_cat-grands-flacons","9":"product_cat-accessoires-poppers","10":"product_cat-booster-caps","11":"pa_booster-cap-gewindegroesse-pour-taille-de-filetage-small","12":"pa_flaschenform-ovale","13":"pa_gewindegroesse-small","14":"pa_inhalt-combo","15":"pa_inhalt-24ml","16":"pa_inhaltsstoffe-nitrite-de-pentyle","17":"pa_staerke-89","19":"first","20":"instock","21":"sale","22":"taxable","23":"shipping-taxable","24":"purchasable","25":"product-type-simple"},"acf":[],"_links":{"self":[{"href":"https:\/\/poppers-online.ch\/fr\/wp-json\/wp\/v2\/product\/145077","targetHints":{"allow":["GET"]}}],"collection":[{"href":"https:\/\/poppers-online.ch\/fr\/wp-json\/wp\/v2\/product"}],"about":[{"href":"https:\/\/poppers-online.ch\/fr\/wp-json\/wp\/v2\/types\/product"}],"replies":[{"embeddable":true,"href":"https:\/\/poppers-online.ch\/fr\/wp-json\/wp\/v2\/comments?post=145077"}],"wp:featuredmedia":[{"embeddable":true,"href":"https:\/\/poppers-online.ch\/fr\/wp-json\/wp\/v2\/media\/145076"}],"wp:attachment":[{"href":"https:\/\/poppers-online.ch\/fr\/wp-json\/wp\/v2\/media?parent=145077"}],"wp:term":[{"taxonomy":"product_brand","embeddable":true,"href":"https:\/\/poppers-online.ch\/fr\/wp-json\/wp\/v2\/product_brand?post=145077"},{"taxonomy":"product_cat","embeddable":true,"href":"https:\/\/poppers-online.ch\/fr\/wp-json\/wp\/v2\/product_cat?post=145077"},{"taxonomy":"product_tag","embeddable":true,"href":"https:\/\/poppers-online.ch\/fr\/wp-json\/wp\/v2\/product_tag?post=145077"}],"curies":[{"name":"wp","href":"https:\/\/api.w.org\/{rel}","templated":true}]}}