{"id":145064,"date":"2026-01-22T12:30:33","date_gmt":"2026-01-22T11:30:33","guid":{"rendered":"https:\/\/poppers-online.ch\/produkt\/pussygasm-poppers-combo\/"},"modified":"2026-03-16T10:32:09","modified_gmt":"2026-03-16T09:32:09","slug":"pussygasm-poppers-combo","status":"publish","type":"product","link":"https:\/\/poppers-online.ch\/fr\/produit\/pussygasm-poppers-combo\/","title":{"rendered":"Pussygasm Poppers Combo"},"content":{"rendered":"","protected":false},"excerpt":{"rendered":"<p data-start=\"13\" data-end=\"358\"><strong data-start=\"13\" data-end=\"40\">Pussygasm Poppers Combo<\/strong> est ton invitation \u00e0 des moments intenses et sans retenue, pleins de plaisir et de d\u00e9votion. Ce combo allie une coquinerie ludique \u00e0 une puissance sans compromis et rend chaque session sensiblement plus intense. Parfait pour ceux qui veulent se laisser aller, s&rsquo;immerger plus profond\u00e9ment et vivre leur c\u00f4t\u00e9 sensuel sans retenue.  <\/p>\n<p data-start=\"360\" data-end=\"1141\">Le kit comprend le <strong data-start=\"385\" data-end=\"440\">Poppers Booster Cap XTRM SNFFR Double Small Magenta<\/strong> de XTRM. Il fait passer ta consommation de Poppers \u00e0 un niveau sup\u00e9rieur : d\u00e9visse simplement le couvercle original, mets le Booster Cap et sens imm\u00e9diatement la diff\u00e9rence. Le double sniffer procure un kick plus direct et plus intense tout en prot\u00e9geant ta peau des irritations, car il n&rsquo;y a pas de contact direct avec le liquide. Apr\u00e8s utilisation, le bouchon original doit \u00eatre reviss\u00e9 pour \u00e9viter les fuites.<br data-start=\"882\" data-end=\"885\">Le bouchon booster s&rsquo;adapte \u00e0 tous les flacons ronds de 10ml et 30ml des fabricants Lockerroom, Shelbora et Royal Hexagon. La couleur magenta frappante n&rsquo;est pas seulement un point fort visuel, elle est aussi consid\u00e9r\u00e9e dans le milieu comme un v\u00e9ritable favori avec un fort facteur f\u00e9tiche.    <\/p>\n<p data-start=\"1143\" data-end=\"1675\">A cela s&rsquo;ajoute <strong data-start=\"1154\" data-end=\"1194\">Sissy Poppers 24ml de Twisted Beast<\/strong>, le poppers parfait pour tous ceux qui veulent vivre leur c\u00f4t\u00e9 soumis, joueur et particuli\u00e8rement jouissif. Avec sa formule pentyl\/isoamyl alcool nitrite, il fournit un rush intense et chaud qui te fait l\u00e2cher prise plus rapidement et augmente sensiblement ta perception.<br data-start=\"1474\" data-end=\"1477\">Twisted Beast est une marque l\u00e9gendaire de sexe gay hardcore d&rsquo;Angleterre, connue pour ses produits extr\u00eames et cultes. Avec le Sissy Poppers, tu obtiens cette sensation underground directement chez toi.  <\/p>\n<p data-start=\"1677\" data-end=\"1891\">Le <strong data-start=\"1681\" data-end=\"1708\">Pussygasm Poppers Combo<\/strong> est synonyme de d\u00e9votion pure, d&rsquo;\u00e9nergie \u00e9rotique et d&rsquo;intensit\u00e9 sans compromis. Une combinaison pour tous ceux qui veulent plus que le standard et qui savourent leur plaisir consciemment, ouvertement et sans honte. <\/p>\n","protected":false},"featured_media":145061,"comment_status":"open","ping_status":"closed","template":"","meta":{"_acf_changed":false,"iawp_total_views":162,"_glsr_average":0,"_glsr_ranking":0,"_glsr_reviews":0},"product_brand":[],"product_cat":[1046,76,77,149,1303],"product_tag":[],"class_list":{"0":"post-145064","1":"product","2":"type-product","3":"status-publish","4":"has-post-thumbnail","6":"product_cat-poppers","7":"product_cat-paquets-economiques","8":"product_cat-grands-flacons","9":"product_cat-accessoires-poppers","10":"product_cat-booster-caps","11":"pa_booster-cap-gewindegroesse-pour-taille-de-filetage-small","12":"pa_flaschenform-ovale","13":"pa_gewindegroesse-small","14":"pa_inhalt-combo","15":"pa_inhalt-24ml","16":"pa_inhaltsstoffe-nitrite-dalcool-isoamylique","17":"pa_marke-twisted-beast","18":"pa_staerke-91","20":"first","21":"instock","22":"sale","23":"taxable","24":"shipping-taxable","25":"purchasable","26":"product-type-simple"},"acf":[],"_links":{"self":[{"href":"https:\/\/poppers-online.ch\/fr\/wp-json\/wp\/v2\/product\/145064","targetHints":{"allow":["GET"]}}],"collection":[{"href":"https:\/\/poppers-online.ch\/fr\/wp-json\/wp\/v2\/product"}],"about":[{"href":"https:\/\/poppers-online.ch\/fr\/wp-json\/wp\/v2\/types\/product"}],"replies":[{"embeddable":true,"href":"https:\/\/poppers-online.ch\/fr\/wp-json\/wp\/v2\/comments?post=145064"}],"wp:featuredmedia":[{"embeddable":true,"href":"https:\/\/poppers-online.ch\/fr\/wp-json\/wp\/v2\/media\/145061"}],"wp:attachment":[{"href":"https:\/\/poppers-online.ch\/fr\/wp-json\/wp\/v2\/media?parent=145064"}],"wp:term":[{"taxonomy":"product_brand","embeddable":true,"href":"https:\/\/poppers-online.ch\/fr\/wp-json\/wp\/v2\/product_brand?post=145064"},{"taxonomy":"product_cat","embeddable":true,"href":"https:\/\/poppers-online.ch\/fr\/wp-json\/wp\/v2\/product_cat?post=145064"},{"taxonomy":"product_tag","embeddable":true,"href":"https:\/\/poppers-online.ch\/fr\/wp-json\/wp\/v2\/product_tag?post=145064"}],"curies":[{"name":"wp","href":"https:\/\/api.w.org\/{rel}","templated":true}]}}