{"id":145054,"date":"2026-01-22T11:23:39","date_gmt":"2026-01-22T10:23:39","guid":{"rendered":"https:\/\/poppers-online.ch\/produkt\/poppers-combo-grand-ouvert\/"},"modified":"2026-01-22T15:29:15","modified_gmt":"2026-01-22T14:29:15","slug":"poppers-combo-grand-ouvert","status":"publish","type":"product","link":"https:\/\/poppers-online.ch\/fr\/produit\/poppers-combo-grand-ouvert\/","title":{"rendered":"Open Wide Poppers Combo"},"content":{"rendered":"","protected":false},"excerpt":{"rendered":"<p data-start=\"13\" data-end=\"537\"><strong data-start=\"13\" data-end=\"40\">Open Wide Poppers Combo<\/strong> est fait pour ceux qui le veulent plus dur, plus profond et plus d\u00e9brid\u00e9. Ce kit est fait pour les sessions o\u00f9 le plaisir domine et o\u00f9 le contr\u00f4le devient un pur abandon. Avec le <strong data-start=\"210\" data-end=\"244\">FIST HOLE EXTREME Poppers 30ml<\/strong> et le <strong data-start=\"253\" data-end=\"306\">Poppers Booster Cap XTRM SNFFR Double Small black<\/strong>, tu fais l&rsquo;exp\u00e9rience de ton Poppers plus intense, plus direct et sans compromis. Plus de pression, plus d&rsquo;ouverture, plus de kick &#8211; le combo Open Wide Poppers est ton outil pour des fantasmes sales, des moments extr\u00eames et des sessions qui restent longtemps dans la t\u00eate.   <\/p>\n<p data-start=\"539\" data-end=\"913\"><strong data-start=\"539\" data-end=\"573\">FIST HOLE EXTREME Poppers 30ml<\/strong><br data-start=\"573\" data-end=\"576\">Le <strong data-start=\"580\" data-end=\"614\">FIST HOLE EXTREME Poppers 30ml<\/strong> est sp\u00e9cialement con\u00e7u pour les pratiques extr\u00eames comme le fisting ou le sexe anal intense. Il contient du nitrite d&rsquo;hexyle, consid\u00e9r\u00e9 comme l&rsquo;un des nitrites d&rsquo;alkyle les moins nocifs pour la sant\u00e9. Avec une intensit\u00e9 de 6, il fait partie des vari\u00e9t\u00e9s les plus intenses sur le march\u00e9 et fournit un effet puissant sans compromis.  <\/p>\n<p data-start=\"915\" data-end=\"1186\">Le flacon de 30ml dispose d&rsquo;un bouchon facile \u00e0 ouvrir et est id\u00e9al pour les longues sessions prolong\u00e9es. Avec le <strong data-start=\"1044\" data-end=\"1078\">FIST HOLE EXTREME Poppers 30ml<\/strong>, tu repousses tes limites, tu te d\u00e9tends plus profond\u00e9ment et tu rends tes exp\u00e9riences de fist encore plus intenses et plus excitantes. <\/p>\n<p data-start=\"1188\" data-end=\"1528\"><strong data-start=\"1188\" data-end=\"1241\">Poppers Booster Cap XTRM SNFFR Double Small black<\/strong><br data-start=\"1241\" data-end=\"1244\">Le <strong data-start=\"1248\" data-end=\"1301\">Poppers Booster Cap XTRM SNFFR Double Small black<\/strong> de XTRM fait passer l&rsquo;utilisation des poppers \u00e0 un niveau sup\u00e9rieur. Tu d\u00e9visses le couvercle original du fabricant et tu le remplaces par le Booster Cap. L&rsquo;effet est imm\u00e9diatement perceptible : plus intense, plus direct et plus contr\u00f4l\u00e9.  <\/p>\n<p data-start=\"1530\" data-end=\"1839\">Un grand avantage est la protection de ta peau. Gr\u00e2ce au capuchon booster, tu \u00e9vites le contact direct de la peau avec le Poppers et r\u00e9duis ainsi consid\u00e9rablement le risque d&rsquo;irritation ou de br\u00fblure. Apr\u00e8s l&rsquo;utilisation, il faut imp\u00e9rativement revisser le couvercle original pour \u00e9viter les fuites.  <\/p>\n<p data-start=\"1841\" data-end=\"2089\">Le <strong data-start=\"1845\" data-end=\"1898\">Poppers Booster Cap XTRM SNFFR Double Small black<\/strong> est compatible avec tous les flacons ronds de 10ml et 30ml du fabricant Lockerroom du Canada. Il est parfait pour ceux qui veulent plus d&rsquo;intensit\u00e9, plus de s\u00e9curit\u00e9 et plus de contr\u00f4le.<\/p>\n","protected":false},"featured_media":145052,"comment_status":"open","ping_status":"closed","template":"","meta":{"_acf_changed":false,"iawp_total_views":123,"_glsr_average":0,"_glsr_ranking":0,"_glsr_reviews":0},"product_brand":[],"product_cat":[1046,76,77],"product_tag":[],"class_list":{"0":"post-145054","1":"product","2":"type-product","3":"status-publish","4":"has-post-thumbnail","6":"product_cat-poppers","7":"product_cat-paquets-economiques","8":"product_cat-grands-flacons","9":"pa_booster-cap-gewindegroesse-pour-taille-de-filetage-small","10":"pa_flaschenform-rond-grand","11":"pa_gewindegroesse-small","12":"pa_inhalt-combo","13":"pa_inhalt-30ml","14":"pa_inhaltsstoffe-nitrite-dhexyle","15":"pa_marke-fist-poppers","16":"pa_marke-royal-hexagon-fr","17":"pa_staerke-91","19":"first","20":"instock","21":"sale","22":"taxable","23":"shipping-taxable","24":"purchasable","25":"product-type-simple"},"acf":[],"_links":{"self":[{"href":"https:\/\/poppers-online.ch\/fr\/wp-json\/wp\/v2\/product\/145054","targetHints":{"allow":["GET"]}}],"collection":[{"href":"https:\/\/poppers-online.ch\/fr\/wp-json\/wp\/v2\/product"}],"about":[{"href":"https:\/\/poppers-online.ch\/fr\/wp-json\/wp\/v2\/types\/product"}],"replies":[{"embeddable":true,"href":"https:\/\/poppers-online.ch\/fr\/wp-json\/wp\/v2\/comments?post=145054"}],"wp:featuredmedia":[{"embeddable":true,"href":"https:\/\/poppers-online.ch\/fr\/wp-json\/wp\/v2\/media\/145052"}],"wp:attachment":[{"href":"https:\/\/poppers-online.ch\/fr\/wp-json\/wp\/v2\/media?parent=145054"}],"wp:term":[{"taxonomy":"product_brand","embeddable":true,"href":"https:\/\/poppers-online.ch\/fr\/wp-json\/wp\/v2\/product_brand?post=145054"},{"taxonomy":"product_cat","embeddable":true,"href":"https:\/\/poppers-online.ch\/fr\/wp-json\/wp\/v2\/product_cat?post=145054"},{"taxonomy":"product_tag","embeddable":true,"href":"https:\/\/poppers-online.ch\/fr\/wp-json\/wp\/v2\/product_tag?post=145054"}],"curies":[{"name":"wp","href":"https:\/\/api.w.org\/{rel}","templated":true}]}}