{"id":144186,"date":"2026-01-15T09:38:22","date_gmt":"2026-01-15T08:38:22","guid":{"rendered":"https:\/\/poppers-online.ch\/produkt\/casquette-anti-eclaboussures-beakr-poppers-verte\/"},"modified":"2026-04-10T02:05:16","modified_gmt":"2026-04-10T00:05:16","slug":"casquette-anti-eclaboussures-beakr-poppers-verte","status":"publish","type":"product","link":"https:\/\/poppers-online.ch\/fr\/produit\/casquette-anti-eclaboussures-beakr-poppers-verte\/","title":{"rendered":"Casquette anti-\u00e9claboussures Beakr Poppers verte"},"content":{"rendered":"","protected":false},"excerpt":{"rendered":"<p data-start=\"173\" data-end=\"558\"><strong data-start=\"173\" data-end=\"212\">Beakr Poppers Spill Proof Cap Green<\/strong> est le couvercle de mise \u00e0 niveau intelligent pour ton Poppers &#8211; pratique, s\u00fbr et pr\u00eat \u00e0 l&#8217;emploi en permanence. Le grand avantage : tu peux laisser le Booster Cap en permanence sur le flacon. Pas de d\u00e9vissage, pas de repositionnement, pas de manipulation de pi\u00e8ces individuelles comme avec les sniffer caps traditionnels. Cette caps remplace compl\u00e8tement le couvercle original du fabricant.   <\/p>\n<p data-start=\"560\" data-end=\"788\">Id\u00e9al pour les d\u00e9placements et une utilisation rapide : sors le flacon du sac, tourne le levier, c&rsquo;est tout. Pas de couvercle dans la main, pas de d\u00e9versement. Le m\u00e9canisme Spill-Proof garantit un transport propre et une utilisation imm\u00e9diate.  <\/p>\n<p data-start=\"790\" data-end=\"887\">L&rsquo;utilisation est simple et intuitive.<br data-start=\"828\" data-end=\"831\">Levier vers le haut = ferm\u00e9.<br data-start=\"861\" data-end=\"864\">Levier sur le c\u00f4t\u00e9 = ouvert.<\/p>\n<p data-start=\"889\" data-end=\"1083\"><strong data-start=\"889\" data-end=\"928\">Beakr Poppers Spill Proof Cap Green<\/strong> est compatible avec les flacons de taille Small et rend ton exp\u00e9rience Poppers plus confortable, plus s\u00fbre et plus efficace &#8211; une fois mont\u00e9, toujours pr\u00eat.<\/p>\n","protected":false},"featured_media":144183,"comment_status":"open","ping_status":"closed","template":"","meta":{"_acf_changed":false,"iawp_total_views":8,"_glsr_average":0,"_glsr_ranking":0,"_glsr_reviews":0},"product_brand":[],"product_cat":[149,1303],"product_tag":[],"class_list":{"0":"post-144186","1":"product","2":"type-product","3":"status-publish","4":"has-post-thumbnail","6":"product_cat-accessoires-poppers","7":"product_cat-booster-caps","8":"pa_booster-cap-gewindegroesse-pour-taille-de-filetage-small","10":"first","11":"instock","12":"taxable","13":"shipping-taxable","14":"purchasable","15":"product-type-simple"},"acf":[],"_links":{"self":[{"href":"https:\/\/poppers-online.ch\/fr\/wp-json\/wp\/v2\/product\/144186","targetHints":{"allow":["GET"]}}],"collection":[{"href":"https:\/\/poppers-online.ch\/fr\/wp-json\/wp\/v2\/product"}],"about":[{"href":"https:\/\/poppers-online.ch\/fr\/wp-json\/wp\/v2\/types\/product"}],"replies":[{"embeddable":true,"href":"https:\/\/poppers-online.ch\/fr\/wp-json\/wp\/v2\/comments?post=144186"}],"wp:featuredmedia":[{"embeddable":true,"href":"https:\/\/poppers-online.ch\/fr\/wp-json\/wp\/v2\/media\/144183"}],"wp:attachment":[{"href":"https:\/\/poppers-online.ch\/fr\/wp-json\/wp\/v2\/media?parent=144186"}],"wp:term":[{"taxonomy":"product_brand","embeddable":true,"href":"https:\/\/poppers-online.ch\/fr\/wp-json\/wp\/v2\/product_brand?post=144186"},{"taxonomy":"product_cat","embeddable":true,"href":"https:\/\/poppers-online.ch\/fr\/wp-json\/wp\/v2\/product_cat?post=144186"},{"taxonomy":"product_tag","embeddable":true,"href":"https:\/\/poppers-online.ch\/fr\/wp-json\/wp\/v2\/product_tag?post=144186"}],"curies":[{"name":"wp","href":"https:\/\/api.w.org\/{rel}","templated":true}]}}