{"id":143370,"date":"2026-01-08T14:52:17","date_gmt":"2026-01-08T13:52:17","guid":{"rendered":"https:\/\/poppers-online.ch\/produkt\/gape-boy-color-super-pentyl-30ml\/"},"modified":"2026-01-26T11:49:53","modified_gmt":"2026-01-26T10:49:53","slug":"gape-boy-color-super-pentyl-30ml","status":"publish","type":"product","link":"https:\/\/poppers-online.ch\/fr\/produit\/gape-boy-color-super-pentyl-30ml\/","title":{"rendered":"Gape Boy Color Super Pentyl 30ml"},"content":{"rendered":"","protected":false},"excerpt":{"rendered":"<p data-start=\"109\" data-end=\"360\"><strong data-start=\"109\" data-end=\"145\">Gape Boy Color Super Pentyl 30ml<\/strong> est la variante color\u00e9e et puissante de la maison <strong data-start=\"201\" data-end=\"218\">Twisted Beast<\/strong> &#8211; faite pour ceux qui veulent directement rivaliser avec les \u00ab\u00a0grands\u00a0\u00bb. Plus de couleur, plus de puissance, plus de rush &#8211; et imm\u00e9diatement pr\u00eat pour une action intense.<\/p>\n<p data-start=\"362\" data-end=\"617\">Le <strong data-start=\"366\" data-end=\"394\">flacon rond et grand de 30 ml<\/strong> avec <strong data-start=\"399\" data-end=\"412\">filetage en S<\/strong> tient bien dans la main et associe un style d&rsquo;inspiration r\u00e9tro \u00e0 une fonctionnalit\u00e9 \u00e9prouv\u00e9e. Gape Boy Color Super Pentyl garantit des effets rapides et directs qui font passer tes sessions \u00e0 un niveau sup\u00e9rieur.<\/p>\n<p data-start=\"619\" data-end=\"754\"><strong data-start=\"619\" data-end=\"636\">Twisted Beast<\/strong> est synonyme de qualit\u00e9 sans compromis, de puissance claire et de moments inoubliables &#8211; ce Poppers ne fait pas les choses \u00e0 moiti\u00e9.<\/p>\n","protected":false},"featured_media":143364,"comment_status":"open","ping_status":"closed","template":"","meta":{"_acf_changed":false,"iawp_total_views":52,"_glsr_average":0,"_glsr_ranking":0,"_glsr_reviews":0},"product_brand":[],"product_cat":[1046,77],"product_tag":[],"class_list":{"0":"post-143370","1":"product","2":"type-product","3":"status-publish","4":"has-post-thumbnail","6":"product_cat-poppers","7":"product_cat-grands-flacons","8":"pa_flaschenform-rond-grand","9":"pa_gewindegroesse-small","10":"pa_inhalt-30ml","11":"pa_inhaltsstoffe-nitrite-dalcool-isoamylique","12":"pa_marke-twisted-beast","13":"pa_staerke-90","15":"first","16":"instock","17":"taxable","18":"shipping-taxable","19":"purchasable","20":"product-type-simple"},"acf":[],"_links":{"self":[{"href":"https:\/\/poppers-online.ch\/fr\/wp-json\/wp\/v2\/product\/143370","targetHints":{"allow":["GET"]}}],"collection":[{"href":"https:\/\/poppers-online.ch\/fr\/wp-json\/wp\/v2\/product"}],"about":[{"href":"https:\/\/poppers-online.ch\/fr\/wp-json\/wp\/v2\/types\/product"}],"replies":[{"embeddable":true,"href":"https:\/\/poppers-online.ch\/fr\/wp-json\/wp\/v2\/comments?post=143370"}],"wp:featuredmedia":[{"embeddable":true,"href":"https:\/\/poppers-online.ch\/fr\/wp-json\/wp\/v2\/media\/143364"}],"wp:attachment":[{"href":"https:\/\/poppers-online.ch\/fr\/wp-json\/wp\/v2\/media?parent=143370"}],"wp:term":[{"taxonomy":"product_brand","embeddable":true,"href":"https:\/\/poppers-online.ch\/fr\/wp-json\/wp\/v2\/product_brand?post=143370"},{"taxonomy":"product_cat","embeddable":true,"href":"https:\/\/poppers-online.ch\/fr\/wp-json\/wp\/v2\/product_cat?post=143370"},{"taxonomy":"product_tag","embeddable":true,"href":"https:\/\/poppers-online.ch\/fr\/wp-json\/wp\/v2\/product_tag?post=143370"}],"curies":[{"name":"wp","href":"https:\/\/api.w.org\/{rel}","templated":true}]}}