{"id":143355,"date":"2026-01-08T13:55:17","date_gmt":"2026-01-08T12:55:17","guid":{"rendered":"https:\/\/poppers-online.ch\/produkt\/couleur-gape-boy-super-n-pentyl-30ml\/"},"modified":"2026-01-20T09:28:27","modified_gmt":"2026-01-20T08:28:27","slug":"couleur-gape-boy-super-n-pentyl-30ml","status":"publish","type":"product","link":"https:\/\/poppers-online.ch\/fr\/produit\/couleur-gape-boy-super-n-pentyl-30ml\/","title":{"rendered":"Gape Boy Color Super n-Pentyl Poppers 30ml"},"content":{"rendered":"","protected":false},"excerpt":{"rendered":"<p data-start=\"111\" data-end=\"404\"><strong data-start=\"111\" data-end=\"149\">Gape Boy Color Super n-Pentyl 30ml<\/strong> est la version color\u00e9e et puissante de la maison <strong data-start=\"198\" data-end=\"215\">Twisted Beast<\/strong> &#8211; faite pour tous ceux qui veulent plus que ce \u00e0 quoi ils sont habitu\u00e9s. Plus de pression, plus de kick, le m\u00eame head rush l\u00e9gendaire, juste un cran au-dessus. Si tu te pr\u00e9sentes avec \u00e7a, je te garantis que les jalousies ne manqueront pas.<\/p>\n<p data-start=\"406\" data-end=\"855\">Gr\u00e2ce \u00e0 sa <strong data-start=\"417\" data-end=\"444\">formule \u00e0 base de nitrite de n-pentyle<\/strong>, Gape Boy Color Super fournit un effet sensiblement plus fort que le pentyle classique et assure un rush rapide et intense qui tient imm\u00e9diatement. Avec une <strong data-start=\"603\" data-end=\"625\">intensit\u00e9 de 4 sur 6<\/strong>, elle offre une intensit\u00e9 puissante mais \u00e9quilibr\u00e9e. Le <strong data-start=\"686\" data-end=\"715\">grand flacon rond de 30 ml<\/strong> avec <strong data-start=\"720\" data-end=\"737\">un petit pas de vis<\/strong> combine un look accrocheur avec une maniabilit\u00e9 \u00e9prouv\u00e9e et s&rsquo;inscrit dans le style r\u00e9tro inspir\u00e9 des gape boys.<\/p>\n<p data-start=\"857\" data-end=\"991\"><strong data-start=\"857\" data-end=\"874\">Twisted Beast<\/strong> reste fid\u00e8le \u00e0 elle-m\u00eame et fournit une qualit\u00e9 sans compromis \u00e0 tous ceux qui veulent de la puissance, du style et de l&rsquo;effet dans un flacon.<\/p>\n","protected":false},"featured_media":143349,"comment_status":"open","ping_status":"closed","template":"","meta":{"_acf_changed":false,"iawp_total_views":33,"_glsr_average":0,"_glsr_ranking":0,"_glsr_reviews":0},"product_brand":[],"product_cat":[1046,77],"product_tag":[],"class_list":{"0":"post-143355","1":"product","2":"type-product","3":"status-publish","4":"has-post-thumbnail","6":"product_cat-poppers","7":"product_cat-grands-flacons","8":"pa_flaschenform-rond-grand","9":"pa_gewindegroesse-small","10":"pa_inhalt-30ml","11":"pa_inhaltsstoffe-nitrite-de-n-pentanol","12":"pa_marke-twisted-beast","13":"pa_staerke-89","15":"first","16":"instock","17":"taxable","18":"shipping-taxable","19":"purchasable","20":"product-type-simple"},"acf":[],"_links":{"self":[{"href":"https:\/\/poppers-online.ch\/fr\/wp-json\/wp\/v2\/product\/143355","targetHints":{"allow":["GET"]}}],"collection":[{"href":"https:\/\/poppers-online.ch\/fr\/wp-json\/wp\/v2\/product"}],"about":[{"href":"https:\/\/poppers-online.ch\/fr\/wp-json\/wp\/v2\/types\/product"}],"replies":[{"embeddable":true,"href":"https:\/\/poppers-online.ch\/fr\/wp-json\/wp\/v2\/comments?post=143355"}],"wp:featuredmedia":[{"embeddable":true,"href":"https:\/\/poppers-online.ch\/fr\/wp-json\/wp\/v2\/media\/143349"}],"wp:attachment":[{"href":"https:\/\/poppers-online.ch\/fr\/wp-json\/wp\/v2\/media?parent=143355"}],"wp:term":[{"taxonomy":"product_brand","embeddable":true,"href":"https:\/\/poppers-online.ch\/fr\/wp-json\/wp\/v2\/product_brand?post=143355"},{"taxonomy":"product_cat","embeddable":true,"href":"https:\/\/poppers-online.ch\/fr\/wp-json\/wp\/v2\/product_cat?post=143355"},{"taxonomy":"product_tag","embeddable":true,"href":"https:\/\/poppers-online.ch\/fr\/wp-json\/wp\/v2\/product_tag?post=143355"}],"curies":[{"name":"wp","href":"https:\/\/api.w.org\/{rel}","templated":true}]}}