{"id":143330,"date":"2026-01-08T12:03:52","date_gmt":"2026-01-08T11:03:52","guid":{"rendered":"https:\/\/poppers-online.ch\/produkt\/poppers-gape-boy-n-pentyl-24ml\/"},"modified":"2026-01-22T22:52:09","modified_gmt":"2026-01-22T21:52:09","slug":"poppers-gape-boy-n-pentyl-24ml","status":"publish","type":"product","link":"https:\/\/poppers-online.ch\/fr\/produit\/poppers-gape-boy-n-pentyl-24ml\/","title":{"rendered":"Poppers Gape Boy n-Pentyl 24ml"},"content":{"rendered":"","protected":false},"excerpt":{"rendered":"<p data-start=\"130\" data-end=\"393\"><strong data-start=\"130\" data-end=\"164\">Gape Boy n-Pentyl Poppers 24ml<\/strong> est le nouveau coup de fouet portable de la maison <strong data-start=\"206\" data-end=\"223\">Twisted Beast<\/strong> &#8211; con\u00e7u pour ceux qui veulent un maximum d&rsquo;effet dans une forme compacte. Ce qui semblait impossible auparavant tient d\u00e9sormais dans ta main : toute la puissance des Poppers, \u00e0 port\u00e9e de main \u00e0 tout moment.<\/p>\n<p data-start=\"395\" data-end=\"739\">Avec sa <strong data-start=\"406\" data-end=\"432\">formule au n-pentanol<\/strong>, Gape Boy fournit un effet puissant et direct avec une <strong data-start=\"489\" data-end=\"505\">intensit\u00e9 de 5<\/strong>, parfait pour des sessions intenses sans d\u00e9tours. Le <strong data-start=\"555\" data-end=\"590\">flacon carr\u00e9 de 24ml de style r\u00e9tro<\/strong> avec <strong data-start=\"595\" data-end=\"608\">un filetage en L<\/strong> allie un look old school \u00e0 une performance moderne et reste s\u00fbr dans la main m\u00eame lorsque les choses sont devenues s\u00e9rieuses depuis longtemps.<\/p>\n<p data-start=\"741\" data-end=\"835\">En tant que marque, <strong data-start=\"757\" data-end=\"774\">Twisted Beast<\/strong> est synonyme de qualit\u00e9 sans compromis et d&rsquo;une attitude clairement hardcore.<\/p>\n","protected":false},"featured_media":143328,"comment_status":"open","ping_status":"closed","template":"","meta":{"_acf_changed":false,"iawp_total_views":15,"_glsr_average":0,"_glsr_ranking":0,"_glsr_reviews":0},"product_brand":[],"product_cat":[1046,77],"product_tag":[],"class_list":{"0":"post-143330","1":"product","2":"type-product","3":"status-publish","4":"has-post-thumbnail","6":"product_cat-poppers","7":"product_cat-grands-flacons","8":"pa_flaschenform-anguleux","9":"pa_gewindegroesse-large","10":"pa_inhalt-24ml","11":"pa_inhaltsstoffe-nitrite-de-n-pentanol","12":"pa_marke-twisted-beast","13":"pa_staerke-90","15":"first","16":"instock","17":"taxable","18":"shipping-taxable","19":"purchasable","20":"product-type-simple"},"acf":[],"_links":{"self":[{"href":"https:\/\/poppers-online.ch\/fr\/wp-json\/wp\/v2\/product\/143330","targetHints":{"allow":["GET"]}}],"collection":[{"href":"https:\/\/poppers-online.ch\/fr\/wp-json\/wp\/v2\/product"}],"about":[{"href":"https:\/\/poppers-online.ch\/fr\/wp-json\/wp\/v2\/types\/product"}],"replies":[{"embeddable":true,"href":"https:\/\/poppers-online.ch\/fr\/wp-json\/wp\/v2\/comments?post=143330"}],"wp:featuredmedia":[{"embeddable":true,"href":"https:\/\/poppers-online.ch\/fr\/wp-json\/wp\/v2\/media\/143328"}],"wp:attachment":[{"href":"https:\/\/poppers-online.ch\/fr\/wp-json\/wp\/v2\/media?parent=143330"}],"wp:term":[{"taxonomy":"product_brand","embeddable":true,"href":"https:\/\/poppers-online.ch\/fr\/wp-json\/wp\/v2\/product_brand?post=143330"},{"taxonomy":"product_cat","embeddable":true,"href":"https:\/\/poppers-online.ch\/fr\/wp-json\/wp\/v2\/product_cat?post=143330"},{"taxonomy":"product_tag","embeddable":true,"href":"https:\/\/poppers-online.ch\/fr\/wp-json\/wp\/v2\/product_tag?post=143330"}],"curies":[{"name":"wp","href":"https:\/\/api.w.org\/{rel}","templated":true}]}}