{"id":143319,"date":"2026-01-08T11:26:18","date_gmt":"2026-01-08T10:26:18","guid":{"rendered":"https:\/\/poppers-online.ch\/produkt\/poppers-de-district-bleu-damsterdam-24ml\/"},"modified":"2026-03-16T10:34:37","modified_gmt":"2026-03-16T09:34:37","slug":"poppers-de-district-bleu-damsterdam-24ml","status":"publish","type":"product","link":"https:\/\/poppers-online.ch\/fr\/produit\/poppers-de-district-bleu-damsterdam-24ml\/","title":{"rendered":"Poppers de district bleu d&rsquo;Amsterdam 24ml"},"content":{"rendered":"","protected":false},"excerpt":{"rendered":"<p data-start=\"131\" data-end=\"378\"><strong data-start=\"131\" data-end=\"177\">Amsterdam Blue Light District Poppers 24ml<\/strong> respire l&rsquo;\u00e9nergie sombre et p\u00e9cheresse du l\u00e9gendaire <strong data-start=\"227\" data-end=\"250\">Blue Light District<\/strong>. Des n\u00e9ons bleus, des clubs en sueur, des portes ouvertes et des fantasmes encore plus ouverts &#8211; c&rsquo;est exactement ce sentiment que l&rsquo;on retrouve dans chaque flacon.<\/p>\n<p data-start=\"380\" data-end=\"660\">La puissante <strong data-start=\"395\" data-end=\"421\">formule \u00e0 l&rsquo;alcool isoamylique<\/strong> te frappe rapidement et directement, fait tomber les inhibitions et laisse place au d\u00e9sir brut. Avec une <strong data-start=\"522\" data-end=\"538\">intensit\u00e9 de 6<\/strong>, ce Poppers fait partie des vari\u00e9t\u00e9s les plus intenses &#8211; parfait pour les nuits o\u00f9 \u00e7a dure plus longtemps, plus dur et plus sans inhibition.<\/p>\n<p data-start=\"662\" data-end=\"815\">Le flacon ovale de 24 ml avec <strong data-start=\"689\" data-end=\"702\">filetage en S<\/strong> est synonyme de qualit\u00e9 Amsterdam classique et tient bien dans la main, m\u00eame lorsque le contr\u00f4le commence \u00e0 s&rsquo;estomper.<\/p>\n<p data-start=\"817\" data-end=\"960\">Amsterdam Blue Light District n&rsquo;est pas un Poppers pour d\u00e9butants &#8211; mais pour ceux qui savent ce qu&rsquo;ils veulent et sont pr\u00eats \u00e0 le prendre.<\/p>\n","protected":false},"featured_media":143314,"comment_status":"open","ping_status":"closed","template":"","meta":{"_acf_changed":false,"iawp_total_views":88,"_glsr_average":0,"_glsr_ranking":0,"_glsr_reviews":0},"product_brand":[],"product_cat":[1046,77],"product_tag":[],"class_list":{"0":"post-143319","1":"product","2":"type-product","3":"status-publish","4":"has-post-thumbnail","6":"product_cat-poppers","7":"product_cat-grands-flacons","8":"pa_flaschenform-ovale","9":"pa_gewindegroesse-small","10":"pa_inhalt-24ml","11":"pa_inhaltsstoffe-nitrite-dalcool-isoamylique","12":"pa_marke-amsterdam-poppers","13":"pa_staerke-91","15":"first","16":"instock","17":"taxable","18":"shipping-taxable","19":"purchasable","20":"product-type-simple"},"acf":[],"_links":{"self":[{"href":"https:\/\/poppers-online.ch\/fr\/wp-json\/wp\/v2\/product\/143319","targetHints":{"allow":["GET"]}}],"collection":[{"href":"https:\/\/poppers-online.ch\/fr\/wp-json\/wp\/v2\/product"}],"about":[{"href":"https:\/\/poppers-online.ch\/fr\/wp-json\/wp\/v2\/types\/product"}],"replies":[{"embeddable":true,"href":"https:\/\/poppers-online.ch\/fr\/wp-json\/wp\/v2\/comments?post=143319"}],"wp:featuredmedia":[{"embeddable":true,"href":"https:\/\/poppers-online.ch\/fr\/wp-json\/wp\/v2\/media\/143314"}],"wp:attachment":[{"href":"https:\/\/poppers-online.ch\/fr\/wp-json\/wp\/v2\/media?parent=143319"}],"wp:term":[{"taxonomy":"product_brand","embeddable":true,"href":"https:\/\/poppers-online.ch\/fr\/wp-json\/wp\/v2\/product_brand?post=143319"},{"taxonomy":"product_cat","embeddable":true,"href":"https:\/\/poppers-online.ch\/fr\/wp-json\/wp\/v2\/product_cat?post=143319"},{"taxonomy":"product_tag","embeddable":true,"href":"https:\/\/poppers-online.ch\/fr\/wp-json\/wp\/v2\/product_tag?post=143319"}],"curies":[{"name":"wp","href":"https:\/\/api.w.org\/{rel}","templated":true}]}}