{"id":140497,"date":"2025-12-11T14:50:25","date_gmt":"2025-12-11T13:50:25","guid":{"rendered":"https:\/\/poppers-online.ch\/produkt\/rush-imperial-poppers-10ml\/"},"modified":"2026-01-26T11:15:50","modified_gmt":"2026-01-26T10:15:50","slug":"rush-imperial-poppers-10ml","status":"publish","type":"product","link":"https:\/\/poppers-online.ch\/fr\/produit\/rush-imperial-poppers-10ml\/","title":{"rendered":"Rush Imperial Poppers 10ml"},"content":{"rendered":"","protected":false},"excerpt":{"rendered":"<p data-start=\"92\" data-end=\"387\"><strong data-start=\"92\" data-end=\"127\">Rush Imperial Gold Poppers 10ml<\/strong> est la luxueuse<strong> \u00e9dition Gold du classique culte<\/strong> &#8211; con\u00e7ue pour ceux qui veulent plus que du standard. Gr\u00e2ce \u00e0 sa <strong data-start=\"260\" data-end=\"281\">formule n-pentanol<\/strong> de haute qualit\u00e9, Rush Imperial Gold offre une exp\u00e9rience particuli\u00e8rement intense qui \u00e9l\u00e8ve tes moments \u00e0 un niveau sup\u00e9rieur. <\/p>\n<p data-start=\"389\" data-end=\"595\">L&rsquo;\u00e9l\u00e9gant <strong>flacon noir et or de 10 ml<\/strong> souligne le caract\u00e8re premium de ce classique et en fait non seulement un performer puissant, mais aussi un v\u00e9ritable point fort de ta collection.<\/p>\n<p data-start=\"597\" data-end=\"705\"><strong>Rush Imperial Gold<\/strong> est synonyme de <strong>qualit\u00e9 et de puret\u00e9<\/strong> &#8211; une mise \u00e0 niveau en or pour ceux qui exigent le meilleur.<\/p>\n","protected":false},"featured_media":140493,"comment_status":"open","ping_status":"closed","template":"","meta":{"_acf_changed":false,"iawp_total_views":47,"_glsr_average":0,"_glsr_ranking":0,"_glsr_reviews":0},"product_brand":[],"product_cat":[1046,78],"product_tag":[],"class_list":{"0":"post-140497","1":"product","2":"type-product","3":"status-publish","4":"has-post-thumbnail","6":"product_cat-poppers","7":"product_cat-petits-flacons","8":"pa_flaschenform-rond-petit","9":"pa_gewindegroesse-small","10":"pa_inhalt-10ml","11":"pa_inhaltsstoffe-nitrite-de-n-pentanol","12":"pa_marke-rush-poppers","13":"pa_staerke-90","15":"first","16":"instock","17":"taxable","18":"shipping-taxable","19":"purchasable","20":"product-type-simple"},"acf":[],"_links":{"self":[{"href":"https:\/\/poppers-online.ch\/fr\/wp-json\/wp\/v2\/product\/140497","targetHints":{"allow":["GET"]}}],"collection":[{"href":"https:\/\/poppers-online.ch\/fr\/wp-json\/wp\/v2\/product"}],"about":[{"href":"https:\/\/poppers-online.ch\/fr\/wp-json\/wp\/v2\/types\/product"}],"replies":[{"embeddable":true,"href":"https:\/\/poppers-online.ch\/fr\/wp-json\/wp\/v2\/comments?post=140497"}],"wp:featuredmedia":[{"embeddable":true,"href":"https:\/\/poppers-online.ch\/fr\/wp-json\/wp\/v2\/media\/140493"}],"wp:attachment":[{"href":"https:\/\/poppers-online.ch\/fr\/wp-json\/wp\/v2\/media?parent=140497"}],"wp:term":[{"taxonomy":"product_brand","embeddable":true,"href":"https:\/\/poppers-online.ch\/fr\/wp-json\/wp\/v2\/product_brand?post=140497"},{"taxonomy":"product_cat","embeddable":true,"href":"https:\/\/poppers-online.ch\/fr\/wp-json\/wp\/v2\/product_cat?post=140497"},{"taxonomy":"product_tag","embeddable":true,"href":"https:\/\/poppers-online.ch\/fr\/wp-json\/wp\/v2\/product_tag?post=140497"}],"curies":[{"name":"wp","href":"https:\/\/api.w.org\/{rel}","templated":true}]}}