{"id":140480,"date":"2025-12-11T13:53:17","date_gmt":"2025-12-11T12:53:17","guid":{"rendered":"https:\/\/poppers-online.ch\/produkt\/rush-brut-premium-poppers-24ml\/"},"modified":"2025-12-24T15:05:00","modified_gmt":"2025-12-24T14:05:00","slug":"rush-brut-premium-poppers-24ml","status":"publish","type":"product","link":"https:\/\/poppers-online.ch\/fr\/produit\/rush-brut-premium-poppers-24ml\/","title":{"rendered":"Rush Brut Premium Poppers 24ml"},"content":{"rendered":"","protected":false},"excerpt":{"rendered":"<p data-start=\"144\" data-end=\"365\"><strong data-start=\"144\" data-end=\"178\">Rush Brut Premium Poppers 24ml<\/strong> t&rsquo;apporte le <strong>classique culte<\/strong> maintenant dans une <strong>formule d&rsquo;alcool isoamylique premium<\/strong>. L\u00e9gendaire parmi les fans de Poppers, Rush Brut convainc par son <strong>effet incomparable<\/strong> &#8211; maintenant <strong>encore plus intense<\/strong>. <\/p>\n<p data-start=\"367\" data-end=\"577\">Le <strong>flacon rectangulaire de 24 ml<\/strong> combine une <strong>taille pratique<\/strong> et <strong>un design iconique<\/strong>. D\u00e9couvre toute l&rsquo;<strong>\u00e9nergie de Rush<\/strong> qui te catapulte dans des moments excitants, et fais confiance \u00e0 la <strong>formule \u00e9prouv\u00e9e<\/strong> pour <strong>des effets puissants et fiables<\/strong>. <\/p>\n","protected":false},"featured_media":140476,"comment_status":"open","ping_status":"closed","template":"","meta":{"_acf_changed":false,"iawp_total_views":67,"_glsr_average":0,"_glsr_ranking":0,"_glsr_reviews":0},"product_brand":[],"product_cat":[1046,77],"product_tag":[],"class_list":{"0":"post-140480","1":"product","2":"type-product","3":"status-publish","4":"has-post-thumbnail","6":"product_cat-poppers","7":"product_cat-grands-flacons","8":"pa_flaschenform-anguleux","9":"pa_gewindegroesse-large","10":"pa_inhalt-24ml","11":"pa_inhaltsstoffe-nitrite-dalcool-isoamylique","12":"pa_marke-rush-poppers","13":"pa_staerke-90","15":"first","16":"instock","17":"taxable","18":"shipping-taxable","19":"purchasable","20":"product-type-simple"},"acf":[],"_links":{"self":[{"href":"https:\/\/poppers-online.ch\/fr\/wp-json\/wp\/v2\/product\/140480","targetHints":{"allow":["GET"]}}],"collection":[{"href":"https:\/\/poppers-online.ch\/fr\/wp-json\/wp\/v2\/product"}],"about":[{"href":"https:\/\/poppers-online.ch\/fr\/wp-json\/wp\/v2\/types\/product"}],"replies":[{"embeddable":true,"href":"https:\/\/poppers-online.ch\/fr\/wp-json\/wp\/v2\/comments?post=140480"}],"wp:featuredmedia":[{"embeddable":true,"href":"https:\/\/poppers-online.ch\/fr\/wp-json\/wp\/v2\/media\/140476"}],"wp:attachment":[{"href":"https:\/\/poppers-online.ch\/fr\/wp-json\/wp\/v2\/media?parent=140480"}],"wp:term":[{"taxonomy":"product_brand","embeddable":true,"href":"https:\/\/poppers-online.ch\/fr\/wp-json\/wp\/v2\/product_brand?post=140480"},{"taxonomy":"product_cat","embeddable":true,"href":"https:\/\/poppers-online.ch\/fr\/wp-json\/wp\/v2\/product_cat?post=140480"},{"taxonomy":"product_tag","embeddable":true,"href":"https:\/\/poppers-online.ch\/fr\/wp-json\/wp\/v2\/product_tag?post=140480"}],"curies":[{"name":"wp","href":"https:\/\/api.w.org\/{rel}","templated":true}]}}