{"id":140455,"date":"2025-12-11T11:39:30","date_gmt":"2025-12-11T10:39:30","guid":{"rendered":"https:\/\/poppers-online.ch\/produkt\/poppers-keeper-large\/"},"modified":"2026-04-15T02:05:13","modified_gmt":"2026-04-15T00:05:13","slug":"poppers-keeper-large","status":"publish","type":"product","link":"https:\/\/poppers-online.ch\/fr\/produit\/poppers-keeper-large\/","title":{"rendered":"Poppers Keeper Large"},"content":{"rendered":"","protected":false},"excerpt":{"rendered":"<p data-start=\"245\" data-end=\"502\">Le <strong data-start=\"249\" data-end=\"273\">Poppers Keeper Large<\/strong> est un r\u00e9cipient robuste sp\u00e9cialement con\u00e7u pour <strong data-start=\"313\" data-end=\"340\">les grands flacons de Poppers<\/strong>. Il sert d&rsquo;<strong>\u00e9tui de protection solide<\/strong> et garantit que tes plus grands flacons sont <strong>parfaitement prot\u00e9g\u00e9s lors de tes d\u00e9placements et \u00e0 la maison<\/strong> &#8211; <strong>discr\u00e8tement, proprement et de mani\u00e8re fiable<\/strong>. <\/p>\n<p data-start=\"504\" data-end=\"787\"><strong>Important :<\/strong><br data-start=\"512\" data-end=\"515\">Le <strong>Poppers Keeper Large<\/strong> est exclusivement con\u00e7u pour <strong>les grands flacons de Poppers<\/strong>. Cela inclut <strong>les flacons<\/strong> <strong>ovales de 24 ml, les<\/strong> <strong>flacons<\/strong> <strong>carr\u00e9s de 25 ml<\/strong> et <strong>les flacons ronds de 30 ml<\/strong> en <strong>verre ou en aluminium<\/strong>. <strong>Les plus petits flacons de 10ml ne rentrent<\/strong> pas &#8211; il y a donc le <a href=\"https:\/\/poppers-online.ch\/fr\/produit\/poppers-keeper-small-pour-10ml-de-poppers\/\"><strong data-start=\"762\" data-end=\"786\">Poppers Keeper Small<\/strong><\/a>. <\/p>\n<p data-start=\"789\" data-end=\"1150\">Lorsque tu transportes tes Poppers dans <strong>un sac \u00e0 dos<\/strong>, un <strong>sac de sport<\/strong> ou en <strong>voyage<\/strong>, le Poppers Keeper Large les prot\u00e8ge de mani\u00e8re fiable. Le r\u00e9cipient a pass\u00e9 avec succ\u00e8s plusieurs <g id=\"gid_3\">tests de casse et de chaleur<\/g>, il est donc parfait pour les <g id=\"gid_4\">chaudes journ\u00e9es d&rsquo;\u00e9t\u00e9<\/g>. \u00c0 la maison, il assure une <strong>conservation s\u00fbre et discr\u00e8te &#8211; sans fuite, sans odeur, sans risque<\/strong>.  <\/p>\n<p data-start=\"1152\" data-end=\"1404\"><strong data-start=\"1152\" data-end=\"1170\">Caract\u00e9ristiques :<\/strong><br data-start=\"1170\" data-end=\"1173\">Mat\u00e9riau : <strong>PLA<\/strong> \u00e9cologique (plastique biod\u00e9gradable)<br data-start=\"1240\" data-end=\"1243\">Couleur : Noir<br data-start=\"1257\" data-end=\"1260\">Compatibilit\u00e9 : Pour<strong>les flacons Poppers de 24ml ovales, 25ml carr\u00e9s et 30ml ronds<\/strong> en verre ou en aluminium<br data-start=\"1353\" data-end=\"1356\">Protection : Contre <strong>les chutes, les fuites et les \u00e9manations<\/strong>.<\/p>\n","protected":false},"featured_media":140453,"comment_status":"open","ping_status":"closed","template":"","meta":{"_acf_changed":false,"iawp_total_views":38,"_glsr_average":0,"_glsr_ranking":0,"_glsr_reviews":0},"product_brand":[],"product_cat":[149],"product_tag":[],"class_list":{"0":"post-140455","1":"product","2":"type-product","3":"status-publish","4":"has-post-thumbnail","6":"product_cat-accessoires-poppers","8":"first","9":"instock","10":"taxable","11":"shipping-taxable","12":"purchasable","13":"product-type-simple"},"acf":[],"_links":{"self":[{"href":"https:\/\/poppers-online.ch\/fr\/wp-json\/wp\/v2\/product\/140455","targetHints":{"allow":["GET"]}}],"collection":[{"href":"https:\/\/poppers-online.ch\/fr\/wp-json\/wp\/v2\/product"}],"about":[{"href":"https:\/\/poppers-online.ch\/fr\/wp-json\/wp\/v2\/types\/product"}],"replies":[{"embeddable":true,"href":"https:\/\/poppers-online.ch\/fr\/wp-json\/wp\/v2\/comments?post=140455"}],"wp:featuredmedia":[{"embeddable":true,"href":"https:\/\/poppers-online.ch\/fr\/wp-json\/wp\/v2\/media\/140453"}],"wp:attachment":[{"href":"https:\/\/poppers-online.ch\/fr\/wp-json\/wp\/v2\/media?parent=140455"}],"wp:term":[{"taxonomy":"product_brand","embeddable":true,"href":"https:\/\/poppers-online.ch\/fr\/wp-json\/wp\/v2\/product_brand?post=140455"},{"taxonomy":"product_cat","embeddable":true,"href":"https:\/\/poppers-online.ch\/fr\/wp-json\/wp\/v2\/product_cat?post=140455"},{"taxonomy":"product_tag","embeddable":true,"href":"https:\/\/poppers-online.ch\/fr\/wp-json\/wp\/v2\/product_tag?post=140455"}],"curies":[{"name":"wp","href":"https:\/\/api.w.org\/{rel}","templated":true}]}}