{"id":140437,"date":"2025-12-11T10:43:35","date_gmt":"2025-12-11T09:43:35","guid":{"rendered":"https:\/\/poppers-online.ch\/produkt\/double-fist-fuck-fist-poppers-combo\/"},"modified":"2026-03-26T16:19:33","modified_gmt":"2026-03-26T15:19:33","slug":"double-fist-fuck-fist-poppers-combo","status":"publish","type":"product","link":"https:\/\/poppers-online.ch\/fr\/produit\/double-fist-fuck-fist-poppers-combo\/","title":{"rendered":"DOUBLE FIST Fuck &amp; Fist Poppers Combo"},"content":{"rendered":"","protected":false},"excerpt":{"rendered":"<p data-start=\"159\" data-end=\"500\">Le <strong data-start=\"163\" data-end=\"204\">combo DOUBLE FIST Fuck &amp; Fist Poppers<\/strong> r\u00e9unit deux favoris hardcore d&rsquo;une des marques gay les plus cultes qui soient. <strong data-start=\"280\" data-end=\"295\">Fuck &amp; Fist<\/strong> est la marque incontournable des gays pour les gays &#8211; connue pour sa l\u00e9gendaire Fist Powder, ses douches anales de qualit\u00e9 et ses lubrifiants puissants. Maintenant, tu re\u00e7ois <strong>deux Poppers de ton cru<\/strong> dans un set sans compromis. <\/p>\n<p data-start=\"502\" data-end=\"742\">Le <strong data-start=\"516\" data-end=\"562\">Fuck &amp; Fist Pentyl Poppers Small + Sniffer<\/strong> est inclus : la formule Pentyl te donne le coup de fouet rapide et intense dont tu as besoin pour tes sessions &#8211; et le Sniffer assure une <strong>utilisation plus propre, plus directe et plus efficace<\/strong>.<\/p>\n<p data-start=\"744\" data-end=\"983\">\u00c9galement inclus : <strong data-start=\"765\" data-end=\"805\">FUCK &amp; FIST PENTYL Ultra Strong 24ml<\/strong>. La bouteille en aluminium de 24 ml garantit une fra\u00eecheur maximale, une performance forte et une intensit\u00e9 fiable &#8211; parfait pour ceux qui aiment le hardcore et ne font pas de compromis. <\/p>\n<p data-start=\"985\" data-end=\"1019\"><strong>Un seul objectif : Double Fist. Double fun. <\/strong><\/p>\n","protected":false},"featured_media":140433,"comment_status":"open","ping_status":"closed","template":"","meta":{"_acf_changed":false,"iawp_total_views":387,"_glsr_average":0,"_glsr_ranking":0,"_glsr_reviews":0},"product_brand":[],"product_cat":[1046,76],"product_tag":[],"class_list":{"0":"post-140437","1":"product","2":"type-product","3":"status-publish","4":"has-post-thumbnail","6":"product_cat-poppers","7":"product_cat-paquets-economiques","8":"pa_flaschenform-rond-petit","9":"pa_flaschenform-rond-grand","10":"pa_gewindegroesse-small","11":"pa_inhalt-combo","12":"pa_inhalt-24ml","13":"pa_inhalt-10ml","14":"pa_inhaltsstoffe-nitrite-dalcool-isoamylique","15":"pa_marke-fuck-fist","16":"pa_staerke-91","18":"first","19":"instock","20":"sale","21":"taxable","22":"shipping-taxable","23":"purchasable","24":"product-type-simple"},"acf":[],"_links":{"self":[{"href":"https:\/\/poppers-online.ch\/fr\/wp-json\/wp\/v2\/product\/140437","targetHints":{"allow":["GET"]}}],"collection":[{"href":"https:\/\/poppers-online.ch\/fr\/wp-json\/wp\/v2\/product"}],"about":[{"href":"https:\/\/poppers-online.ch\/fr\/wp-json\/wp\/v2\/types\/product"}],"replies":[{"embeddable":true,"href":"https:\/\/poppers-online.ch\/fr\/wp-json\/wp\/v2\/comments?post=140437"}],"wp:featuredmedia":[{"embeddable":true,"href":"https:\/\/poppers-online.ch\/fr\/wp-json\/wp\/v2\/media\/140433"}],"wp:attachment":[{"href":"https:\/\/poppers-online.ch\/fr\/wp-json\/wp\/v2\/media?parent=140437"}],"wp:term":[{"taxonomy":"product_brand","embeddable":true,"href":"https:\/\/poppers-online.ch\/fr\/wp-json\/wp\/v2\/product_brand?post=140437"},{"taxonomy":"product_cat","embeddable":true,"href":"https:\/\/poppers-online.ch\/fr\/wp-json\/wp\/v2\/product_cat?post=140437"},{"taxonomy":"product_tag","embeddable":true,"href":"https:\/\/poppers-online.ch\/fr\/wp-json\/wp\/v2\/product_tag?post=140437"}],"curies":[{"name":"wp","href":"https:\/\/api.w.org\/{rel}","templated":true}]}}