{"id":139588,"date":"2025-12-04T16:04:34","date_gmt":"2025-12-04T15:04:34","guid":{"rendered":"https:\/\/poppers-online.ch\/produkt\/hypno-poppers-10ml-bete-enragee\/"},"modified":"2026-03-10T02:05:43","modified_gmt":"2026-03-10T01:05:43","slug":"hypno-poppers-10ml-bete-enragee","status":"publish","type":"product","link":"https:\/\/poppers-online.ch\/fr\/produit\/hypno-poppers-10ml-bete-enragee\/","title":{"rendered":"Hypno Poppers 10ml B\u00eate Enrag\u00e9e"},"content":{"rendered":"","protected":false},"excerpt":{"rendered":"<p><strong>Hypno Poppers 10ml Twisted Beast<\/strong> est le poppers pour tous les <strong>bators et gooners<\/strong> parmi les poppers Twisted Beast branch\u00e9s du Royaume-Uni et contient <strong>du pentyl\/isoamyl alcool nitrite<\/strong>.<\/p>\n<p><strong>Twisted Beast<\/strong> est une marque culte de sexe gay hardcore d&rsquo;Angleterre. Les poppers de Twisted Beast font partie des <g id=\"gid_1\">vari\u00e9t\u00e9s les plus extr\u00eames<\/g> disponibles en Grande-Bretagne. Tu n&rsquo;as donc plus besoin de te rendre \u00e0 SOHO pour acheter les l\u00e9gendaires Poppers de Twisted Beast.  <\/p>\n<p data-start=\"612\" data-end=\"793\">Abandonne-toi \u00e0 la <strong>sensation de vide<\/strong>. Bate, tu vois. Continue \u00e0 observer ces spirales. Bate. Tu es un bon gar\u00e7on. Bate. Continue et encore plus loin. Garde l&rsquo;<strong>Hypno Poppers 10ml Twisted Beast<\/strong> pr\u00e8s de toi. Bate. Utilise le <a href=\"https:\/\/poppers-online.ch\/fr\/produit\/hypno-poppers-24ml-twisted-beast\/\">flacon de 24 ml<\/a> pour les sessions de bating et de gooning prolong\u00e9es.         <\/p>\n","protected":false},"featured_media":139581,"comment_status":"open","ping_status":"closed","template":"","meta":{"_acf_changed":false,"iawp_total_views":200,"_glsr_average":0,"_glsr_ranking":0,"_glsr_reviews":0},"product_brand":[],"product_cat":[1046,78],"product_tag":[],"class_list":{"0":"post-139588","1":"product","2":"type-product","3":"status-publish","4":"has-post-thumbnail","6":"product_cat-poppers","7":"product_cat-petits-flacons","8":"pa_flaschenform-rond-petit","9":"pa_gewindegroesse-small","10":"pa_inhalt-10ml","11":"pa_inhaltsstoffe-nitrite-dalcool-isoamylique","12":"pa_marke-twisted-beast","13":"pa_staerke-91","15":"first","16":"instock","17":"taxable","18":"shipping-taxable","19":"purchasable","20":"product-type-simple"},"acf":[],"_links":{"self":[{"href":"https:\/\/poppers-online.ch\/fr\/wp-json\/wp\/v2\/product\/139588","targetHints":{"allow":["GET"]}}],"collection":[{"href":"https:\/\/poppers-online.ch\/fr\/wp-json\/wp\/v2\/product"}],"about":[{"href":"https:\/\/poppers-online.ch\/fr\/wp-json\/wp\/v2\/types\/product"}],"replies":[{"embeddable":true,"href":"https:\/\/poppers-online.ch\/fr\/wp-json\/wp\/v2\/comments?post=139588"}],"wp:featuredmedia":[{"embeddable":true,"href":"https:\/\/poppers-online.ch\/fr\/wp-json\/wp\/v2\/media\/139581"}],"wp:attachment":[{"href":"https:\/\/poppers-online.ch\/fr\/wp-json\/wp\/v2\/media?parent=139588"}],"wp:term":[{"taxonomy":"product_brand","embeddable":true,"href":"https:\/\/poppers-online.ch\/fr\/wp-json\/wp\/v2\/product_brand?post=139588"},{"taxonomy":"product_cat","embeddable":true,"href":"https:\/\/poppers-online.ch\/fr\/wp-json\/wp\/v2\/product_cat?post=139588"},{"taxonomy":"product_tag","embeddable":true,"href":"https:\/\/poppers-online.ch\/fr\/wp-json\/wp\/v2\/product_tag?post=139588"}],"curies":[{"name":"wp","href":"https:\/\/api.w.org\/{rel}","templated":true}]}}