{"id":139568,"date":"2025-12-04T15:32:57","date_gmt":"2025-12-04T14:32:57","guid":{"rendered":"https:\/\/poppers-online.ch\/produkt\/bator-poppers-10ml-bete-violente\/"},"modified":"2026-03-25T17:59:46","modified_gmt":"2026-03-25T16:59:46","slug":"bator-poppers-10ml-bete-violente","status":"publish","type":"product","link":"https:\/\/poppers-online.ch\/fr\/produit\/bator-poppers-10ml-bete-violente\/","title":{"rendered":"Bator Poppers 10ml B\u00eate violente"},"content":{"rendered":"","protected":false},"excerpt":{"rendered":"<p><strong>Bator Poppers 10ml Twisted Beast<\/strong> est le poppers pour tous les <strong>popperbators<\/strong> parmi les <strong>poppers Twisted Beast<\/strong> en vogue du Royaume-Uni et contient <strong>du pentyl\/isoamyl alcool nitrite<\/strong>.<\/p>\n<p><strong>Twisted Beast<\/strong> est une marque culte de sexe gay hardcore d&rsquo;Angleterre. Les poppers de Twisted Beast font partie des <g id=\"gid_1\">vari\u00e9t\u00e9s les plus extr\u00eames<\/g> que l&rsquo;on peut trouver au Royaume-Uni. Tu n&rsquo;as donc plus besoin d&rsquo;aller \u00e0 <strong>SOHO<\/strong> pour acheter les l\u00e9gendaires Poppers de Twisted Beast.  <\/p>\n<p>Trouve des gens comme toi sur Popperbate &#8211; <strong>le popperbating est addictif<\/strong> et tu ne peux plus t&rsquo;arr\u00eater. Alors \u00e9teins la lumi\u00e8re, mets le porno \u00e0 fond, fais glisser ta queue et lance-toi.<br \/>\nEt si tu pr\u00e9vois une <strong>session de bating plus longue<\/strong>, nous avons bien s\u00fbr aussi la version <a href=\"https:\/\/poppers-online.ch\/fr\/produit\/bator-poppers-24ml-twisted-beast\/\"><strong>Version 24 ml<\/strong><\/a> pour toi dans notre gamme. <\/p>\n","protected":false},"featured_media":139564,"comment_status":"open","ping_status":"closed","template":"","meta":{"_acf_changed":false,"iawp_total_views":130,"_glsr_average":0,"_glsr_ranking":0,"_glsr_reviews":0},"product_brand":[],"product_cat":[1046,78],"product_tag":[],"class_list":{"0":"post-139568","1":"product","2":"type-product","3":"status-publish","4":"has-post-thumbnail","6":"product_cat-poppers","7":"product_cat-petits-flacons","8":"pa_flaschenform-rond-petit","9":"pa_gewindegroesse-small","10":"pa_inhalt-10ml","11":"pa_inhaltsstoffe-nitrite-dalcool-isoamylique","12":"pa_marke-twisted-beast","13":"pa_staerke-90","15":"first","16":"instock","17":"taxable","18":"shipping-taxable","19":"purchasable","20":"product-type-simple"},"acf":[],"_links":{"self":[{"href":"https:\/\/poppers-online.ch\/fr\/wp-json\/wp\/v2\/product\/139568","targetHints":{"allow":["GET"]}}],"collection":[{"href":"https:\/\/poppers-online.ch\/fr\/wp-json\/wp\/v2\/product"}],"about":[{"href":"https:\/\/poppers-online.ch\/fr\/wp-json\/wp\/v2\/types\/product"}],"replies":[{"embeddable":true,"href":"https:\/\/poppers-online.ch\/fr\/wp-json\/wp\/v2\/comments?post=139568"}],"wp:featuredmedia":[{"embeddable":true,"href":"https:\/\/poppers-online.ch\/fr\/wp-json\/wp\/v2\/media\/139564"}],"wp:attachment":[{"href":"https:\/\/poppers-online.ch\/fr\/wp-json\/wp\/v2\/media?parent=139568"}],"wp:term":[{"taxonomy":"product_brand","embeddable":true,"href":"https:\/\/poppers-online.ch\/fr\/wp-json\/wp\/v2\/product_brand?post=139568"},{"taxonomy":"product_cat","embeddable":true,"href":"https:\/\/poppers-online.ch\/fr\/wp-json\/wp\/v2\/product_cat?post=139568"},{"taxonomy":"product_tag","embeddable":true,"href":"https:\/\/poppers-online.ch\/fr\/wp-json\/wp\/v2\/product_tag?post=139568"}],"curies":[{"name":"wp","href":"https:\/\/api.w.org\/{rel}","templated":true}]}}