{"id":139534,"date":"2025-12-04T13:08:14","date_gmt":"2025-12-04T12:08:14","guid":{"rendered":"https:\/\/poppers-online.ch\/produkt\/rush-pin\/"},"modified":"2025-12-06T17:40:24","modified_gmt":"2025-12-06T16:40:24","slug":"rush-pin","status":"publish","type":"product","link":"https:\/\/poppers-online.ch\/fr\/produit\/rush-pin\/","title":{"rendered":"Rush Pin"},"content":{"rendered":"","protected":false},"excerpt":{"rendered":"<p>Le <strong>pin&rsquo;s Rush<\/strong> est l&rsquo;accessoire parfait pour tous ceux qui souhaitent am\u00e9liorer leur look avec un <strong>point fort insolent et culte<\/strong>. Petit, voyant et absolument iconique, ce pin&rsquo;s apporte la touche finale. <a href=\"https:\/\/poppers-online.ch\/fr\/rush-poppers\/\"><strong>La l\u00e9gendaire vibe de Rush<\/strong><\/a> directement sur ta veste, ton sac ou ta casquette. <\/p>\n<p>Fabriqu\u00e9 en <strong>m\u00e9tal de haute qualit\u00e9<\/strong> avec une <strong>finition \u00e9maill\u00e9e<\/strong> propre, le pin est bien en place et montre clairement ce que tu repr\u00e9sentes : <strong>bold, playful, iconic<\/strong>.<br \/>\nQue ce soit en club, lors d&rsquo;\u00e9v\u00e9nements ou au quotidien, le pin Rush <strong>fait une d\u00e9claration que tout le monde reconna\u00eet<\/strong>.<\/p>\n<p>Id\u00e9al pour les <strong>fans, les collectionneurs<\/strong> et tous ceux qui veulent garder un peu <strong>de l&rsquo;ambiance Rush<\/strong> sur eux.<\/p>\n","protected":false},"featured_media":143387,"comment_status":"open","ping_status":"closed","template":"","meta":{"_acf_changed":false,"iawp_total_views":13,"_glsr_average":0,"_glsr_ranking":0,"_glsr_reviews":0},"product_brand":[],"product_cat":[149],"product_tag":[],"class_list":{"0":"post-139534","1":"product","2":"type-product","3":"status-publish","4":"has-post-thumbnail","6":"product_cat-accessoires-poppers","8":"first","9":"instock","10":"taxable","11":"shipping-taxable","12":"purchasable","13":"product-type-simple"},"acf":[],"_links":{"self":[{"href":"https:\/\/poppers-online.ch\/fr\/wp-json\/wp\/v2\/product\/139534","targetHints":{"allow":["GET"]}}],"collection":[{"href":"https:\/\/poppers-online.ch\/fr\/wp-json\/wp\/v2\/product"}],"about":[{"href":"https:\/\/poppers-online.ch\/fr\/wp-json\/wp\/v2\/types\/product"}],"replies":[{"embeddable":true,"href":"https:\/\/poppers-online.ch\/fr\/wp-json\/wp\/v2\/comments?post=139534"}],"wp:featuredmedia":[{"embeddable":true,"href":"https:\/\/poppers-online.ch\/fr\/wp-json\/wp\/v2\/media\/143387"}],"wp:attachment":[{"href":"https:\/\/poppers-online.ch\/fr\/wp-json\/wp\/v2\/media?parent=139534"}],"wp:term":[{"taxonomy":"product_brand","embeddable":true,"href":"https:\/\/poppers-online.ch\/fr\/wp-json\/wp\/v2\/product_brand?post=139534"},{"taxonomy":"product_cat","embeddable":true,"href":"https:\/\/poppers-online.ch\/fr\/wp-json\/wp\/v2\/product_cat?post=139534"},{"taxonomy":"product_tag","embeddable":true,"href":"https:\/\/poppers-online.ch\/fr\/wp-json\/wp\/v2\/product_tag?post=139534"}],"curies":[{"name":"wp","href":"https:\/\/api.w.org\/{rel}","templated":true}]}}