{"id":139514,"date":"2025-12-04T10:51:33","date_gmt":"2025-12-04T09:51:33","guid":{"rendered":"https:\/\/poppers-online.ch\/produkt\/sissy-trainer-cock-lock-x-short-noir\/"},"modified":"2026-01-22T22:51:54","modified_gmt":"2026-01-22T21:51:54","slug":"sissy-trainer-cock-lock-x-short-noir","status":"publish","type":"product","link":"https:\/\/poppers-online.ch\/fr\/produit\/sissy-trainer-cock-lock-x-short-noir\/","title":{"rendered":"Sissy Trainer Cock Lock X-Short noir"},"content":{"rendered":"","protected":false},"excerpt":{"rendered":"<p data-start=\"234\" data-end=\"1077\">Le <strong data-start=\"238\" data-end=\"279\">Sissy Trainer Cock Lock X-Short Black<\/strong> de <strong>EXTREME by HIDDEN DESIRE<\/strong> est une pi\u00e8ce provocante <strong>de chastity gear<\/strong>, con\u00e7ue pour ceux qui assument pleinement la <strong>soumission et la f\u00e9minisation<\/strong>. Cette <strong>Cock Cage ultra plate<\/strong> a \u00e9t\u00e9 cr\u00e9\u00e9e pour <strong>r\u00e9primer la masculinit\u00e9<\/strong> et rendre visible ton <strong>c\u00f4t\u00e9 f\u00e9minin et ob\u00e9issant<\/strong>. L&rsquo;<g id=\"gid_7\">avant lisse et profil\u00e9<\/g> montre une <g id=\"gid_8\">silhouette vaginale d\u00e9licate<\/g> et transforme le contr\u00f4le en une <g id=\"gid_9\">d\u00e9claration visuelle<\/g>. Le <strong>syst\u00e8me de verrouillage fiable<\/strong> contient tes pulsions et d\u00e9finit clairement ton r\u00f4le. Choisis parmi <g id=\"gid_11\">quatre tailles d&rsquo;anneau<\/g> pour garantir un <g id=\"gid_12\">ajustement serr\u00e9 et bien ferm\u00e9<\/g>. <g id=\"gid_13\">Mince et discret<\/g>, il dispara\u00eet discr\u00e8tement sous les v\u00eatements &#8211; id\u00e9al pour <g id=\"gid_14\">une journ\u00e9e enti\u00e8re de ronronnement silencieux<\/g>. Plonge plus profond\u00e9ment dans la d\u00e9votion et vis pleinement ton <strong>moi<\/strong> <strong data-start=\"238\" data-end=\"279\">Sissy avec le Sissy Trainer Cock Lock X-Short Black <\/strong>.     <\/p>\n<p data-start=\"1079\" data-end=\"1200\">Longueur totale : 3 cm<br data-start=\"1096\" data-end=\"1099\">Longueur ins\u00e9rable : 2 cm<br data-start=\"1122\" data-end=\"1125\">Diam\u00e8tre ins\u00e9rable : 4 &#8211; 4,5 &#8211; 4,8 &#8211; 5,2 cm<br data-start=\"1173\" data-end=\"1176\">Mat\u00e9riau : plastique ABS<\/p>\n","protected":false},"featured_media":139507,"comment_status":"open","ping_status":"closed","template":"","meta":{"_acf_changed":false,"iawp_total_views":29,"_glsr_average":0,"_glsr_ranking":0,"_glsr_reviews":0},"product_brand":[],"product_cat":[2091,171],"product_tag":[],"class_list":{"0":"post-139514","1":"product","2":"type-product","3":"status-publish","4":"has-post-thumbnail","6":"product_cat-cock-play","7":"product_cat-sex-toys","9":"first","10":"instock","11":"taxable","12":"shipping-taxable","13":"purchasable","14":"product-type-simple"},"acf":[],"_links":{"self":[{"href":"https:\/\/poppers-online.ch\/fr\/wp-json\/wp\/v2\/product\/139514","targetHints":{"allow":["GET"]}}],"collection":[{"href":"https:\/\/poppers-online.ch\/fr\/wp-json\/wp\/v2\/product"}],"about":[{"href":"https:\/\/poppers-online.ch\/fr\/wp-json\/wp\/v2\/types\/product"}],"replies":[{"embeddable":true,"href":"https:\/\/poppers-online.ch\/fr\/wp-json\/wp\/v2\/comments?post=139514"}],"wp:featuredmedia":[{"embeddable":true,"href":"https:\/\/poppers-online.ch\/fr\/wp-json\/wp\/v2\/media\/139507"}],"wp:attachment":[{"href":"https:\/\/poppers-online.ch\/fr\/wp-json\/wp\/v2\/media?parent=139514"}],"wp:term":[{"taxonomy":"product_brand","embeddable":true,"href":"https:\/\/poppers-online.ch\/fr\/wp-json\/wp\/v2\/product_brand?post=139514"},{"taxonomy":"product_cat","embeddable":true,"href":"https:\/\/poppers-online.ch\/fr\/wp-json\/wp\/v2\/product_cat?post=139514"},{"taxonomy":"product_tag","embeddable":true,"href":"https:\/\/poppers-online.ch\/fr\/wp-json\/wp\/v2\/product_tag?post=139514"}],"curies":[{"name":"wp","href":"https:\/\/api.w.org\/{rel}","templated":true}]}}