{"id":138126,"date":"2025-11-27T10:30:25","date_gmt":"2025-11-27T09:30:25","guid":{"rendered":"https:\/\/poppers-online.ch\/produkt\/brutus-xtra-ultimate-poppers-combo-de-degustation-24ml\/"},"modified":"2026-02-14T18:05:03","modified_gmt":"2026-02-14T17:05:03","slug":"brutus-xtra-ultimate-poppers-combo-de-degustation-24ml","status":"publish","type":"product","link":"https:\/\/poppers-online.ch\/fr\/produit\/brutus-xtra-ultimate-poppers-combo-de-degustation-24ml\/","title":{"rendered":"Brutus Xtra Ultimate Poppers Combo de d\u00e9gustation 24ml"},"content":{"rendered":"","protected":false},"excerpt":{"rendered":"<p data-start=\"204\" data-end=\"510\">Tu renifles la diff\u00e9rence ? Le <strong data-start=\"294\" data-end=\"345\">Brutus Xtra Ultimate Poppers Tasting Combo 24ml<\/strong> t&rsquo;apporte trois poppers Brutus 24ml l\u00e9gendaires dans des bouteilles en aluminium. Neutre, cannelle ou cuir et bois &#8211; avec ces poppers sp\u00e9ciaux, tu surprendras ton prochain rendez-vous !  <\/p>\n<p data-start=\"512\" data-end=\"1085\"><strong data-start=\"512\" data-end=\"591\">Brutus Xtra Strong 24ml Poppers Cinnamon XL &#8211; intensit\u00e9 avec un coup de pied \u00e9pic\u00e9.<\/strong><br data-start=\"591\" data-end=\"594\">Le Brutus puissant se pr\u00e9sente maintenant avec une nouvelle note excitante. Imagine deux hommes, compl\u00e8tement dans l&rsquo;instant, chauds, bruts et pouss\u00e9s par le d\u00e9sir pur &#8211; c&rsquo;est exactement l&rsquo;\u00e9nergie qui se trouve dans cet ar\u00f4me de cannelle.<br data-start=\"803\" data-end=\"806\">Le parfum puissant et \u00e9pic\u00e9 de la cannelle se jette directement dans les sens et allume une br\u00fblure p\u00e9tillante qui se propage profond\u00e9ment dans le corps. Un seul coup, et la tension animale prend le relais. Pour les sessions o\u00f9 les choses sont plus intenses, plus sauvages et plus \u00e9nergiques.<\/p>\n<p data-start=\"1087\" data-end=\"1723\"><strong data-start=\"1087\" data-end=\"1140\">Brutus Xtra Strong 24ml Poppers Leather &amp; Wood XL<\/strong><br data-start=\"1140\" data-end=\"1143\">Brutus Xtra Strong 24ml Poppers Leather &amp; Wood XL s&rsquo;adresse \u00e0 tous ceux qui recherchent une exp\u00e9rience particuli\u00e8rement intense. Le parfum marquant Leather &amp; Wood se d\u00e9ploie profond\u00e9ment et chaleureusement &#8211; comme le premier pas dans un espace f\u00e9tiche sombre, o\u00f9 le cuir, l&rsquo;acier et la tension d\u00e9finissent l&rsquo;atmosph\u00e8re.<br data-start=\"1436\" data-end=\"1439\">Le m\u00e9lange puissant de notes robustes de cuir et d&rsquo;accents de bois sombre a un effet imm\u00e9diat et donne un accent masculin \u00e9vident. Une seule bouff\u00e9e suffit pour amplifier le moment &#8211; que tu veuilles vivre pleinement ton c\u00f4t\u00e9 dominant ou te laisser aller \u00e0 l&rsquo;exp\u00e9rience.<\/p>\n<p data-start=\"1725\" data-end=\"2180\"><strong data-start=\"1725\" data-end=\"1748\">Brutus Poppers 24ml<\/strong><br data-start=\"1748\" data-end=\"1751\">Brutus d&rsquo;Amsterdam est connu pour ses anneaux de p\u00e9nis excitants et ses extenseurs de balle. Maintenant, le fabricant Brutus lance le Poppers pour les gladiateurs et les bators. Si tu veux vivre des moments comme une b\u00eate sans inhibition, prends un sniff de Brutus Poppers.<br data-start=\"2018\" data-end=\"2021\">Il contient du pentylnitrite pur de haute qualit\u00e9 d&rsquo;intensit\u00e9 6 et est conditionn\u00e9 dans une bouteille de poche en aluminium indestructible de 24 ml.<\/p>\n","protected":false},"featured_media":138122,"comment_status":"open","ping_status":"closed","template":"","meta":{"_acf_changed":false,"iawp_total_views":64,"_glsr_average":0,"_glsr_ranking":0,"_glsr_reviews":0},"product_brand":[],"product_cat":[1046,76,77],"product_tag":[],"class_list":{"0":"post-138126","1":"product","2":"type-product","3":"status-publish","4":"has-post-thumbnail","6":"product_cat-poppers","7":"product_cat-paquets-economiques","8":"product_cat-grands-flacons","9":"pa_flaschenform-rond-grand","10":"pa_gewindegroesse-small","11":"pa_inhalt-combo","12":"pa_inhalt-24ml","13":"pa_inhaltsstoffe-nitrite-de-pentyle","14":"pa_inhaltsstoffe-nitrite-de-n-pentanol","15":"pa_marke-brutus","16":"pa_staerke-90","18":"first","19":"instock","20":"sale","21":"taxable","22":"shipping-taxable","23":"purchasable","24":"product-type-simple"},"acf":[],"_links":{"self":[{"href":"https:\/\/poppers-online.ch\/fr\/wp-json\/wp\/v2\/product\/138126","targetHints":{"allow":["GET"]}}],"collection":[{"href":"https:\/\/poppers-online.ch\/fr\/wp-json\/wp\/v2\/product"}],"about":[{"href":"https:\/\/poppers-online.ch\/fr\/wp-json\/wp\/v2\/types\/product"}],"replies":[{"embeddable":true,"href":"https:\/\/poppers-online.ch\/fr\/wp-json\/wp\/v2\/comments?post=138126"}],"wp:featuredmedia":[{"embeddable":true,"href":"https:\/\/poppers-online.ch\/fr\/wp-json\/wp\/v2\/media\/138122"}],"wp:attachment":[{"href":"https:\/\/poppers-online.ch\/fr\/wp-json\/wp\/v2\/media?parent=138126"}],"wp:term":[{"taxonomy":"product_brand","embeddable":true,"href":"https:\/\/poppers-online.ch\/fr\/wp-json\/wp\/v2\/product_brand?post=138126"},{"taxonomy":"product_cat","embeddable":true,"href":"https:\/\/poppers-online.ch\/fr\/wp-json\/wp\/v2\/product_cat?post=138126"},{"taxonomy":"product_tag","embeddable":true,"href":"https:\/\/poppers-online.ch\/fr\/wp-json\/wp\/v2\/product_tag?post=138126"}],"curies":[{"name":"wp","href":"https:\/\/api.w.org\/{rel}","templated":true}]}}