{"id":137362,"date":"2025-11-20T16:18:40","date_gmt":"2025-11-20T15:18:40","guid":{"rendered":"https:\/\/poppers-online.ch\/produkt\/fuck-fist-silicone-lube-500ml\/"},"modified":"2025-11-20T16:47:27","modified_gmt":"2025-11-20T15:47:27","slug":"fuck-fist-silicone-lube-500ml","status":"publish","type":"product","link":"https:\/\/poppers-online.ch\/fr\/produit\/fuck-fist-silicone-lube-500ml\/","title":{"rendered":"Fuck &amp; Fist Silicone Lube 500ml"},"content":{"rendered":"","protected":false},"excerpt":{"rendered":"<p data-start=\"203\" data-end=\"1050\"><strong data-start=\"203\" data-end=\"238\">Fuck &amp; Fist Silicone Lube 500ml<\/strong> est le compagnon id\u00e9al pour tous ceux qui aiment l&rsquo;intensit\u00e9 et la profondeur !<br data-start=\"306\" data-end=\"309\">Ce gel lubrifiant \u00e0 base de silicone s\u00e9duit par sa texture agr\u00e9ablement fluide et offre un confort constant et durable &#8211; que ce soit pour le fisting, le jeu anal intense ou d&rsquo;autres types de jeux exigeants. Pas de film gras, pas d&rsquo;adh\u00e9rence : Juste une glisse souple et fiable qui vous fait avancer sans effort.<br data-start=\"616\" data-end=\"619\">Le flacon-pompe pratique permet de doser le gel proprement et facilement &#8211; une pression et vous \u00eates pr\u00eat pour le prochain tour. Bien entendu, le lubrifiant est compatible avec les pr\u00e9servatifs, ce qui vous permet de vous concentrer sur votre exp\u00e9rience en toute s\u00e9curit\u00e9 et s\u00e9r\u00e9nit\u00e9. Quelle que soit la profondeur ou l&rsquo;intensit\u00e9 de votre jeu, <strong data-start=\"941\" data-end=\"976\">Fuck &amp; Fist Silicone Lube 500ml<\/strong> vous aidera \u00e0 repousser vos limites &#8211; et au-del\u00e0.<\/p>\n<p data-start=\"1052\" data-end=\"1166\">\u2714 Lubrifiant \u00e0 base de silicone<br data-start=\"1079\" data-end=\"1082\">\u2714 Id\u00e9al pour le sexe anal &amp; le FF-Play<br data-start=\"1111\" data-end=\"1114\">\u2714 Parfait pour les sessions intenses<br data-start=\"1146\" data-end=\"1149\">\u2714 Tr\u00e8s \u00e9conomique<\/p>\n","protected":false},"featured_media":137357,"comment_status":"open","ping_status":"closed","template":"","meta":{"_acf_changed":false,"iawp_total_views":16,"_glsr_average":0,"_glsr_ranking":0,"_glsr_reviews":0},"product_brand":[],"product_cat":[2067,166],"product_tag":[],"class_list":{"0":"post-137362","1":"product","2":"type-product","3":"status-publish","4":"has-post-thumbnail","6":"product_cat-lubrifiant","7":"product_cat-droguerie","9":"first","10":"instock","11":"taxable","12":"shipping-taxable","13":"purchasable","14":"product-type-simple"},"acf":[],"_links":{"self":[{"href":"https:\/\/poppers-online.ch\/fr\/wp-json\/wp\/v2\/product\/137362","targetHints":{"allow":["GET"]}}],"collection":[{"href":"https:\/\/poppers-online.ch\/fr\/wp-json\/wp\/v2\/product"}],"about":[{"href":"https:\/\/poppers-online.ch\/fr\/wp-json\/wp\/v2\/types\/product"}],"replies":[{"embeddable":true,"href":"https:\/\/poppers-online.ch\/fr\/wp-json\/wp\/v2\/comments?post=137362"}],"wp:featuredmedia":[{"embeddable":true,"href":"https:\/\/poppers-online.ch\/fr\/wp-json\/wp\/v2\/media\/137357"}],"wp:attachment":[{"href":"https:\/\/poppers-online.ch\/fr\/wp-json\/wp\/v2\/media?parent=137362"}],"wp:term":[{"taxonomy":"product_brand","embeddable":true,"href":"https:\/\/poppers-online.ch\/fr\/wp-json\/wp\/v2\/product_brand?post=137362"},{"taxonomy":"product_cat","embeddable":true,"href":"https:\/\/poppers-online.ch\/fr\/wp-json\/wp\/v2\/product_cat?post=137362"},{"taxonomy":"product_tag","embeddable":true,"href":"https:\/\/poppers-online.ch\/fr\/wp-json\/wp\/v2\/product_tag?post=137362"}],"curies":[{"name":"wp","href":"https:\/\/api.w.org\/{rel}","templated":true}]}}