{"id":137289,"date":"2025-11-20T12:58:28","date_gmt":"2025-11-20T11:58:28","guid":{"rendered":"https:\/\/poppers-online.ch\/produkt\/brutus-xtra-strong-24ml-poppers-leather-wood-xl\/"},"modified":"2026-01-31T19:09:42","modified_gmt":"2026-01-31T18:09:42","slug":"brutus-xtra-strong-24ml-poppers-leather-wood-xl","status":"publish","type":"product","link":"https:\/\/poppers-online.ch\/fr\/produit\/brutus-xtra-strong-24ml-poppers-leather-wood-xl\/","title":{"rendered":"Brutus Xtra Strong 24ml Poppers Leather &amp; Wood XL"},"content":{"rendered":"","protected":false},"excerpt":{"rendered":"<p data-start=\"129\" data-end=\"426\"><strong data-start=\"129\" data-end=\"182\">Brutus Xtra Strong 24ml Poppers Leather &amp; Wood XL<\/strong> s&rsquo;adresse \u00e0 tous ceux qui recherchent une exp\u00e9rience particuli\u00e8rement intense. Le parfum marquant Leather &amp; Wood se d\u00e9ploie profond\u00e9ment et chaleureusement &#8211; comme le premier pas dans un espace f\u00e9tiche sombre o\u00f9 le cuir, l&rsquo;acier et la tension d\u00e9finissent l&rsquo;atmosph\u00e8re. <\/p>\n<p data-start=\"428\" data-end=\"715\">Le m\u00e9lange puissant de notes robustes de cuir et d&rsquo;accents de bois sombre a un effet imm\u00e9diat et apporte une touche masculine \u00e9vidente. Une seule bouff\u00e9e suffit \u00e0 amplifier le moment, que vous souhaitiez exprimer pleinement votre c\u00f4t\u00e9 dominant ou vous abandonner \u00e0 l&rsquo;exp\u00e9rience. <\/p>\n<p data-start=\"717\" data-end=\"849\"><strong data-start=\"717\" data-end=\"731\">Brutus Xtra Strong 24ml Poppers Leather &amp; Wood XL :<\/strong> Pour tous ceux qui veulent marquer leur pr\u00e9sence &#8211; ou se laisser aller consciemment. 24 ml d&rsquo;intensit\u00e9 concentr\u00e9e pour des sessions fortes. <\/p>\n","protected":false},"featured_media":137287,"comment_status":"open","ping_status":"closed","template":"","meta":{"_acf_changed":false,"iawp_total_views":25,"_glsr_average":0,"_glsr_ranking":0,"_glsr_reviews":0},"product_brand":[],"product_cat":[1046,77],"product_tag":[],"class_list":{"0":"post-137289","1":"product","2":"type-product","3":"status-publish","4":"has-post-thumbnail","6":"product_cat-poppers","7":"product_cat-grands-flacons","8":"pa_flaschenform-rond-grand","9":"pa_gewindegroesse-small","10":"pa_inhalt-24ml","11":"pa_inhaltsstoffe-nitrite-de-n-pentanol","12":"pa_marke-brutus","13":"pa_staerke-90","15":"first","16":"instock","17":"taxable","18":"shipping-taxable","19":"purchasable","20":"product-type-simple"},"acf":[],"_links":{"self":[{"href":"https:\/\/poppers-online.ch\/fr\/wp-json\/wp\/v2\/product\/137289","targetHints":{"allow":["GET"]}}],"collection":[{"href":"https:\/\/poppers-online.ch\/fr\/wp-json\/wp\/v2\/product"}],"about":[{"href":"https:\/\/poppers-online.ch\/fr\/wp-json\/wp\/v2\/types\/product"}],"replies":[{"embeddable":true,"href":"https:\/\/poppers-online.ch\/fr\/wp-json\/wp\/v2\/comments?post=137289"}],"wp:featuredmedia":[{"embeddable":true,"href":"https:\/\/poppers-online.ch\/fr\/wp-json\/wp\/v2\/media\/137287"}],"wp:attachment":[{"href":"https:\/\/poppers-online.ch\/fr\/wp-json\/wp\/v2\/media?parent=137289"}],"wp:term":[{"taxonomy":"product_brand","embeddable":true,"href":"https:\/\/poppers-online.ch\/fr\/wp-json\/wp\/v2\/product_brand?post=137289"},{"taxonomy":"product_cat","embeddable":true,"href":"https:\/\/poppers-online.ch\/fr\/wp-json\/wp\/v2\/product_cat?post=137289"},{"taxonomy":"product_tag","embeddable":true,"href":"https:\/\/poppers-online.ch\/fr\/wp-json\/wp\/v2\/product_tag?post=137289"}],"curies":[{"name":"wp","href":"https:\/\/api.w.org\/{rel}","templated":true}]}}