{"id":137274,"date":"2025-11-20T12:17:19","date_gmt":"2025-11-20T11:17:19","guid":{"rendered":"https:\/\/poppers-online.ch\/produkt\/brutus-xtra-strong-24ml-poppers-cinnamon-xl\/"},"modified":"2026-02-16T19:09:30","modified_gmt":"2026-02-16T18:09:30","slug":"brutus-xtra-strong-24ml-poppers-cinnamon-xl","status":"publish","type":"product","link":"https:\/\/poppers-online.ch\/fr\/produit\/brutus-xtra-strong-24ml-poppers-cinnamon-xl\/","title":{"rendered":"Brutus Xtra Strong 24ml Poppers Cinnamon XL"},"content":{"rendered":"","protected":false},"excerpt":{"rendered":"<p data-start=\"147\" data-end=\"437\"><strong data-start=\"147\" data-end=\"194\">Brutus Xtra Strong 24ml Poppers Cinnamon XL<\/strong> &#8211; L&rsquo;intensit\u00e9 avec un coup de pied \u00e9pic\u00e9.<br data-start=\"226\" data-end=\"229\">Le puissant Brutus se pr\u00e9sente maintenant avec une nouvelle note excitante. Imaginez deux hommes, totalement dans l&rsquo;instant, chauds, bruts et anim\u00e9s par le d\u00e9sir pur &#8211; c&rsquo;est exactement l&rsquo;\u00e9nergie que l&rsquo;on retrouve dans cet ar\u00f4me Cinnamon. <\/p>\n<p data-start=\"439\" data-end=\"715\">L&rsquo;odeur puissante et \u00e9pic\u00e9e de la cannelle se propage directement \u00e0 travers les sens et allume une br\u00fblure p\u00e9tillante qui se propage profond\u00e9ment dans le corps. Une seule bouff\u00e9e et la tension animale prend le relais, pour des sessions plus intenses, plus sauvages et plus \u00e9nergiques. <\/p>\n<p data-start=\"717\" data-end=\"967\">Le booster de puissance Cinnamon au format XL : emball\u00e9 dans une bouteille en aluminium robuste et incassable, pour vous donner une pleine puissance \u00e0 tout moment et partout. Parfait pour ceux qui aiment les choses plus chaudes et plus dures &#8211; avec une touche aromatique qui fait monter la temp\u00e9rature. <\/p>\n<p data-start=\"717\" data-end=\"967\">D\u00e9couvrez \u00e9galement <a href=\"https:\/\/poppers-online.ch\/fr\/produit\/brutus-xtra-strong-24ml-poppers-leather-wood-xl\/\">Brutus Xtra Strong 24ml Poppers Leather &amp; Wood XL<\/a> au parfum masculin.<\/p>\n","protected":false},"featured_media":137269,"comment_status":"open","ping_status":"closed","template":"","meta":{"_acf_changed":false,"iawp_total_views":81,"_glsr_average":0,"_glsr_ranking":0,"_glsr_reviews":0},"product_brand":[],"product_cat":[1046,77],"product_tag":[],"class_list":{"0":"post-137274","1":"product","2":"type-product","3":"status-publish","4":"has-post-thumbnail","6":"product_cat-poppers","7":"product_cat-grands-flacons","8":"pa_flaschenform-rond-grand","9":"pa_gewindegroesse-small","10":"pa_inhalt-24ml","11":"pa_inhaltsstoffe-nitrite-de-n-pentanol","12":"pa_marke-brutus","13":"pa_staerke-91","15":"first","16":"instock","17":"taxable","18":"shipping-taxable","19":"purchasable","20":"product-type-simple"},"acf":[],"_links":{"self":[{"href":"https:\/\/poppers-online.ch\/fr\/wp-json\/wp\/v2\/product\/137274","targetHints":{"allow":["GET"]}}],"collection":[{"href":"https:\/\/poppers-online.ch\/fr\/wp-json\/wp\/v2\/product"}],"about":[{"href":"https:\/\/poppers-online.ch\/fr\/wp-json\/wp\/v2\/types\/product"}],"replies":[{"embeddable":true,"href":"https:\/\/poppers-online.ch\/fr\/wp-json\/wp\/v2\/comments?post=137274"}],"wp:featuredmedia":[{"embeddable":true,"href":"https:\/\/poppers-online.ch\/fr\/wp-json\/wp\/v2\/media\/137269"}],"wp:attachment":[{"href":"https:\/\/poppers-online.ch\/fr\/wp-json\/wp\/v2\/media?parent=137274"}],"wp:term":[{"taxonomy":"product_brand","embeddable":true,"href":"https:\/\/poppers-online.ch\/fr\/wp-json\/wp\/v2\/product_brand?post=137274"},{"taxonomy":"product_cat","embeddable":true,"href":"https:\/\/poppers-online.ch\/fr\/wp-json\/wp\/v2\/product_cat?post=137274"},{"taxonomy":"product_tag","embeddable":true,"href":"https:\/\/poppers-online.ch\/fr\/wp-json\/wp\/v2\/product_tag?post=137274"}],"curies":[{"name":"wp","href":"https:\/\/api.w.org\/{rel}","templated":true}]}}