{"id":137255,"date":"2025-11-20T11:06:19","date_gmt":"2025-11-20T10:06:19","guid":{"rendered":"https:\/\/poppers-online.ch\/produkt\/graisse-ff-fuck-fist-1000ml\/"},"modified":"2025-11-20T12:10:06","modified_gmt":"2025-11-20T11:10:06","slug":"graisse-ff-fuck-fist-1000ml","status":"publish","type":"product","link":"https:\/\/poppers-online.ch\/fr\/produit\/graisse-ff-fuck-fist-1000ml\/","title":{"rendered":"Graisse FF Fuck &amp; Fist 1000ml"},"content":{"rendered":"","protected":false},"excerpt":{"rendered":"<p data-prosemirror-content-type=\"node\" data-prosemirror-node-name=\"paragraph\" data-prosemirror-node-block=\"true\" data-pm-slice=\"1 1 []\">Pr\u00eat pour des aventures intenses de Fist ?<\/p>\n<p data-prosemirror-content-type=\"node\" data-prosemirror-node-name=\"paragraph\" data-prosemirror-node-block=\"true\">Le <strong data-prosemirror-content-type=\"mark\" data-prosemirror-mark-name=\"strong\">lubrifiant FF Grease 1000ml de Fuck &amp; Fist <\/strong>est particuli\u00e8rement glissant et permet des sessions souveraines et endurantes. Il offre un film soyeux qui soutient de mani\u00e8re fiable m\u00eame lors de grands d\u00e9fis.<\/p>\n<p data-prosemirror-content-type=\"node\" data-prosemirror-node-name=\"paragraph\" data-prosemirror-node-block=\"true\">Id\u00e9al pour les applications longues, la p\u00e9n\u00e9tration profonde et de nombreux autres types de jeux exigeants. La graisse polyvalente est naturellement pure, sans additif et poss\u00e8de une consistance semi-fluide agr\u00e9able qui la rend particuli\u00e8rement facile \u00e0 utiliser. <\/p>\n<p data-prosemirror-content-type=\"node\" data-prosemirror-node-name=\"paragraph\" data-prosemirror-node-block=\"true\"><strong data-prosemirror-content-type=\"mark\" data-prosemirror-mark-name=\"strong\">Points forts du produit<\/strong><br data-prosemirror-content-type=\"node\" data-prosemirror-node-name=\"hardBreak\" data-prosemirror-node-inline=\"true\">\u2714 Tr\u00e8s \u00e9conomique et longue dur\u00e9e<br data-prosemirror-content-type=\"node\" data-prosemirror-node-name=\"hardBreak\" data-prosemirror-node-inline=\"true\">\u2714 Naturellement pur et sans additif<br data-prosemirror-content-type=\"node\" data-prosemirror-node-name=\"hardBreak\" data-prosemirror-node-inline=\"true\">\u2714 Avec fermeture pratique par clip<br data-prosemirror-content-type=\"node\" data-prosemirror-node-name=\"hardBreak\" data-prosemirror-node-inline=\"true\">\u2714 Sans parfum<br data-prosemirror-content-type=\"node\" data-prosemirror-node-name=\"hardBreak\" data-prosemirror-node-inline=\"true\">\u2714 Avec option de suspension pour une utilisation pratique<\/p>\n<p data-prosemirror-content-type=\"node\" data-prosemirror-node-name=\"paragraph\" data-prosemirror-node-block=\"true\">La graisse semi-liquide FF Grease est pr\u00eate \u00e0 l&#8217;emploi, polyvalente et particuli\u00e8rement pratique \u00e0 utiliser gr\u00e2ce \u00e0 sa fermeture par clip et \u00e0 sa suspension int\u00e9gr\u00e9e.<\/p>\n<p data-prosemirror-content-type=\"node\" data-prosemirror-node-name=\"paragraph\" data-prosemirror-node-block=\"true\">\u26a0 Remarque : non compatible avec le latex ou le TPE.<\/p>\n","protected":false},"featured_media":137253,"comment_status":"open","ping_status":"closed","template":"","meta":{"_acf_changed":false,"iawp_total_views":8,"_glsr_average":0,"_glsr_ranking":0,"_glsr_reviews":0},"product_brand":[],"product_cat":[2067,166],"product_tag":[],"class_list":{"0":"post-137255","1":"product","2":"type-product","3":"status-publish","4":"has-post-thumbnail","6":"product_cat-lubrifiant","7":"product_cat-droguerie","9":"first","10":"instock","11":"taxable","12":"shipping-taxable","13":"purchasable","14":"product-type-simple"},"acf":[],"_links":{"self":[{"href":"https:\/\/poppers-online.ch\/fr\/wp-json\/wp\/v2\/product\/137255","targetHints":{"allow":["GET"]}}],"collection":[{"href":"https:\/\/poppers-online.ch\/fr\/wp-json\/wp\/v2\/product"}],"about":[{"href":"https:\/\/poppers-online.ch\/fr\/wp-json\/wp\/v2\/types\/product"}],"replies":[{"embeddable":true,"href":"https:\/\/poppers-online.ch\/fr\/wp-json\/wp\/v2\/comments?post=137255"}],"wp:featuredmedia":[{"embeddable":true,"href":"https:\/\/poppers-online.ch\/fr\/wp-json\/wp\/v2\/media\/137253"}],"wp:attachment":[{"href":"https:\/\/poppers-online.ch\/fr\/wp-json\/wp\/v2\/media?parent=137255"}],"wp:term":[{"taxonomy":"product_brand","embeddable":true,"href":"https:\/\/poppers-online.ch\/fr\/wp-json\/wp\/v2\/product_brand?post=137255"},{"taxonomy":"product_cat","embeddable":true,"href":"https:\/\/poppers-online.ch\/fr\/wp-json\/wp\/v2\/product_cat?post=137255"},{"taxonomy":"product_tag","embeddable":true,"href":"https:\/\/poppers-online.ch\/fr\/wp-json\/wp\/v2\/product_tag?post=137255"}],"curies":[{"name":"wp","href":"https:\/\/api.w.org\/{rel}","templated":true}]}}