{"id":136587,"date":"2025-11-13T16:42:40","date_gmt":"2025-11-13T15:42:40","guid":{"rendered":"https:\/\/poppers-online.ch\/produkt\/graisse-ff-fuck-fist-500ml\/"},"modified":"2025-11-13T19:59:06","modified_gmt":"2025-11-13T18:59:06","slug":"graisse-ff-fuck-fist-500ml","status":"publish","type":"product","link":"https:\/\/poppers-online.ch\/fr\/produit\/graisse-ff-fuck-fist-500ml\/","title":{"rendered":"Graisse FF Fuck &amp; Fist 500ml"},"content":{"rendered":"","protected":false},"excerpt":{"rendered":"<p data-start=\"302\" data-end=\"379\"><strong data-start=\"302\" data-end=\"338\">Fuck &amp; Fist FF Grease 500ml<\/strong> &#8211; pr\u00eat pour des <a href=\"https:\/\/poppers-online.ch\/fr\/blog\/fisting-plaisir-detendu-avec-les-fist-poppers-les-bons-accessoires-et-les-fist-toys-excitants\/\">aventures Fist<\/a> intenses ?<\/p>\n<p data-start=\"381\" data-end=\"586\">Le lubrifiant Fuck &amp; Fist FF Grease 500ml, particuli\u00e8rement glissant, assure des sessions souveraines et endurantes et forme un film soyeux qui soutient de mani\u00e8re fiable m\u00eame lors de grands d\u00e9fis.<\/p>\n<p data-start=\"588\" data-end=\"860\">Id\u00e9al pour les applications longues, la p\u00e9n\u00e9tration profonde et de nombreux types de jeux exigeants. Ce lubrifiant polyvalent est pur, sans additif et a une consistance semi-fluide agr\u00e9able qui le rend tr\u00e8s facile \u00e0 utiliser. <\/p>\n<p data-start=\"862\" data-end=\"1060\"><strong data-start=\"862\" data-end=\"884\">Points forts du produit<\/strong><br data-start=\"884\" data-end=\"887\">\u2714 Tr\u00e8s \u00e9conomique et longue dur\u00e9e<br data-start=\"920\" data-end=\"923\">\u2714 Naturellement pur et sans additif<br data-start=\"956\" data-end=\"959\">\u2714 Avec fermeture pratique par clip<br data-start=\"992\" data-end=\"995\">\u2714 Sans parfum<br data-start=\"1012\" data-end=\"1015\">\u2714 Avec option de suspension pour une utilisation pratique<\/p>\n<p data-start=\"1062\" data-end=\"1224\">La graisse semi-liquide FF Grease est pr\u00eate \u00e0 l&#8217;emploi, polyvalente et particuli\u00e8rement pratique \u00e0 utiliser gr\u00e2ce \u00e0 sa fermeture par clip et \u00e0 sa suspension int\u00e9gr\u00e9e.<\/p>\n<p data-start=\"1062\" data-end=\"1224\">Vous trouverez toutes les informations n\u00e9cessaires pour choisir le lubrifiant id\u00e9al dans notre <a href=\"https:\/\/poppers-online.ch\/fr\/blog\/guide-pour-choisir-le-lubrifiant-parfait\/\">Guide<\/a> du lubrifiant id\u00e9al.<\/p>\n<p data-start=\"1226\" data-end=\"1275\">\u26a0 Remarque : non compatible avec le latex ou le TPE.<\/p>\n","protected":false},"featured_media":136584,"comment_status":"open","ping_status":"closed","template":"","meta":{"_acf_changed":false,"iawp_total_views":7,"_glsr_average":0,"_glsr_ranking":0,"_glsr_reviews":0},"product_brand":[],"product_cat":[2067,166],"product_tag":[],"class_list":{"0":"post-136587","1":"product","2":"type-product","3":"status-publish","4":"has-post-thumbnail","6":"product_cat-lubrifiant","7":"product_cat-droguerie","9":"first","10":"instock","11":"taxable","12":"shipping-taxable","13":"purchasable","14":"product-type-simple"},"acf":[],"_links":{"self":[{"href":"https:\/\/poppers-online.ch\/fr\/wp-json\/wp\/v2\/product\/136587","targetHints":{"allow":["GET"]}}],"collection":[{"href":"https:\/\/poppers-online.ch\/fr\/wp-json\/wp\/v2\/product"}],"about":[{"href":"https:\/\/poppers-online.ch\/fr\/wp-json\/wp\/v2\/types\/product"}],"replies":[{"embeddable":true,"href":"https:\/\/poppers-online.ch\/fr\/wp-json\/wp\/v2\/comments?post=136587"}],"wp:featuredmedia":[{"embeddable":true,"href":"https:\/\/poppers-online.ch\/fr\/wp-json\/wp\/v2\/media\/136584"}],"wp:attachment":[{"href":"https:\/\/poppers-online.ch\/fr\/wp-json\/wp\/v2\/media?parent=136587"}],"wp:term":[{"taxonomy":"product_brand","embeddable":true,"href":"https:\/\/poppers-online.ch\/fr\/wp-json\/wp\/v2\/product_brand?post=136587"},{"taxonomy":"product_cat","embeddable":true,"href":"https:\/\/poppers-online.ch\/fr\/wp-json\/wp\/v2\/product_cat?post=136587"},{"taxonomy":"product_tag","embeddable":true,"href":"https:\/\/poppers-online.ch\/fr\/wp-json\/wp\/v2\/product_tag?post=136587"}],"curies":[{"name":"wp","href":"https:\/\/api.w.org\/{rel}","templated":true}]}}