{"id":136574,"date":"2025-11-13T15:48:50","date_gmt":"2025-11-13T14:48:50","guid":{"rendered":"https:\/\/poppers-online.ch\/produkt\/boy-butter-h2o-creme-lubrifiante-480ml\/"},"modified":"2025-11-13T19:47:25","modified_gmt":"2025-11-13T18:47:25","slug":"boy-butter-h2o-creme-lubrifiante-480ml","status":"publish","type":"product","link":"https:\/\/poppers-online.ch\/fr\/produit\/boy-butter-h2o-creme-lubrifiante-480ml\/","title":{"rendered":"Boy Butter H2O Cr\u00e8me lubrifiante 480ml"},"content":{"rendered":"","protected":false},"excerpt":{"rendered":"<p data-start=\"232\" data-end=\"397\"><strong data-start=\"232\" data-end=\"279\">BOY BUTTER H2O Lubricating Cream 480ml<\/strong> &#8211; le gel lubrifiant \u00e0 base d&rsquo;eau de la marque populaire Boy Butter convainc par sa texture cr\u00e9meuse et agr\u00e9ablement douce.<\/p>\n<p data-start=\"399\" data-end=\"702\">Sa formule lisse et soyeuse s&rsquo;applique sans effort, ne p\u00e9n\u00e8tre pas trop rapidement et procure une sensation de douceur durable &#8211; sans coller. Enrichi en vitamine E et en aloe vera, ce gel prend soin de la peau et des muqueuses et favorise des sensations de glisse particuli\u00e8rement douces. <\/p>\n<p data-start=\"704\" data-end=\"868\">Id\u00e9al pour les moments intimes \u00e0 deux ou pour les sessions en solo.<br data-start=\"772\" data-end=\"775\">Boy Butter H2O est bien s\u00fbr sans danger pour les pr\u00e9servatifs en latex et se lave facilement \u00e0 l&rsquo;eau. D\u00e9couvrez \u00e9galement la <a href=\"https:\/\/poppers-online.ch\/fr\/produit\/boy-butter-creme-lubrifiante-originale-480ml\/\">version \u00e0 base d&rsquo;huile de BOY BUTTER<\/a> dans notre boutique en ligne de lubrifiants. <\/p>\n<p data-start=\"870\" data-end=\"1137\"><strong data-start=\"870\" data-end=\"888\">D\u00e9tails du produit<\/strong><br data-start=\"888\" data-end=\"891\">\u2714 Tube de 480 ml<br data-start=\"904\" data-end=\"907\">\u2714 A base d&rsquo;eau &#8211; texture cr\u00e9meuse et non collante<br data-start=\"957\" data-end=\"960\">\u2714 Contient de l&rsquo;aloe vera &amp; de la vitamine E pour un soin suppl\u00e9mentaire<br data-start=\"1004\" data-end=\"1007\">\u2714 Doux pour la peau &amp; sans danger pour les pr\u00e9servatifs (compatible avec le latex)<br data-start=\"1057\" data-end=\"1060\">\u2714 Parfait pour le sexe ou la masturbation<br data-start=\"1095\" data-end=\"1098\">\u2714 Facile \u00e0 laver &amp; sans r\u00e9sidus<\/p>\n","protected":false},"featured_media":136572,"comment_status":"open","ping_status":"closed","template":"","meta":{"_acf_changed":false,"iawp_total_views":11,"_glsr_average":0,"_glsr_ranking":0,"_glsr_reviews":0},"product_brand":[],"product_cat":[2067,166],"product_tag":[],"class_list":{"0":"post-136574","1":"product","2":"type-product","3":"status-publish","4":"has-post-thumbnail","6":"product_cat-lubrifiant","7":"product_cat-droguerie","9":"first","10":"instock","11":"taxable","12":"shipping-taxable","13":"purchasable","14":"product-type-simple"},"acf":[],"_links":{"self":[{"href":"https:\/\/poppers-online.ch\/fr\/wp-json\/wp\/v2\/product\/136574","targetHints":{"allow":["GET"]}}],"collection":[{"href":"https:\/\/poppers-online.ch\/fr\/wp-json\/wp\/v2\/product"}],"about":[{"href":"https:\/\/poppers-online.ch\/fr\/wp-json\/wp\/v2\/types\/product"}],"replies":[{"embeddable":true,"href":"https:\/\/poppers-online.ch\/fr\/wp-json\/wp\/v2\/comments?post=136574"}],"wp:featuredmedia":[{"embeddable":true,"href":"https:\/\/poppers-online.ch\/fr\/wp-json\/wp\/v2\/media\/136572"}],"wp:attachment":[{"href":"https:\/\/poppers-online.ch\/fr\/wp-json\/wp\/v2\/media?parent=136574"}],"wp:term":[{"taxonomy":"product_brand","embeddable":true,"href":"https:\/\/poppers-online.ch\/fr\/wp-json\/wp\/v2\/product_brand?post=136574"},{"taxonomy":"product_cat","embeddable":true,"href":"https:\/\/poppers-online.ch\/fr\/wp-json\/wp\/v2\/product_cat?post=136574"},{"taxonomy":"product_tag","embeddable":true,"href":"https:\/\/poppers-online.ch\/fr\/wp-json\/wp\/v2\/product_tag?post=136574"}],"curies":[{"name":"wp","href":"https:\/\/api.w.org\/{rel}","templated":true}]}}