{"id":136566,"date":"2025-11-13T15:21:30","date_gmt":"2025-11-13T14:21:30","guid":{"rendered":"https:\/\/poppers-online.ch\/produkt\/boy-butter-creme-lubrifiante-originale-480ml\/"},"modified":"2025-11-13T19:34:09","modified_gmt":"2025-11-13T18:34:09","slug":"boy-butter-creme-lubrifiante-originale-480ml","status":"publish","type":"product","link":"https:\/\/poppers-online.ch\/fr\/produit\/boy-butter-creme-lubrifiante-originale-480ml\/","title":{"rendered":"BOY BUTTER Cr\u00e8me lubrifiante originale 480ml"},"content":{"rendered":"","protected":false},"excerpt":{"rendered":"<p data-start=\"193\" data-end=\"354\"><strong data-start=\"202\" data-end=\"249\">BOY BUTTER Original Lubricating Cream 480ml<\/strong> &#8211; le l\u00e9gendaire gel lubrifiant \u00e0 base d&rsquo;huile pour tous ceux qui aiment la souplesse, la durabilit\u00e9 et le respect de la peau.<\/p>\n<p data-start=\"356\" data-end=\"609\">Ce gel lubrifiant haut de gamme associe le pouvoir nourrissant de l&rsquo;huile de coco naturelle \u00e0 un silicone organique qui se rince enti\u00e8rement \u00e0 l&rsquo;eau. Sa texture cr\u00e9meuse et homog\u00e8ne rappelle celle du vrai beurre &#8211; riche, \u00e9conomique et incroyablement glissante. <\/p>\n<p data-start=\"611\" data-end=\"824\">Boy Butter convainc par sa durabilit\u00e9 exceptionnelle, sans coller ni graisser. Il est hypoallerg\u00e9nique, ne tache pas et est sans danger pour les jouets, ce qui vous permet de vous concentrer sur votre plaisir. <\/p>\n<p data-start=\"611\" data-end=\"824\">D\u00e9couvrez \u00e9galement la <a href=\"https:\/\/poppers-online.ch\/fr\/produit\/boy-butter-h2o-creme-lubrifiante-480ml\/\">version \u00e0 base d&rsquo;eau de BOY BUTTER<\/a> dans notre boutique de lubrifiants.<\/p>\n<p data-start=\"826\" data-end=\"891\">\u26a0 Remarque : ne convient pas pour une utilisation avec des pr\u00e9servatifs en latex !<\/p>\n<p data-start=\"893\" data-end=\"1134\"><strong data-start=\"893\" data-end=\"911\">D\u00e9tails du produit<\/strong><br data-start=\"911\" data-end=\"914\">\u2714 Bo\u00eete de 454 g<br data-start=\"926\" data-end=\"929\">\u2714 Gel lubrifiant \u00e0 base d&rsquo;huile avec huile de coco &amp; silicone organique<br data-start=\"985\" data-end=\"988\">\u2714 Particuli\u00e8rement \u00e9conomique &amp; durable<br data-start=\"1020\" data-end=\"1023\">\u2714 Hypoallerg\u00e9nique &amp; doux pour la peau<br data-start=\"1054\" data-end=\"1057\">\u2714 Facilement lavable \u00e0 l&rsquo;eau<br data-start=\"1087\" data-end=\"1090\">\u2714 Ne tache pas<br data-start=\"1105\" data-end=\"1108\">\u2714 Fabriqu\u00e9 aux \u00c9tats-Unis<\/p>\n","protected":false},"featured_media":136561,"comment_status":"open","ping_status":"closed","template":"","meta":{"_acf_changed":false,"iawp_total_views":12,"_glsr_average":0,"_glsr_ranking":0,"_glsr_reviews":0},"product_brand":[],"product_cat":[2067,166],"product_tag":[],"class_list":{"0":"post-136566","1":"product","2":"type-product","3":"status-publish","4":"has-post-thumbnail","6":"product_cat-lubrifiant","7":"product_cat-droguerie","9":"first","10":"instock","11":"taxable","12":"shipping-taxable","13":"purchasable","14":"product-type-simple"},"acf":[],"_links":{"self":[{"href":"https:\/\/poppers-online.ch\/fr\/wp-json\/wp\/v2\/product\/136566","targetHints":{"allow":["GET"]}}],"collection":[{"href":"https:\/\/poppers-online.ch\/fr\/wp-json\/wp\/v2\/product"}],"about":[{"href":"https:\/\/poppers-online.ch\/fr\/wp-json\/wp\/v2\/types\/product"}],"replies":[{"embeddable":true,"href":"https:\/\/poppers-online.ch\/fr\/wp-json\/wp\/v2\/comments?post=136566"}],"wp:featuredmedia":[{"embeddable":true,"href":"https:\/\/poppers-online.ch\/fr\/wp-json\/wp\/v2\/media\/136561"}],"wp:attachment":[{"href":"https:\/\/poppers-online.ch\/fr\/wp-json\/wp\/v2\/media?parent=136566"}],"wp:term":[{"taxonomy":"product_brand","embeddable":true,"href":"https:\/\/poppers-online.ch\/fr\/wp-json\/wp\/v2\/product_brand?post=136566"},{"taxonomy":"product_cat","embeddable":true,"href":"https:\/\/poppers-online.ch\/fr\/wp-json\/wp\/v2\/product_cat?post=136566"},{"taxonomy":"product_tag","embeddable":true,"href":"https:\/\/poppers-online.ch\/fr\/wp-json\/wp\/v2\/product_tag?post=136566"}],"curies":[{"name":"wp","href":"https:\/\/api.w.org\/{rel}","templated":true}]}}