{"id":136535,"date":"2025-11-13T11:31:10","date_gmt":"2025-11-13T10:31:10","guid":{"rendered":"https:\/\/poppers-online.ch\/produkt\/lubrifiant-fuck-fist-water-100-ml\/"},"modified":"2025-11-13T19:06:50","modified_gmt":"2025-11-13T18:06:50","slug":"lubrifiant-fuck-fist-water-100-ml","status":"publish","type":"product","link":"https:\/\/poppers-online.ch\/fr\/produit\/lubrifiant-fuck-fist-water-100-ml\/","title":{"rendered":"Lubrifiant Fuck &amp; Fist Water 100ml"},"content":{"rendered":"","protected":false},"excerpt":{"rendered":"<p data-start=\"250\" data-end=\"503\">Le <strong data-start=\"254\" data-end=\"292\">Fuck &amp; Fist Water Lubricant 100ml<\/strong> est un lubrifiant \u00e0 base d&rsquo;eau \u00e0 la texture agr\u00e9ablement fluide, non grasse et non collante.<br data-start=\"400\" data-end=\"403\">Il assure une lubrification de longue dur\u00e9e et un plaisir maximal &#8211; parfait pour chaque session.<\/p>\n<p data-start=\"505\" data-end=\"574\">Compatible avec <a href=\"https:\/\/poppers-online.ch\/fr\/categorie-de-produit\/droguerie\/preservatif\/\">les pr\u00e9servatifs<\/a>.<br data-start=\"529\" data-end=\"532\">Flacon avec bouchon \u00e0 pression pratique.<\/p>\n<p data-start=\"576\" data-end=\"803\"><strong data-start=\"576\" data-end=\"596\">Composition :<\/strong> Aqua, Glycerin, Hydroxyethylcellulose, Citric Acid, Sodium Benzoate, Potassium Sorbate, Pentylene Glycol, Sorbitol, Sodium Lactate, Urea, Lactic Acid, Serine, Sodium Hydroxide, Sodium Chloride, Allantoin.<\/p>\n<p data-start=\"805\" data-end=\"1336\"><strong data-start=\"805\" data-end=\"849\">Conseils d&rsquo;utilisation et de conservation :<\/strong><br data-start=\"849\" data-end=\"852\">Conserver dans un endroit sec et sombre.<br data-start=\"891\" data-end=\"894\">Apr\u00e8s ouverture, se conserve jusqu&rsquo;\u00e0 12 mois.<br data-start=\"935\" data-end=\"938\">Tenir hors de port\u00e9e des enfants.<br data-start=\"979\" data-end=\"982\">Eviter tout contact avec les yeux, la peau l\u00e9s\u00e9e ou les plaies.<br data-start=\"1039\" data-end=\"1042\">En cas d&rsquo;irritation, arr\u00eater l&rsquo;utilisation et consulter un m\u00e9decin si n\u00e9cessaire.<br data-start=\"1120\" data-end=\"1123\">Tester sur une petite zone de peau avant utilisation. Ne pas utiliser en cas de rougeurs, d&rsquo;allergies ou d&rsquo;inconfort.<br data-start=\"1232\" data-end=\"1235\">Ce gel lubrifiant n&rsquo;est <strong data-start=\"1255\" data-end=\"1280\">pas un contraceptif<\/strong> et ne contient <strong data-start=\"1293\" data-end=\"1313\">pas de spermicides<\/strong>.<br data-start=\"1314\" data-end=\"1317\">Ne pas avaler. <\/p>\n","protected":false},"featured_media":136531,"comment_status":"open","ping_status":"closed","template":"","meta":{"_acf_changed":false,"iawp_total_views":3,"_glsr_average":0,"_glsr_ranking":0,"_glsr_reviews":0},"product_brand":[],"product_cat":[2067,166],"product_tag":[],"class_list":{"0":"post-136535","1":"product","2":"type-product","3":"status-publish","4":"has-post-thumbnail","6":"product_cat-lubrifiant","7":"product_cat-droguerie","9":"first","10":"instock","11":"taxable","12":"shipping-taxable","13":"purchasable","14":"product-type-simple"},"acf":[],"_links":{"self":[{"href":"https:\/\/poppers-online.ch\/fr\/wp-json\/wp\/v2\/product\/136535","targetHints":{"allow":["GET"]}}],"collection":[{"href":"https:\/\/poppers-online.ch\/fr\/wp-json\/wp\/v2\/product"}],"about":[{"href":"https:\/\/poppers-online.ch\/fr\/wp-json\/wp\/v2\/types\/product"}],"replies":[{"embeddable":true,"href":"https:\/\/poppers-online.ch\/fr\/wp-json\/wp\/v2\/comments?post=136535"}],"wp:featuredmedia":[{"embeddable":true,"href":"https:\/\/poppers-online.ch\/fr\/wp-json\/wp\/v2\/media\/136531"}],"wp:attachment":[{"href":"https:\/\/poppers-online.ch\/fr\/wp-json\/wp\/v2\/media?parent=136535"}],"wp:term":[{"taxonomy":"product_brand","embeddable":true,"href":"https:\/\/poppers-online.ch\/fr\/wp-json\/wp\/v2\/product_brand?post=136535"},{"taxonomy":"product_cat","embeddable":true,"href":"https:\/\/poppers-online.ch\/fr\/wp-json\/wp\/v2\/product_cat?post=136535"},{"taxonomy":"product_tag","embeddable":true,"href":"https:\/\/poppers-online.ch\/fr\/wp-json\/wp\/v2\/product_tag?post=136535"}],"curies":[{"name":"wp","href":"https:\/\/api.w.org\/{rel}","templated":true}]}}