{"id":136523,"date":"2025-11-13T10:45:59","date_gmt":"2025-11-13T09:45:59","guid":{"rendered":"https:\/\/poppers-online.ch\/produkt\/lubrifiant-extreme-fuck-fist-anal-100-ml\/"},"modified":"2025-11-13T18:54:04","modified_gmt":"2025-11-13T17:54:04","slug":"lubrifiant-extreme-fuck-fist-anal-100-ml","status":"publish","type":"product","link":"https:\/\/poppers-online.ch\/fr\/produit\/lubrifiant-extreme-fuck-fist-anal-100-ml\/","title":{"rendered":"Lubrifiant extr\u00eame Fuck &amp; Fist Anal 100ml"},"content":{"rendered":"","protected":false},"excerpt":{"rendered":"<p data-start=\"286\" data-end=\"581\">Le <strong data-start=\"290\" data-end=\"335\">lubrifiant Fuck &amp; Fist Anal Extreme Lubricant 100ml<\/strong> a \u00e9t\u00e9 sp\u00e9cialement enrichi d&rsquo;une formule \u00e0 base d&rsquo;eau et de menthol pour produire un effet agr\u00e9ablement relaxant.<br data-start=\"461\" data-end=\"464\">Sa texture \u00e9paisse, non grasse et non collante, assure un confort de glisse intense, id\u00e9al pour les sessions extr\u00eames.<\/p>\n<p data-start=\"583\" data-end=\"609\">Compatible avec les pr\u00e9servatifs.<\/p>\n<p data-start=\"611\" data-end=\"818\"><strong data-start=\"611\" data-end=\"631\">Composition :<\/strong> Aqua, Glycerin, Styrene\/Acrylates Copolymer, Phenoxyethanol, Propylene Glycol, Acrylates\/C10-30 Alkyl Acrylate Crosspolymer, Xanthan Gum, Menthol, Sodium Hydroxide, Ethylhexylglycerin.<\/p>\n<p data-start=\"820\" data-end=\"1351\"><strong data-start=\"820\" data-end=\"864\">Conseils d&rsquo;utilisation et de conservation :<\/strong><br data-start=\"864\" data-end=\"867\">Conserver dans un endroit sec et sombre.<br data-start=\"906\" data-end=\"909\">Apr\u00e8s ouverture, se conserve jusqu&rsquo;\u00e0 12 mois.<br data-start=\"950\" data-end=\"953\">Tenir hors de port\u00e9e des enfants.<br data-start=\"994\" data-end=\"997\">Eviter tout contact avec les yeux, la peau l\u00e9s\u00e9e ou les plaies.<br data-start=\"1054\" data-end=\"1057\">En cas d&rsquo;irritation, arr\u00eater l&rsquo;utilisation et consulter un m\u00e9decin si n\u00e9cessaire.<br data-start=\"1135\" data-end=\"1138\">Tester sur une petite zone de peau avant utilisation. Ne pas utiliser en cas de rougeurs, d&rsquo;allergies ou d&rsquo;inconfort.<br data-start=\"1247\" data-end=\"1250\">Ce gel lubrifiant n&rsquo;est <strong data-start=\"1270\" data-end=\"1295\">pas un contraceptif<\/strong> et ne contient <strong data-start=\"1308\" data-end=\"1328\">pas de spermicides<\/strong>.<br data-start=\"1329\" data-end=\"1332\">Ne pas avaler. <\/p>\n","protected":false},"featured_media":136519,"comment_status":"open","ping_status":"closed","template":"","meta":{"_acf_changed":false,"iawp_total_views":9,"_glsr_average":0,"_glsr_ranking":0,"_glsr_reviews":0},"product_brand":[],"product_cat":[2067,166],"product_tag":[],"class_list":{"0":"post-136523","1":"product","2":"type-product","3":"status-publish","4":"has-post-thumbnail","6":"product_cat-lubrifiant","7":"product_cat-droguerie","9":"first","10":"instock","11":"taxable","12":"shipping-taxable","13":"purchasable","14":"product-type-simple"},"acf":[],"_links":{"self":[{"href":"https:\/\/poppers-online.ch\/fr\/wp-json\/wp\/v2\/product\/136523","targetHints":{"allow":["GET"]}}],"collection":[{"href":"https:\/\/poppers-online.ch\/fr\/wp-json\/wp\/v2\/product"}],"about":[{"href":"https:\/\/poppers-online.ch\/fr\/wp-json\/wp\/v2\/types\/product"}],"replies":[{"embeddable":true,"href":"https:\/\/poppers-online.ch\/fr\/wp-json\/wp\/v2\/comments?post=136523"}],"wp:featuredmedia":[{"embeddable":true,"href":"https:\/\/poppers-online.ch\/fr\/wp-json\/wp\/v2\/media\/136519"}],"wp:attachment":[{"href":"https:\/\/poppers-online.ch\/fr\/wp-json\/wp\/v2\/media?parent=136523"}],"wp:term":[{"taxonomy":"product_brand","embeddable":true,"href":"https:\/\/poppers-online.ch\/fr\/wp-json\/wp\/v2\/product_brand?post=136523"},{"taxonomy":"product_cat","embeddable":true,"href":"https:\/\/poppers-online.ch\/fr\/wp-json\/wp\/v2\/product_cat?post=136523"},{"taxonomy":"product_tag","embeddable":true,"href":"https:\/\/poppers-online.ch\/fr\/wp-json\/wp\/v2\/product_tag?post=136523"}],"curies":[{"name":"wp","href":"https:\/\/api.w.org\/{rel}","templated":true}]}}