{"id":136511,"date":"2025-11-13T10:10:03","date_gmt":"2025-11-13T09:10:03","guid":{"rendered":"https:\/\/poppers-online.ch\/produkt\/lubrifiant-a-la-silicone-fuck-fist-100-ml\/"},"modified":"2026-02-16T09:16:41","modified_gmt":"2026-02-16T08:16:41","slug":"lubrifiant-a-la-silicone-fuck-fist-100-ml","status":"publish","type":"product","link":"https:\/\/poppers-online.ch\/fr\/produit\/lubrifiant-a-la-silicone-fuck-fist-100-ml\/","title":{"rendered":"Lubrifiant silicone Fuck &amp; Fist 100ml"},"content":{"rendered":"","protected":false},"excerpt":{"rendered":"<p data-start=\"260\" data-end=\"485\">D\u00e9couvrez un plaisir de glisse maximal avec le <strong data-start=\"296\" data-end=\"337\">Fuck &amp; Fist Silicone Lubricant 100ml<\/strong> &#8211; un gel lubrifiant de haute qualit\u00e9 \u00e0 base de silicone avec une texture \u00e9paisse et non collante.<br data-start=\"420\" data-end=\"423\">Id\u00e9al pour am\u00e9liorer sensiblement la lubrification pendant les rapports sexuels.<\/p>\n<p data-start=\"487\" data-end=\"586\">Le gel lubrifiant est compatible avec les pr\u00e9servatifs et assure une lubrification durable, soyeuse et lisse.<\/p>\n<p data-start=\"487\" data-end=\"586\">D\u00e9couvrez d&rsquo;autres <a href=\"https:\/\/poppers-online.ch\/fr\/categorie-de-produit\/droguerie\/lubrifiant\/\">lubrifiants<\/a> dans notre boutique en ligne.<\/p>\n<p data-start=\"588\" data-end=\"636\"><strong data-start=\"588\" data-end=\"608\">Composition :<\/strong> dim\u00e9thiconol, dim\u00e9thicone<\/p>\n<p data-start=\"638\" data-end=\"1206\"><strong data-start=\"638\" data-end=\"682\">Conseils d&rsquo;utilisation et de conservation :<\/strong><br data-start=\"682\" data-end=\"685\">Conservez le produit dans un endroit sec, \u00e0 l&rsquo;abri de la lumi\u00e8re directe.<br data-start=\"761\" data-end=\"764\">Se conserve jusqu&rsquo;\u00e0 12 mois apr\u00e8s ouverture.<br data-start=\"805\" data-end=\"808\">Conservez hors de port\u00e9e des enfants.<br data-start=\"849\" data-end=\"852\">\u00c9vitez tout contact avec les yeux, la peau l\u00e9s\u00e9e ou les plaies.<br data-start=\"909\" data-end=\"912\">En cas d&rsquo;irritation, cessez l&rsquo;utilisation et consultez un m\u00e9decin si n\u00e9cessaire.<br data-start=\"990\" data-end=\"993\">Testez le produit sur une petite zone de peau avant de l&rsquo;utiliser. Ne pas utiliser en cas de rougeurs, d&rsquo;allergies ou d&rsquo;inconfort.<br data-start=\"1102\" data-end=\"1105\">Ce gel lubrifiant n&rsquo;est <strong data-start=\"1125\" data-end=\"1150\">pas un contraceptif<\/strong> et ne contient <strong data-start=\"1163\" data-end=\"1183\">pas de spermicides<\/strong>.<br data-start=\"1184\" data-end=\"1187\">Ne pas avaler. <\/p>\n","protected":false},"featured_media":136506,"comment_status":"open","ping_status":"closed","template":"","meta":{"_acf_changed":false,"iawp_total_views":13,"_glsr_average":0,"_glsr_ranking":0,"_glsr_reviews":0},"product_brand":[],"product_cat":[2067,166],"product_tag":[],"class_list":{"0":"post-136511","1":"product","2":"type-product","3":"status-publish","4":"has-post-thumbnail","6":"product_cat-lubrifiant","7":"product_cat-droguerie","9":"first","10":"instock","11":"taxable","12":"shipping-taxable","13":"purchasable","14":"product-type-simple"},"acf":[],"_links":{"self":[{"href":"https:\/\/poppers-online.ch\/fr\/wp-json\/wp\/v2\/product\/136511","targetHints":{"allow":["GET"]}}],"collection":[{"href":"https:\/\/poppers-online.ch\/fr\/wp-json\/wp\/v2\/product"}],"about":[{"href":"https:\/\/poppers-online.ch\/fr\/wp-json\/wp\/v2\/types\/product"}],"replies":[{"embeddable":true,"href":"https:\/\/poppers-online.ch\/fr\/wp-json\/wp\/v2\/comments?post=136511"}],"wp:featuredmedia":[{"embeddable":true,"href":"https:\/\/poppers-online.ch\/fr\/wp-json\/wp\/v2\/media\/136506"}],"wp:attachment":[{"href":"https:\/\/poppers-online.ch\/fr\/wp-json\/wp\/v2\/media?parent=136511"}],"wp:term":[{"taxonomy":"product_brand","embeddable":true,"href":"https:\/\/poppers-online.ch\/fr\/wp-json\/wp\/v2\/product_brand?post=136511"},{"taxonomy":"product_cat","embeddable":true,"href":"https:\/\/poppers-online.ch\/fr\/wp-json\/wp\/v2\/product_cat?post=136511"},{"taxonomy":"product_tag","embeddable":true,"href":"https:\/\/poppers-online.ch\/fr\/wp-json\/wp\/v2\/product_tag?post=136511"}],"curies":[{"name":"wp","href":"https:\/\/api.w.org\/{rel}","templated":true}]}}