{"id":135795,"date":"2025-11-06T16:11:13","date_gmt":"2025-11-06T15:11:13","guid":{"rendered":"https:\/\/poppers-online.ch\/produkt\/poudre-ff-fuck-and-fist-285g\/"},"modified":"2025-11-07T20:52:16","modified_gmt":"2025-11-07T19:52:16","slug":"poudre-ff-fuck-and-fist-285g","status":"publish","type":"product","link":"https:\/\/poppers-online.ch\/fr\/produit\/poudre-ff-fuck-and-fist-285g\/","title":{"rendered":"Poudre FF Fuck and Fist 285g"},"content":{"rendered":"","protected":false},"excerpt":{"rendered":"<p data-start=\"289\" data-end=\"355\">Pr\u00eat pour un confort de glisse maximal lors de vos sessions les plus intenses ?<\/p>\n<p data-start=\"357\" data-end=\"583\"><strong data-start=\"361\" data-end=\"393\">Fuck and Fist FF Powder 285g<\/strong> est la poudre de fist originale pour les moments intenses. <strong data-start=\"451\" data-end=\"474\">Une<\/strong> seule <strong data-start=\"451\" data-end=\"474\">cuill\u00e8re \u00e0 caf\u00e9 (6 g)<\/strong> suffit pour obtenir <strong data-start=\"482\" data-end=\"492\">500 ml de<\/strong> gel lubrifiant \u00e0 la texture fluide et efficace &#8211; <strong data-start=\"537\" data-end=\"555\">sans odeur<\/strong> et <strong data-start=\"560\" data-end=\"580\">compatible avec le latex<\/strong>.<\/p>\n<p data-start=\"585\" data-end=\"701\">Id\u00e9al pour le fisting, les toys ou les longs jeux o\u00f9 vous voulez avoir un contr\u00f4le absolu sur la consistance et la quantit\u00e9.<\/p>\n<p data-start=\"703\" data-end=\"721\"><strong data-start=\"703\" data-end=\"719\">Pr\u00e9paration :<\/strong><\/p>\n<ol data-start=\"722\" data-end=\"969\">\n<li data-start=\"722\" data-end=\"800\">\n<p data-start=\"725\" data-end=\"800\">M\u00e9langez 6 g de poudre (1 cuill\u00e8re \u00e0 caf\u00e9) avec 250 ml d&rsquo;eau ti\u00e8de bouillie.<\/p>\n<\/li>\n<li data-start=\"801\" data-end=\"847\">\n<p data-start=\"804\" data-end=\"847\">Agiter vigoureusement ou remuer pendant 30 secondes<\/p>\n<\/li>\n<li data-start=\"848\" data-end=\"940\">\n<p data-start=\"851\" data-end=\"940\">Ajoutez 250 ml d&rsquo;eau ti\u00e8de bouillie et m\u00e9langez \u00e0 nouveau pendant 30 secondes.<\/p>\n<\/li>\n<li data-start=\"941\" data-end=\"969\">\n<p data-start=\"944\" data-end=\"969\">Laisser reposer 30 minutes<\/p>\n<\/li>\n<\/ol>\n<p data-start=\"971\" data-end=\"1009\"><strong data-start=\"971\" data-end=\"991\">Composition :<\/strong> oxyde de poly\u00e9thyl\u00e8ne<\/p>\n<p data-start=\"1011\" data-end=\"1040\"><strong data-start=\"1011\" data-end=\"1038\">Remarques sur l&rsquo;utilisation :<\/strong><\/p>\n<ul data-start=\"1041\" data-end=\"1483\">\n<li data-start=\"1041\" data-end=\"1103\">\n<p data-start=\"1043\" data-end=\"1103\">Conserver dans un endroit frais et sec, loin de la chaleur<\/p>\n<\/li>\n<li data-start=\"1104\" data-end=\"1147\">\n<p data-start=\"1106\" data-end=\"1147\">\u00c9viter les fortes variations de temp\u00e9rature<\/p>\n<\/li>\n<li data-start=\"1148\" data-end=\"1208\">\n<p data-start=\"1150\" data-end=\"1208\">A consommer dans les heures suivant le m\u00e9lange<\/p>\n<\/li>\n<li data-start=\"1209\" data-end=\"1269\">\n<p data-start=\"1211\" data-end=\"1269\">\u00c9vitez tout contact avec les yeux, la peau ou les plaies.<\/p>\n<\/li>\n<li data-start=\"1270\" data-end=\"1362\">\n<p data-start=\"1272\" data-end=\"1362\">En cas d&rsquo;irritation, de rougeur ou d&rsquo;intol\u00e9rance, arr\u00eatez l&rsquo;utilisation et consultez un m\u00e9decin.<\/p>\n<\/li>\n<li data-start=\"1363\" data-end=\"1385\">\n<p data-start=\"1365\" data-end=\"1385\">Ne pas avaler<\/p>\n<\/li>\n<li data-start=\"1386\" data-end=\"1437\">\n<p data-start=\"1388\" data-end=\"1437\">Pas de contraceptif, ne contient pas de spermicides<\/p>\n<\/li>\n<li data-start=\"1438\" data-end=\"1483\">\n<p data-start=\"1440\" data-end=\"1483\">Conserver hors de port\u00e9e des enfants<\/p>\n<\/li>\n<\/ul>\n","protected":false},"featured_media":135791,"comment_status":"open","ping_status":"closed","template":"","meta":{"_acf_changed":false,"iawp_total_views":7,"_glsr_average":0,"_glsr_ranking":0,"_glsr_reviews":0},"product_brand":[],"product_cat":[2067,166],"product_tag":[],"class_list":{"0":"post-135795","1":"product","2":"type-product","3":"status-publish","4":"has-post-thumbnail","6":"product_cat-lubrifiant","7":"product_cat-droguerie","9":"first","10":"instock","11":"taxable","12":"shipping-taxable","13":"purchasable","14":"product-type-simple"},"acf":[],"_links":{"self":[{"href":"https:\/\/poppers-online.ch\/fr\/wp-json\/wp\/v2\/product\/135795","targetHints":{"allow":["GET"]}}],"collection":[{"href":"https:\/\/poppers-online.ch\/fr\/wp-json\/wp\/v2\/product"}],"about":[{"href":"https:\/\/poppers-online.ch\/fr\/wp-json\/wp\/v2\/types\/product"}],"replies":[{"embeddable":true,"href":"https:\/\/poppers-online.ch\/fr\/wp-json\/wp\/v2\/comments?post=135795"}],"wp:featuredmedia":[{"embeddable":true,"href":"https:\/\/poppers-online.ch\/fr\/wp-json\/wp\/v2\/media\/135791"}],"wp:attachment":[{"href":"https:\/\/poppers-online.ch\/fr\/wp-json\/wp\/v2\/media?parent=135795"}],"wp:term":[{"taxonomy":"product_brand","embeddable":true,"href":"https:\/\/poppers-online.ch\/fr\/wp-json\/wp\/v2\/product_brand?post=135795"},{"taxonomy":"product_cat","embeddable":true,"href":"https:\/\/poppers-online.ch\/fr\/wp-json\/wp\/v2\/product_cat?post=135795"},{"taxonomy":"product_tag","embeddable":true,"href":"https:\/\/poppers-online.ch\/fr\/wp-json\/wp\/v2\/product_tag?post=135795"}],"curies":[{"name":"wp","href":"https:\/\/api.w.org\/{rel}","templated":true}]}}