{"id":135782,"date":"2025-11-06T15:27:19","date_gmt":"2025-11-06T14:27:19","guid":{"rendered":"https:\/\/poppers-online.ch\/produkt\/fuck-fist-anal-relax-50ml\/"},"modified":"2025-11-07T20:40:05","modified_gmt":"2025-11-07T19:40:05","slug":"fuck-fist-anal-relax-50ml","status":"publish","type":"product","link":"https:\/\/poppers-online.ch\/fr\/produit\/fuck-fist-anal-relax-50ml\/","title":{"rendered":"Spray Fuck &amp; Fist Anal Relax 50ml"},"content":{"rendered":"","protected":false},"excerpt":{"rendered":"<p data-start=\"190\" data-end=\"269\">Vous souhaitez profiter d&rsquo;un plus grand confort et d&rsquo;un plaisir intense lors de la p\u00e9n\u00e9tration anale ?<\/p>\n<p data-start=\"271\" data-end=\"563\">Alors le spray <strong data-start=\"290\" data-end=\"321\">Fuck &amp; Fist Anal Relax 50ml<\/strong> est fait pour vous. Il vous aide \u00e0 d\u00e9tendre en douceur les muscles de la r\u00e9gion anale et \u00e0 rendre la p\u00e9n\u00e9tration plus agr\u00e9able. Avec sa contenance g\u00e9n\u00e9reuse de 50 ml, il offre en outre des possibilit\u00e9s d&rsquo;utilisation particuli\u00e8rement longues.  <\/p>\n<p data-start=\"565\" data-end=\"625\">Le spray est compatible avec tous les jouets et pr\u00e9servatifs.<\/p>\n<p data-start=\"627\" data-end=\"765\"><strong data-start=\"627\" data-end=\"641\">Utilisation :<\/strong><br data-start=\"641\" data-end=\"644\">Vaporisez une ou deux fois sur la zone anale et laissez agir bri\u00e8vement. Utilisez un lubrifiant suppl\u00e9mentaire si n\u00e9cessaire. <\/p>\n<p data-start=\"767\" data-end=\"954\"><strong data-start=\"767\" data-end=\"787\">Avantages du produit :<\/strong><br data-start=\"787\" data-end=\"790\">\u2714 Spray anal relaxant<br data-start=\"816\" data-end=\"819\">\u2714 Effet l\u00e9g\u00e8rement d\u00e9sensibilisant<br data-start=\"855\" data-end=\"858\">\u2714 Peut \u00eatre combin\u00e9 avec tous les lubrifiants<br data-start=\"895\" data-end=\"898\">\u2714 Convient aux pr\u00e9servatifs<br data-start=\"914\" data-end=\"917\">\u2714 Flacon pratique et compact de 50 ml<\/p>\n","protected":false},"featured_media":135778,"comment_status":"open","ping_status":"closed","template":"","meta":{"_acf_changed":false,"iawp_total_views":18,"_glsr_average":0,"_glsr_ranking":0,"_glsr_reviews":0},"product_brand":[],"product_cat":[2070,166],"product_tag":[],"class_list":{"0":"post-135782","1":"product","2":"type-product","3":"status-publish","4":"has-post-thumbnail","6":"product_cat-helpers","7":"product_cat-droguerie","9":"first","10":"instock","11":"taxable","12":"shipping-taxable","13":"purchasable","14":"product-type-simple"},"acf":[],"_links":{"self":[{"href":"https:\/\/poppers-online.ch\/fr\/wp-json\/wp\/v2\/product\/135782","targetHints":{"allow":["GET"]}}],"collection":[{"href":"https:\/\/poppers-online.ch\/fr\/wp-json\/wp\/v2\/product"}],"about":[{"href":"https:\/\/poppers-online.ch\/fr\/wp-json\/wp\/v2\/types\/product"}],"replies":[{"embeddable":true,"href":"https:\/\/poppers-online.ch\/fr\/wp-json\/wp\/v2\/comments?post=135782"}],"wp:featuredmedia":[{"embeddable":true,"href":"https:\/\/poppers-online.ch\/fr\/wp-json\/wp\/v2\/media\/135778"}],"wp:attachment":[{"href":"https:\/\/poppers-online.ch\/fr\/wp-json\/wp\/v2\/media?parent=135782"}],"wp:term":[{"taxonomy":"product_brand","embeddable":true,"href":"https:\/\/poppers-online.ch\/fr\/wp-json\/wp\/v2\/product_brand?post=135782"},{"taxonomy":"product_cat","embeddable":true,"href":"https:\/\/poppers-online.ch\/fr\/wp-json\/wp\/v2\/product_cat?post=135782"},{"taxonomy":"product_tag","embeddable":true,"href":"https:\/\/poppers-online.ch\/fr\/wp-json\/wp\/v2\/product_tag?post=135782"}],"curies":[{"name":"wp","href":"https:\/\/api.w.org\/{rel}","templated":true}]}}