{"id":135754,"date":"2025-11-06T14:04:11","date_gmt":"2025-11-06T13:04:11","guid":{"rendered":"https:\/\/poppers-online.ch\/produkt\/deep-suck-spray-de-gorge-profonde-30ml\/"},"modified":"2025-11-07T20:20:31","modified_gmt":"2025-11-07T19:20:31","slug":"deep-suck-spray-de-gorge-profonde-30ml","status":"publish","type":"product","link":"https:\/\/poppers-online.ch\/fr\/produit\/deep-suck-spray-de-gorge-profonde-30ml\/","title":{"rendered":"Deep Suck Spray de gorge profonde 30ml"},"content":{"rendered":"","protected":false},"excerpt":{"rendered":"<p data-start=\"220\" data-end=\"600\">Le <strong data-start=\"224\" data-end=\"260\">spray Deep Suck Deep Throat 30ml<\/strong> facilite les sessions intenses de deephroat. Gr\u00e2ce aux principes actifs du menthol et du laureth-9, le spray a un effet l\u00e9g\u00e8rement d\u00e9sensibilisant et aide \u00e0 r\u00e9duire le r\u00e9flexe naus\u00e9eux &#8211; id\u00e9al pour les sessions difficiles avec de gros outils.<br data-start=\"470\" data-end=\"473\">Sa texture l\u00e9g\u00e8rement glissante assure \u00e9galement une p\u00e9n\u00e9tration douce et souple et une agr\u00e9able sensation de fra\u00eecheur dans la gorge. <\/p>\n<p data-start=\"602\" data-end=\"674\">En <strong data-start=\"616\" data-end=\"632\">format<\/strong> pratique <strong data-start=\"616\" data-end=\"632\">de 30 ml<\/strong> &#8211; parfait pour la maison ou les d\u00e9placements.<\/p>\n<p data-start=\"676\" data-end=\"825\"><strong data-start=\"676\" data-end=\"690\">Utilisation :<\/strong><br data-start=\"690\" data-end=\"693\">1 \u00e0 3 vaporisations <strong data-start=\"224\" data-end=\"260\">de Deep Suck Deep Throat Spray 30ml<\/strong> dans la gorge suffisent pour obtenir l&rsquo;effet d\u00e9sir\u00e9. L&rsquo;application peut \u00eatre r\u00e9p\u00e9t\u00e9e si n\u00e9cessaire. <\/p>\n<p data-start=\"827\" data-end=\"853\"><strong data-start=\"827\" data-end=\"851\">Mesures de pr\u00e9caution :<\/strong><\/p>\n<ul data-start=\"854\" data-end=\"1186\">\n<li data-start=\"854\" data-end=\"941\">\n<p data-start=\"856\" data-end=\"941\">Effectuer un test cutan\u00e9 au pr\u00e9alable. Ne pas utiliser en cas de rougeurs, d&rsquo;inconfort ou d&rsquo;allergie. <\/p>\n<\/li>\n<li data-start=\"942\" data-end=\"985\">\n<p data-start=\"944\" data-end=\"985\">\u00c9viter tout contact avec les yeux et les blessures.<\/p>\n<\/li>\n<li data-start=\"986\" data-end=\"1025\">\n<p data-start=\"988\" data-end=\"1025\">Ne convient pas comme lubrifiant anal.<\/p>\n<\/li>\n<li data-start=\"1026\" data-end=\"1068\">\n<p data-start=\"1028\" data-end=\"1068\">Conserver hors de port\u00e9e des enfants.<\/p>\n<\/li>\n<li data-start=\"1069\" data-end=\"1128\">\n<p data-start=\"1071\" data-end=\"1128\">Conserver dans un endroit propre et sec, loin de la chaleur.<\/p>\n<\/li>\n<li data-start=\"1129\" data-end=\"1186\">\n<p data-start=\"1131\" data-end=\"1186\">A consommer dans les 12 mois apr\u00e8s ouverture.<\/p>\n<\/li>\n<\/ul>\n<p data-start=\"1188\" data-end=\"1385\"><strong data-start=\"1188\" data-end=\"1206\">Ingr\u00e9dients :<\/strong><br data-start=\"1206\" data-end=\"1209\">Aqua, Glycerin, Laureth-9, PEG-6 Caprylic\/Capric Glycerides, Phenoxyethanol, Ethylhexylglycerin, Menthyl Lactate, Mentha Piperita, Lactic Acid, Panthenol, Limonene, Linalool.<\/p>\n","protected":false},"featured_media":135747,"comment_status":"open","ping_status":"closed","template":"","meta":{"_acf_changed":false,"iawp_total_views":28,"_glsr_average":0,"_glsr_ranking":0,"_glsr_reviews":0},"product_brand":[],"product_cat":[2070,166],"product_tag":[],"class_list":{"0":"post-135754","1":"product","2":"type-product","3":"status-publish","4":"has-post-thumbnail","6":"product_cat-helpers","7":"product_cat-droguerie","9":"first","10":"instock","11":"taxable","12":"shipping-taxable","13":"purchasable","14":"product-type-simple"},"acf":[],"_links":{"self":[{"href":"https:\/\/poppers-online.ch\/fr\/wp-json\/wp\/v2\/product\/135754","targetHints":{"allow":["GET"]}}],"collection":[{"href":"https:\/\/poppers-online.ch\/fr\/wp-json\/wp\/v2\/product"}],"about":[{"href":"https:\/\/poppers-online.ch\/fr\/wp-json\/wp\/v2\/types\/product"}],"replies":[{"embeddable":true,"href":"https:\/\/poppers-online.ch\/fr\/wp-json\/wp\/v2\/comments?post=135754"}],"wp:featuredmedia":[{"embeddable":true,"href":"https:\/\/poppers-online.ch\/fr\/wp-json\/wp\/v2\/media\/135747"}],"wp:attachment":[{"href":"https:\/\/poppers-online.ch\/fr\/wp-json\/wp\/v2\/media?parent=135754"}],"wp:term":[{"taxonomy":"product_brand","embeddable":true,"href":"https:\/\/poppers-online.ch\/fr\/wp-json\/wp\/v2\/product_brand?post=135754"},{"taxonomy":"product_cat","embeddable":true,"href":"https:\/\/poppers-online.ch\/fr\/wp-json\/wp\/v2\/product_cat?post=135754"},{"taxonomy":"product_tag","embeddable":true,"href":"https:\/\/poppers-online.ch\/fr\/wp-json\/wp\/v2\/product_tag?post=135754"}],"curies":[{"name":"wp","href":"https:\/\/api.w.org\/{rel}","templated":true}]}}