{"id":135700,"date":"2025-11-06T11:04:38","date_gmt":"2025-11-06T10:04:38","guid":{"rendered":"https:\/\/poppers-online.ch\/produkt\/douche-anale-fuck-fist-nozzle-13-5cm\/"},"modified":"2025-11-07T20:02:49","modified_gmt":"2025-11-07T19:02:49","slug":"douche-anale-fuck-fist-nozzle-13-5cm","status":"publish","type":"product","link":"https:\/\/poppers-online.ch\/fr\/produit\/douche-anale-fuck-fist-nozzle-13-5cm\/","title":{"rendered":"Douche anale Fuck &amp; Fist Nozzle 13.5cm"},"content":{"rendered":"","protected":false},"excerpt":{"rendered":"<p data-start=\"1220\" data-end=\"1544\">La <strong data-start=\"1224\" data-end=\"1268\">douche anale Fuck &amp; Fist Nozzle 13.5cm<\/strong> est une buse de douche anale de haute qualit\u00e9 pour un nettoyage en profondeur et agr\u00e9able. D&rsquo;une longueur ins\u00e9rable de 13,5 cm et d&rsquo;une largeur de 1,9 cm, elle dispose de plusieurs ouvertures \u00e0 son extr\u00e9mit\u00e9, ce qui permet d&rsquo;obtenir un jet d&rsquo;eau r\u00e9gulier et puissant. <\/p>\n<p data-start=\"1546\" data-end=\"1794\">La surface lisse permet une insertion facile, tandis que le mat\u00e9riau en plastique ABS robuste est synonyme de durabilit\u00e9 et d&rsquo;hygi\u00e8ne. La buse se branche directement sur le tuyau de douche, pour une utilisation simple et rapide. <\/p>\n<p data-start=\"1796\" data-end=\"1814\"><strong data-start=\"1796\" data-end=\"1812\">Dimensions :<\/strong><\/p>\n<ul data-start=\"1815\" data-end=\"1903\">\n<li data-start=\"1815\" data-end=\"1851\">\n<p data-start=\"1817\" data-end=\"1851\">Dimensions totales : 15 \u00d7 2 \u00d7 2 cm<\/p>\n<\/li>\n<li data-start=\"1852\" data-end=\"1884\">\n<p data-start=\"1854\" data-end=\"1884\">Longueur ins\u00e9rable : 13,5 cm<\/p>\n<\/li>\n<li data-start=\"1885\" data-end=\"1903\">\n<p data-start=\"1887\" data-end=\"1903\">Largeur : 1,9 cm<\/p>\n<\/li>\n<\/ul>\n<p data-start=\"1905\" data-end=\"1931\"><strong data-start=\"1905\" data-end=\"1929\">Mesures de pr\u00e9caution :<\/strong><\/p>\n<ul data-start=\"1932\" data-end=\"2246\">\n<li data-start=\"1932\" data-end=\"2000\">\n<p data-start=\"1934\" data-end=\"2000\">Introduire la pointe avec un lubrifiant (\u00e0 base d&rsquo;eau uniquement) si n\u00e9cessaire<\/p>\n<\/li>\n<li data-start=\"2001\" data-end=\"2061\">\n<p data-start=\"2003\" data-end=\"2061\">Effectuer le nettoyage au moins 30 minutes avant le rapport sexuel<\/p>\n<\/li>\n<li data-start=\"2062\" data-end=\"2128\">\n<p data-start=\"2064\" data-end=\"2128\">Utiliser de l&rsquo;eau ti\u00e8de (pas chaude) \u00e0 basse pression<\/p>\n<\/li>\n<li data-start=\"2129\" data-end=\"2246\">\n<p data-start=\"2131\" data-end=\"2246\">Faites couler l&rsquo;eau dans le rectum pendant environ 5 secondes et r\u00e9p\u00e9tez jusqu&rsquo;\u00e0 ce que l&rsquo;eau qui en sort soit claire.<\/p>\n<\/li>\n<\/ul>\n","protected":false},"featured_media":135691,"comment_status":"open","ping_status":"closed","template":"","meta":{"_acf_changed":false,"iawp_total_views":27,"_glsr_average":0,"_glsr_ranking":0,"_glsr_reviews":0},"product_brand":[],"product_cat":[2064,166],"product_tag":[],"class_list":{"0":"post-135700","1":"product","2":"type-product","3":"status-publish","4":"has-post-thumbnail","6":"product_cat-douche-anale","7":"product_cat-droguerie","9":"first","10":"instock","11":"taxable","12":"shipping-taxable","13":"purchasable","14":"product-type-simple"},"acf":[],"_links":{"self":[{"href":"https:\/\/poppers-online.ch\/fr\/wp-json\/wp\/v2\/product\/135700","targetHints":{"allow":["GET"]}}],"collection":[{"href":"https:\/\/poppers-online.ch\/fr\/wp-json\/wp\/v2\/product"}],"about":[{"href":"https:\/\/poppers-online.ch\/fr\/wp-json\/wp\/v2\/types\/product"}],"replies":[{"embeddable":true,"href":"https:\/\/poppers-online.ch\/fr\/wp-json\/wp\/v2\/comments?post=135700"}],"wp:featuredmedia":[{"embeddable":true,"href":"https:\/\/poppers-online.ch\/fr\/wp-json\/wp\/v2\/media\/135691"}],"wp:attachment":[{"href":"https:\/\/poppers-online.ch\/fr\/wp-json\/wp\/v2\/media?parent=135700"}],"wp:term":[{"taxonomy":"product_brand","embeddable":true,"href":"https:\/\/poppers-online.ch\/fr\/wp-json\/wp\/v2\/product_brand?post=135700"},{"taxonomy":"product_cat","embeddable":true,"href":"https:\/\/poppers-online.ch\/fr\/wp-json\/wp\/v2\/product_cat?post=135700"},{"taxonomy":"product_tag","embeddable":true,"href":"https:\/\/poppers-online.ch\/fr\/wp-json\/wp\/v2\/product_tag?post=135700"}],"curies":[{"name":"wp","href":"https:\/\/api.w.org\/{rel}","templated":true}]}}